{"id":2153,"date":"2025-06-27T11:14:56","date_gmt":"2025-06-27T10:14:56","guid":{"rendered":"https:\/\/bpont.shop.hu\/?post_type=product&#038;p=2153"},"modified":"2026-05-05T14:46:16","modified_gmt":"2026-05-05T12:46:16","slug":"lbb1957-00-plena-veszhangositasi-bovito-billentyuzet","status":"publish","type":"product","link":"https:\/\/bpont.hu\/shop\/index.php\/product\/lbb1957-00-plena-veszhangositasi-bovito-billentyuzet\/","title":{"rendered":"LBB1957\/00<br>Plena v\u00e9szhangos\u00edt\u00e1si b\u0151v\u00edt\u0151 billenty\u0171zet"},"content":{"rendered":"<p>LBB1957\/00<\/p>\n<p>A(z) LBB 1957\/00 bemond\u00f3pult billenty\u0171zet egyb\u0151v\u00edtm\u00e9ny a(z) LBB 1956\/00 Plena v\u00e9szhangos\u00edt\u00e1sirendszer bemond\u00f3pulthoz, amely h\u00e9t tov\u00e1bbi z\u00f3nav\u00e1laszt\u00f3 gombbal b\u0151v\u00edti azt.<\/p>\n<p>Ugyanaz a stabil f\u00e9mtalpas kialak\u00edt\u00e1s jellemzi, mint a bemond\u00f3pultot. Azasztali haszn\u00e1lat mellett a speci\u00e1lis kialak\u00edt\u00e1s lehet\u0151v\u00e9 teszi az egys\u00e9g \u00edzl\u00e9ses bes\u00fcllyeszt\u00e9s\u00e9t az asztalokba.<\/p>\n<p>Minden bemond\u00f3pult hat z\u00f3nav\u00e1laszt\u00e1st t\u00e1mogat.<\/p>\n<p>Az egyik billenty\u0171zet csatlakoztat\u00e1s\u00e1val h\u00e9t z\u00f3n\u00e1t, ill. z\u00f3nacsoportot ad hozz\u00e1, amelyek ezut\u00e1n kiv\u00e1laszthat\u00f3k.<\/p>\n<p>Legfeljebb nyolc billenty\u0171zet adhat\u00f3 hozz\u00e1 egy LBB 1956\/00 bemond\u00f3pulthoz.<\/p>\n<p>A billenty\u0171zeten l\u00e9v\u0151 LED-ek jelzik az akt\u00edv z\u00f3n\u00e1kat.<\/p>\n<p>Tulajdons\u00e1gok:<\/p>\n<p>&#8211; H\u00e9t z\u00f3nav\u00e1laszt\u00f3 gomb<\/p>\n<p>&#8211; LED-es visszajelz\u0151k a z\u00f3nav\u00e1laszt\u00e1shoz<\/p>\n<p>&#8211; Legfeljebb nyolc billenty\u0171zet kapcsolhat\u00f3 \u00f6ssze<\/p>\n","protected":false},"excerpt":{"rendered":"<p>Rendel\u00e9si k\u00f3d: F.01U.512.630<\/p>\n","protected":false},"featured_media":2154,"template":"","meta":[],"product_brand":[],"product_cat":[360],"product_tag":[25],"class_list":{"0":"post-2153","1":"product","2":"type-product","3":"status-publish","4":"has-post-thumbnail","6":"product_cat-plena","7":"product_tag-bosch","9":"first","10":"instock","11":"taxable","12":"shipping-taxable","13":"purchasable","14":"product-type-simple"},"jetpack_sharing_enabled":true,"_links":{"self":[{"href":"https:\/\/bpont.hu\/shop\/index.php\/wp-json\/wp\/v2\/product\/2153","targetHints":{"allow":["GET"]}}],"collection":[{"href":"https:\/\/bpont.hu\/shop\/index.php\/wp-json\/wp\/v2\/product"}],"about":[{"href":"https:\/\/bpont.hu\/shop\/index.php\/wp-json\/wp\/v2\/types\/product"}],"version-history":[{"count":5,"href":"https:\/\/bpont.hu\/shop\/index.php\/wp-json\/wp\/v2\/product\/2153\/revisions"}],"predecessor-version":[{"id":7981,"href":"https:\/\/bpont.hu\/shop\/index.php\/wp-json\/wp\/v2\/product\/2153\/revisions\/7981"}],"wp:featuredmedia":[{"embeddable":true,"href":"https:\/\/bpont.hu\/shop\/index.php\/wp-json\/wp\/v2\/media\/2154"}],"wp:attachment":[{"href":"https:\/\/bpont.hu\/shop\/index.php\/wp-json\/wp\/v2\/media?parent=2153"}],"wp:term":[{"taxonomy":"product_brand","embeddable":true,"href":"https:\/\/bpont.hu\/shop\/index.php\/wp-json\/wp\/v2\/product_brand?post=2153"},{"taxonomy":"product_cat","embeddable":true,"href":"https:\/\/bpont.hu\/shop\/index.php\/wp-json\/wp\/v2\/product_cat?post=2153"},{"taxonomy":"product_tag","embeddable":true,"href":"https:\/\/bpont.hu\/shop\/index.php\/wp-json\/wp\/v2\/product_tag?post=2153"}],"curies":[{"name":"wp","href":"https:\/\/api.w.org\/{rel}","templated":true}]}}