{"id":2138,"date":"2025-06-27T11:14:55","date_gmt":"2025-06-27T10:14:55","guid":{"rendered":"https:\/\/bpont.shop.hu\/?post_type=product&#038;p=2138"},"modified":"2026-03-11T16:39:50","modified_gmt":"2026-03-11T14:39:50","slug":"lbb1938-30-480w-os-plena-erosito-8ohm-70-100v-veszhangositas","status":"publish","type":"product","link":"https:\/\/bpont.hu\/shop\/index.php\/product\/lbb1938-30-480w-os-plena-erosito-8ohm-70-100v-veszhangositas\/","title":{"rendered":"LBB1938\/30<br>480W-os Plena Er\u0151s\u00edt\u0151 8OHM\/70\/100V V\u00e9szhangos\u00edt\u00e1s"},"content":{"rendered":"<p>LBB1938\/20<\/p>\n<p>A(z) LBB 1938\/20 egy nagy teljes\u00edtm\u00e9ny\u0171, 480 W-os teljes\u00edtm\u00e9nyer\u0151s\u00edt\u0151 egy 3U magas, 19&#8243;-os h\u00e1zban rack-szekr\u00e9nyes be\u00e9p\u00edt\u00e9shez vagy asztali haszn\u00e1lathoz. Azel\u0151lapon l\u00e9v\u0151 LED-ek az er\u0151s\u00edt\u0151 \u00e1llapot\u00e1t jelzik: teljes\u00edtm\u00e9ny, kimeneti hangszint \u00e9s fel\u00fcgyelt funkci\u00f3k. Ez a nagy teljes\u00edtm\u00e9ny\u0171 egys\u00e9g a hangos\u00edt\u00e1si ig\u00e9nyek sz\u00e9les k\u00f6r\u00e9t kiel\u00e9g\u00edti, m\u00e9gis meglep\u0151en olcs\u00f3.<\/p>\n<p>Az er\u0151s\u00edt\u0151 t\u00falterhel\u00e9s \u00e9s r\u00f6vidz\u00e1rlat elleni v\u00e9delemmel van ell\u00e1tva. Egy h\u0151m\u00e9rs\u00e9klet-vez\u00e9relt ventil\u00e1tor biztos\u00edtja a nagy megb\u00edzhat\u00f3s\u00e1got magasteljes\u00edtm\u00e9nyszinteken \u00e9s az alacsony zajszintet alacsony teljes\u00edtm\u00e9nyszinteken. Egy t\u00falmeleged\u00e9s-elleni v\u00e9delmet szolg\u00e1l\u00f3 \u00e1ramk\u00f6r lekapcsolja a teljes\u00edtm\u00e9nyfokozatot \u00e9s bekapcsol egy LED-et azel\u0151lapon, amennyiben a bels\u0151 h\u0151m\u00e9rs\u00e9klet a nemmegfelel\u0151 szell\u0151z\u00e9s vagy a t\u00falmeleged\u00e9s miatt el\u00e9r egykritikus szintet. Az egys\u00e9g h\u00e1l\u00f3zati fesz\u00fclts\u00e9gr\u0151l \u00e9s v\u00e9szhelyzetben24 V-os tartal\u00e9k akkumul\u00e1torfesz\u00fclts\u00e9gr\u0151l is m\u0171k\u00f6dik; az \u00e1tkapcsol\u00e1s automatikus. V\u00e9szhelyzetben \u00e9s evaku\u00e1l\u00e1s eset\u00e9n az al\u00e1bbifunkci\u00f3kat fel\u00fcgyeli a rendszer: h\u00e1l\u00f3zati t\u00e1pell\u00e1t\u00e1sjelenl\u00e9te, akkumul\u00e1tor jelenl\u00e9te, el\u0151vez\u00e9relt hangjelenl\u00e9te, er\u0151s\u00edt\u0151 m\u0171k\u00f6d\u00e9se. Az el\u0151lapon l\u00e9v\u0151 LED-ek jelzik a fel\u00fcgyelt funkci\u00f3k \u00e1llapot\u00e1t. Az el\u0151vez\u00e9relt hangfel\u00fcgyelethez \u00e9s az akkumul\u00e1tor \u00e1llapot\u00e1hoz tartoz\u00f3 LED-ek \u00e1ltal\u00e1nos hangos\u00edt\u00e1si alkalmaz\u00e1sokeset\u00e9n kikapcsolhat\u00f3k. Hibabiztos (norm\u00e1l esetben gerjesztett) rel\u00e9k tartoznak az egyes fel\u00fcgyeltfunkci\u00f3khoz. Ezek a rel\u00e9k a h\u00e1tlapon l\u00e9v\u0151 kapcsol\u00f3kt\u00f3l f\u00fcggetlen\u00fcl mindig akt\u00edvak.<\/p>\n<p>Az egys\u00e9g h\u00e1l\u00f3zati fesz\u00fclts\u00e9gr\u0151l \u00e9s v\u00e9szhelyzetben24 V-os tartal\u00e9k akkumul\u00e1torfesz\u00fclts\u00e9gr\u0151l is m\u0171k\u00f6dik, az \u00e1tkapcsol\u00e1s automatikus.<\/p>\n<p>Tulajdons\u00e1gok:<\/p>\n<p>&#8211; 240 W-os teljes\u00edtm\u00e9nyer\u0151s\u00edt\u0151 egy 2U magas h\u00e1zbabe\u00e9p\u00edtve<\/p>\n<p>&#8211; EN 54-16 tan\u00fas\u00edtv\u00e1nnyal rendelkezik<\/p>\n<p>&#8211; 70 V \/ 100 V \u00e9s 8 Ohm kimenetek<\/p>\n<p>&#8211; Kett\u0151s bemenetek priorit\u00e1skapcsol\u00e1si funkci\u00f3val<\/p>\n<p>&#8211; 100 V bemenet szolga \u00fczemm\u00f3dhoz 100 V-oshangsz\u00f3r\u00f3vonalon<\/p>\n<p>&#8211; V\u00e9szhangos\u00edt\u00e1si rendszerben haszn\u00e1lhat\u00f3 (EVAC)<\/p>\n","protected":false},"excerpt":{"rendered":"<p>Rendel\u00e9si k\u00f3d: F.01U.332.585<\/p>\n","protected":false},"featured_media":2139,"template":"","meta":[],"product_brand":[],"product_cat":[360],"product_tag":[25],"class_list":{"0":"post-2138","1":"product","2":"type-product","3":"status-publish","4":"has-post-thumbnail","6":"product_cat-plena","7":"product_tag-bosch","9":"first","10":"instock","11":"taxable","12":"shipping-taxable","13":"purchasable","14":"product-type-simple"},"jetpack_sharing_enabled":true,"_links":{"self":[{"href":"https:\/\/bpont.hu\/shop\/index.php\/wp-json\/wp\/v2\/product\/2138","targetHints":{"allow":["GET"]}}],"collection":[{"href":"https:\/\/bpont.hu\/shop\/index.php\/wp-json\/wp\/v2\/product"}],"about":[{"href":"https:\/\/bpont.hu\/shop\/index.php\/wp-json\/wp\/v2\/types\/product"}],"version-history":[{"count":5,"href":"https:\/\/bpont.hu\/shop\/index.php\/wp-json\/wp\/v2\/product\/2138\/revisions"}],"predecessor-version":[{"id":7976,"href":"https:\/\/bpont.hu\/shop\/index.php\/wp-json\/wp\/v2\/product\/2138\/revisions\/7976"}],"wp:featuredmedia":[{"embeddable":true,"href":"https:\/\/bpont.hu\/shop\/index.php\/wp-json\/wp\/v2\/media\/2139"}],"wp:attachment":[{"href":"https:\/\/bpont.hu\/shop\/index.php\/wp-json\/wp\/v2\/media?parent=2138"}],"wp:term":[{"taxonomy":"product_brand","embeddable":true,"href":"https:\/\/bpont.hu\/shop\/index.php\/wp-json\/wp\/v2\/product_brand?post=2138"},{"taxonomy":"product_cat","embeddable":true,"href":"https:\/\/bpont.hu\/shop\/index.php\/wp-json\/wp\/v2\/product_cat?post=2138"},{"taxonomy":"product_tag","embeddable":true,"href":"https:\/\/bpont.hu\/shop\/index.php\/wp-json\/wp\/v2\/product_tag?post=2138"}],"curies":[{"name":"wp","href":"https:\/\/api.w.org\/{rel}","templated":true}]}}