{"id":2124,"date":"2025-06-27T11:14:53","date_gmt":"2025-06-27T10:14:53","guid":{"rendered":"https:\/\/bpont.shop.hu\/?post_type=product&#038;p=2124"},"modified":"2026-05-05T14:46:16","modified_gmt":"2026-05-05T12:46:16","slug":"lbc3090-01-mennyezeti-hangszoro-6w-abs-100v-6","status":"publish","type":"product","link":"https:\/\/bpont.hu\/shop\/index.php\/product\/lbc3090-01-mennyezeti-hangszoro-6w-abs-100v-6\/","title":{"rendered":"LBC3090\/01<br>Mennyezeti hangsz\u00f3r\u00f3 6W ABS 100V 6&#8243;"},"content":{"rendered":"<p>LBC3090\/01<br \/>\nAz LBC 3090\/01 egy gazdas\u00e1gos, s\u00fcllyesztett szerel\u00e9s\u0171 mennyezeti hangsz\u00f3r\u00f3 \u00e1ltal\u00e1nos c\u00e9l\u00fa alkalmaz\u00e1sokhoz.<\/p>\n<p>Ez egy teljes tartom\u00e1nyt lefed\u0151 hangsz\u00f3r\u00f3, amely besz\u00e9d \u00e9s zene visszaad\u00e1s\u00e1ra alkalmas \u00fczletekben, \u00e1ruh\u00e1zakban, iskol\u00e1kban, irod\u00e1kban, sportcsarnokokban, sz\u00e1llod\u00e1kban \u00e9s \u00e9ttermekben.<\/p>\n<p>Az LBC 3090\/01 egy egy darabb\u00f3l \u00e1ll\u00f3, 6 W-os, k\u00e9tt\u00f6lcs\u00e9res hangsz\u00f3r\u00f3t tartalmaz. Az el\u0151lap egys\u00e9g m\u00f6g\u00e9 egy 100 V-os, megfelel\u0151 transzform\u00e1tor van szerelve. A pr\u00e9selt m\u0171anyag el\u0151lap a hangsz\u00f3r\u00f3 f\u00e9m keret\u00e9re van szerelve, \u00e9s egy porv\u00e9d\u0151 fed\u00e9l v\u00e9di a h\u00e1tulj\u00e1t. Megjelen\u00e9se \u00e9s sz\u00edne minden bels\u0151 t\u00e9rben felt\u0171n\u00e9smentes.<\/p>\n<p>Tulajdons\u00e1gok:<\/p>\n<p>&#8211; Alkalmas besz\u00e9d \u00e9s zene visszaad\u00e1s\u00e1ra<\/p>\n<p>&#8211; S\u00fcllyesztett szerel\u00e9s mennyezeti \u00fcregekbe<\/p>\n<p>&#8211; Egyszer\u0171en telep\u00edthet\u0151<\/p>\n<p>&#8211; Porv\u00e9d\u0151 fed\u00e9l<\/p>\n","protected":false},"excerpt":{"rendered":"<p>Rendel\u00e9si k\u00f3d: F.01U.505.989<\/p>\n","protected":false},"featured_media":2125,"template":"","meta":[],"product_brand":[],"product_cat":[357],"product_tag":[25],"class_list":{"0":"post-2124","1":"product","2":"type-product","3":"status-publish","4":"has-post-thumbnail","6":"product_cat-mennyezeti-hangszoro","7":"product_tag-bosch","9":"first","10":"instock","11":"taxable","12":"shipping-taxable","13":"purchasable","14":"product-type-simple"},"jetpack_sharing_enabled":true,"_links":{"self":[{"href":"https:\/\/bpont.hu\/shop\/index.php\/wp-json\/wp\/v2\/product\/2124","targetHints":{"allow":["GET"]}}],"collection":[{"href":"https:\/\/bpont.hu\/shop\/index.php\/wp-json\/wp\/v2\/product"}],"about":[{"href":"https:\/\/bpont.hu\/shop\/index.php\/wp-json\/wp\/v2\/types\/product"}],"version-history":[{"count":5,"href":"https:\/\/bpont.hu\/shop\/index.php\/wp-json\/wp\/v2\/product\/2124\/revisions"}],"predecessor-version":[{"id":7971,"href":"https:\/\/bpont.hu\/shop\/index.php\/wp-json\/wp\/v2\/product\/2124\/revisions\/7971"}],"wp:featuredmedia":[{"embeddable":true,"href":"https:\/\/bpont.hu\/shop\/index.php\/wp-json\/wp\/v2\/media\/2125"}],"wp:attachment":[{"href":"https:\/\/bpont.hu\/shop\/index.php\/wp-json\/wp\/v2\/media?parent=2124"}],"wp:term":[{"taxonomy":"product_brand","embeddable":true,"href":"https:\/\/bpont.hu\/shop\/index.php\/wp-json\/wp\/v2\/product_brand?post=2124"},{"taxonomy":"product_cat","embeddable":true,"href":"https:\/\/bpont.hu\/shop\/index.php\/wp-json\/wp\/v2\/product_cat?post=2124"},{"taxonomy":"product_tag","embeddable":true,"href":"https:\/\/bpont.hu\/shop\/index.php\/wp-json\/wp\/v2\/product_tag?post=2124"}],"curies":[{"name":"wp","href":"https:\/\/api.w.org\/{rel}","templated":true}]}}