{"id":2115,"date":"2025-06-27T11:14:52","date_gmt":"2025-06-27T10:14:52","guid":{"rendered":"https:\/\/bpont.shop.hu\/?post_type=product&#038;p=2115"},"modified":"2026-05-05T14:46:16","modified_gmt":"2026-05-05T12:46:16","slug":"lhm0606-10-mennyezeti-fem-hangszoro-szerelesi-rogzito-fulekkel-6w-100v-6","status":"publish","type":"product","link":"https:\/\/bpont.hu\/shop\/index.php\/product\/lhm0606-10-mennyezeti-fem-hangszoro-szerelesi-rogzito-fulekkel-6w-100v-6\/","title":{"rendered":"LHM0606\/10<br>Mennyezeti F\u00e9m hangsz\u00f3r\u00f3 szerel\u00e9si r\u00f6gz\u00edt\u0151-f\u00fclekkel 6W 100V 6&#8243;"},"content":{"rendered":"<p>LHM0606\/10<\/p>\n","protected":false},"excerpt":{"rendered":"<p>Rendel\u00e9si k\u00f3d: F.01U.513.891<\/p>\n","protected":false},"featured_media":2116,"template":"","meta":[],"product_brand":[],"product_cat":[357],"product_tag":[25],"class_list":{"0":"post-2115","1":"product","2":"type-product","3":"status-publish","4":"has-post-thumbnail","6":"product_cat-mennyezeti-hangszoro","7":"product_tag-bosch","9":"first","10":"instock","11":"taxable","12":"shipping-taxable","13":"purchasable","14":"product-type-simple"},"jetpack_sharing_enabled":true,"_links":{"self":[{"href":"https:\/\/bpont.hu\/shop\/index.php\/wp-json\/wp\/v2\/product\/2115","targetHints":{"allow":["GET"]}}],"collection":[{"href":"https:\/\/bpont.hu\/shop\/index.php\/wp-json\/wp\/v2\/product"}],"about":[{"href":"https:\/\/bpont.hu\/shop\/index.php\/wp-json\/wp\/v2\/types\/product"}],"version-history":[{"count":5,"href":"https:\/\/bpont.hu\/shop\/index.php\/wp-json\/wp\/v2\/product\/2115\/revisions"}],"predecessor-version":[{"id":7968,"href":"https:\/\/bpont.hu\/shop\/index.php\/wp-json\/wp\/v2\/product\/2115\/revisions\/7968"}],"wp:featuredmedia":[{"embeddable":true,"href":"https:\/\/bpont.hu\/shop\/index.php\/wp-json\/wp\/v2\/media\/2116"}],"wp:attachment":[{"href":"https:\/\/bpont.hu\/shop\/index.php\/wp-json\/wp\/v2\/media?parent=2115"}],"wp:term":[{"taxonomy":"product_brand","embeddable":true,"href":"https:\/\/bpont.hu\/shop\/index.php\/wp-json\/wp\/v2\/product_brand?post=2115"},{"taxonomy":"product_cat","embeddable":true,"href":"https:\/\/bpont.hu\/shop\/index.php\/wp-json\/wp\/v2\/product_cat?post=2115"},{"taxonomy":"product_tag","embeddable":true,"href":"https:\/\/bpont.hu\/shop\/index.php\/wp-json\/wp\/v2\/product_tag?post=2115"}],"curies":[{"name":"wp","href":"https:\/\/api.w.org\/{rel}","templated":true}]}}