{"id":2079,"date":"2025-06-27T11:14:48","date_gmt":"2025-06-27T10:14:48","guid":{"rendered":"https:\/\/bpont.shop.hu\/?post_type=product&#038;p=2079"},"modified":"2026-05-05T14:46:15","modified_gmt":"2026-05-05T12:46:15","slug":"lc5-cbb-hatoldali-szerelodoboz-lc5-hangszorohoz","status":"publish","type":"product","link":"https:\/\/bpont.hu\/shop\/index.php\/product\/lc5-cbb-hatoldali-szerelodoboz-lc5-hangszorohoz\/","title":{"rendered":"LC5-CBB<br>H\u00e1toldali szerel\u0151doboz LC5 hangsz\u00f3r\u00f3hoz"},"content":{"rendered":"<p>LC5-CBB<\/p>\n","protected":false},"excerpt":{"rendered":"<p>Rendel\u00e9si k\u00f3d: F.01U.282.354<\/p>\n","protected":false},"featured_media":2080,"template":"","meta":[],"product_brand":[],"product_cat":[357],"product_tag":[25],"class_list":{"0":"post-2079","1":"product","2":"type-product","3":"status-publish","4":"has-post-thumbnail","6":"product_cat-mennyezeti-hangszoro","7":"product_tag-bosch","9":"first","10":"instock","11":"taxable","12":"shipping-taxable","13":"purchasable","14":"product-type-simple"},"jetpack_sharing_enabled":true,"_links":{"self":[{"href":"https:\/\/bpont.hu\/shop\/index.php\/wp-json\/wp\/v2\/product\/2079","targetHints":{"allow":["GET"]}}],"collection":[{"href":"https:\/\/bpont.hu\/shop\/index.php\/wp-json\/wp\/v2\/product"}],"about":[{"href":"https:\/\/bpont.hu\/shop\/index.php\/wp-json\/wp\/v2\/types\/product"}],"version-history":[{"count":5,"href":"https:\/\/bpont.hu\/shop\/index.php\/wp-json\/wp\/v2\/product\/2079\/revisions"}],"predecessor-version":[{"id":7956,"href":"https:\/\/bpont.hu\/shop\/index.php\/wp-json\/wp\/v2\/product\/2079\/revisions\/7956"}],"wp:featuredmedia":[{"embeddable":true,"href":"https:\/\/bpont.hu\/shop\/index.php\/wp-json\/wp\/v2\/media\/2080"}],"wp:attachment":[{"href":"https:\/\/bpont.hu\/shop\/index.php\/wp-json\/wp\/v2\/media?parent=2079"}],"wp:term":[{"taxonomy":"product_brand","embeddable":true,"href":"https:\/\/bpont.hu\/shop\/index.php\/wp-json\/wp\/v2\/product_brand?post=2079"},{"taxonomy":"product_cat","embeddable":true,"href":"https:\/\/bpont.hu\/shop\/index.php\/wp-json\/wp\/v2\/product_cat?post=2079"},{"taxonomy":"product_tag","embeddable":true,"href":"https:\/\/bpont.hu\/shop\/index.php\/wp-json\/wp\/v2\/product_tag?post=2079"}],"curies":[{"name":"wp","href":"https:\/\/api.w.org\/{rel}","templated":true}]}}