{"id":2072,"date":"2025-06-27T11:14:46","date_gmt":"2025-06-27T10:14:46","guid":{"rendered":"https:\/\/bpont.shop.hu\/?post_type=product&#038;p=2072"},"modified":"2026-05-05T14:46:15","modified_gmt":"2026-05-05T12:46:15","slug":"lc4-uc06e-mennyezeti-hangszoro-coscone-meghajtoval-hang-veszhang-absmet-6w-100v-8-en54-24","status":"publish","type":"product","link":"https:\/\/bpont.hu\/shop\/index.php\/product\/lc4-uc06e-mennyezeti-hangszoro-coscone-meghajtoval-hang-veszhang-absmet-6w-100v-8-en54-24\/","title":{"rendered":"LC4-UC06E<br>Mennyezeti hangsz\u00f3r\u00f3 CosCone meghajt\u00f3val Hang-\/V\u00e9szhang. ABS&#038;Met. 6W 100V 8&#8243; EN54-24"},"content":{"rendered":"<p>LC4-UC06E<br \/>\nAz LC4 mennyezeti hangsz\u00f3r\u00f3csal\u00e1d a legk\u00fcl\u00f6nf\u00e9l\u00e9bb mennyezett\u00edpusokhoz haszn\u00e1lhat\u00f3. Belt\u00e9ri hangos\u00edt\u00f3 alkalmaz\u00e1sokn\u00e1l kit\u0171n\u0151 min\u0151s\u00e9g\u0171 besz\u00e9det \u00e9s zen\u00e9t sug\u00e1roznak. A hangsz\u00f3r\u00f3csal\u00e1d \u00e1ltal haszn\u00e1lt \u00faj CosCone meghajt\u00f3 technol\u00f3gia garant\u00e1lja a kiemelked\u0151 hangmin\u0151s\u00e9get kis m\u00e9ret\u0171 eszk\u00f6z eset\u00e9n is. Sz\u00e9less\u00e1v\u00fa \u00e9s egyenletes frekvenciasug\u00e1rz\u00e1st biztos\u00edt minden okt\u00e1von, \u00e9s kik\u00fcsz\u00f6b\u00f6li a nagyfrekvenci\u00e1s torz\u00edt\u00e1st. Egy adott ter\u00fclet lefed\u00e9s\u00e9hez kevesebb hangsz\u00f3r\u00f3 sz\u00fcks\u00e9ges, \u00e9s nincs t\u00f6bb\u00e9 az \u00e9szrevehet\u0151 \u201ehalkul\u00e1s\u201d, amikor a hallgat\u00f3 elt\u00e1volodik a hangsz\u00f3r\u00f3t\u00f3l.<br \/>\nAz LC4\u2011UCxxE mennyezeti hangsz\u00f3r\u00f3 k\u00f6nny\u0171 \u00e9s kompakt kialak\u00edt\u00e1s\u00fa, felt\u0171n\u00e9smentes, semleges el\u00fcls\u0151 r\u00e1ccsal ell\u00e1tott. A term\u00e9kcsal\u00e1d h\u00e1rom hangsz\u00f3r\u00f3t k\u00edn\u00e1l a bemeneti teljes\u00edtm\u00e9nyt\u0151l f\u00fcgg\u0151en: 6 W, 12 W \u00e9s 24 W, azonos sz\u00e9less\u00e9g\u0171 ny\u00edl\u00e1ssz\u00f6ggel sz\u00e9less\u00e1v\u00fa \u00e9s egyenletes frekvenciasug\u00e1rz\u00e1st biztos\u00edtva a fontosabb okt\u00e1vokon, a besz\u00e9d\u00e9rthet\u0151s\u00e9g \u00e9s a tiszta hangz\u00e1s\u00fa zene \u00e9rdek\u00e9ben. Az LC4 csal\u00e1d a h\u00e1ts\u00f3 szerel\u0151dobozzal \u00e9s f\u00e9mb\u0151l k\u00e9sz\u00fclt firedome burkolattal ell\u00e1tott.<br \/>\nTulajdons\u00e1gok:<br \/>\n&#8211; Innovat\u00edv CosCone teljess\u00e1v\u00fa meghajt\u00f3<br \/>\n&#8211; Kiv\u00e1l\u00f3 min\u0151s\u00e9g\u0171 besz\u00e9d- \u00e9s zenevisszaad\u00e1s<br \/>\n&#8211; Egyed\u00fcl\u00e1ll\u00f3 ny\u00edl\u00e1ssz\u00f6g minden frekvencia okt\u00e1vhoz<br \/>\n&#8211; Festhet\u0151 r\u00e1cs<br \/>\n&#8211; EN 54\u201124, UL2043, UL1480 tan\u00fas\u00edtv\u00e1nyokkal rendelkezik<br \/>\n&#8211; V\u00e9szhangos\u00edt\u00e1si rendszerben haszn\u00e1lhat\u00f3<\/p>\n","protected":false},"excerpt":{"rendered":"<p>Rendel\u00e9si k\u00f3d: F.01U.217.140<\/p>\n","protected":false},"featured_media":2073,"template":"","meta":[],"product_brand":[],"product_cat":[357],"product_tag":[25],"class_list":{"0":"post-2072","1":"product","2":"type-product","3":"status-publish","4":"has-post-thumbnail","6":"product_cat-mennyezeti-hangszoro","7":"product_tag-bosch","9":"first","10":"instock","11":"taxable","12":"shipping-taxable","13":"purchasable","14":"product-type-simple"},"jetpack_sharing_enabled":true,"_links":{"self":[{"href":"https:\/\/bpont.hu\/shop\/index.php\/wp-json\/wp\/v2\/product\/2072","targetHints":{"allow":["GET"]}}],"collection":[{"href":"https:\/\/bpont.hu\/shop\/index.php\/wp-json\/wp\/v2\/product"}],"about":[{"href":"https:\/\/bpont.hu\/shop\/index.php\/wp-json\/wp\/v2\/types\/product"}],"version-history":[{"count":5,"href":"https:\/\/bpont.hu\/shop\/index.php\/wp-json\/wp\/v2\/product\/2072\/revisions"}],"predecessor-version":[{"id":7953,"href":"https:\/\/bpont.hu\/shop\/index.php\/wp-json\/wp\/v2\/product\/2072\/revisions\/7953"}],"wp:featuredmedia":[{"embeddable":true,"href":"https:\/\/bpont.hu\/shop\/index.php\/wp-json\/wp\/v2\/media\/2073"}],"wp:attachment":[{"href":"https:\/\/bpont.hu\/shop\/index.php\/wp-json\/wp\/v2\/media?parent=2072"}],"wp:term":[{"taxonomy":"product_brand","embeddable":true,"href":"https:\/\/bpont.hu\/shop\/index.php\/wp-json\/wp\/v2\/product_brand?post=2072"},{"taxonomy":"product_cat","embeddable":true,"href":"https:\/\/bpont.hu\/shop\/index.php\/wp-json\/wp\/v2\/product_cat?post=2072"},{"taxonomy":"product_tag","embeddable":true,"href":"https:\/\/bpont.hu\/shop\/index.php\/wp-json\/wp\/v2\/product_tag?post=2072"}],"curies":[{"name":"wp","href":"https:\/\/api.w.org\/{rel}","templated":true}]}}