{"id":2069,"date":"2025-06-27T11:14:46","date_gmt":"2025-06-27T10:14:46","guid":{"rendered":"https:\/\/bpont.shop.hu\/?post_type=product&#038;p=2069"},"modified":"2026-05-05T14:46:15","modified_gmt":"2026-05-05T12:46:15","slug":"lc4-mfd-fem-hatoldali-szerelodoboz-lc4-hangszorokhoz-keramia-csatlakozokkal-en54-24","status":"publish","type":"product","link":"https:\/\/bpont.hu\/shop\/index.php\/product\/lc4-mfd-fem-hatoldali-szerelodoboz-lc4-hangszorokhoz-keramia-csatlakozokkal-en54-24\/","title":{"rendered":"LC4-MFD<br>F\u00e9m H\u00e1toldali szerel\u0151doboz LC4 hangsz\u00f3r\u00f3khoz ker\u00e1mia csatlakoz\u00f3kkal EN54-24"},"content":{"rendered":"<p>LC4-MFD<br \/>\nF\u00e9m t\u0171zbura az LC4 mennyezeti hangsz\u00f3r\u00f3khoz, k\u00e1bel\u00e1thurkol\u00e1si funkci\u00f3val \u00e9s ker\u00e1mia csatlakoz\u00f3val rendelkez\u0151, EN54-24 tan\u00fas\u00edtv\u00e1nnyal<br \/>\nt\u0171zpiros RAL 3000.<\/p>\n","protected":false},"excerpt":{"rendered":"<p>Rendel\u00e9si k\u00f3d: F.01U.217.144<\/p>\n","protected":false},"featured_media":2070,"template":"","meta":[],"product_brand":[],"product_cat":[357],"product_tag":[25],"class_list":{"0":"post-2069","1":"product","2":"type-product","3":"status-publish","4":"has-post-thumbnail","6":"product_cat-mennyezeti-hangszoro","7":"product_tag-bosch","9":"first","10":"instock","11":"taxable","12":"shipping-taxable","13":"purchasable","14":"product-type-simple"},"jetpack_sharing_enabled":true,"_links":{"self":[{"href":"https:\/\/bpont.hu\/shop\/index.php\/wp-json\/wp\/v2\/product\/2069","targetHints":{"allow":["GET"]}}],"collection":[{"href":"https:\/\/bpont.hu\/shop\/index.php\/wp-json\/wp\/v2\/product"}],"about":[{"href":"https:\/\/bpont.hu\/shop\/index.php\/wp-json\/wp\/v2\/types\/product"}],"version-history":[{"count":5,"href":"https:\/\/bpont.hu\/shop\/index.php\/wp-json\/wp\/v2\/product\/2069\/revisions"}],"predecessor-version":[{"id":7952,"href":"https:\/\/bpont.hu\/shop\/index.php\/wp-json\/wp\/v2\/product\/2069\/revisions\/7952"}],"wp:featuredmedia":[{"embeddable":true,"href":"https:\/\/bpont.hu\/shop\/index.php\/wp-json\/wp\/v2\/media\/2070"}],"wp:attachment":[{"href":"https:\/\/bpont.hu\/shop\/index.php\/wp-json\/wp\/v2\/media?parent=2069"}],"wp:term":[{"taxonomy":"product_brand","embeddable":true,"href":"https:\/\/bpont.hu\/shop\/index.php\/wp-json\/wp\/v2\/product_brand?post=2069"},{"taxonomy":"product_cat","embeddable":true,"href":"https:\/\/bpont.hu\/shop\/index.php\/wp-json\/wp\/v2\/product_cat?post=2069"},{"taxonomy":"product_tag","embeddable":true,"href":"https:\/\/bpont.hu\/shop\/index.php\/wp-json\/wp\/v2\/product_tag?post=2069"}],"curies":[{"name":"wp","href":"https:\/\/api.w.org\/{rel}","templated":true}]}}