{"id":2059,"date":"2025-06-27T11:14:45","date_gmt":"2025-06-27T10:14:45","guid":{"rendered":"https:\/\/bpont.shop.hu\/?post_type=product&#038;p=2059"},"modified":"2026-05-05T14:46:15","modified_gmt":"2026-05-05T12:46:15","slug":"lc3-uc06-mennyezeti-hangszoro-abs-6w-100v-7","status":"publish","type":"product","link":"https:\/\/bpont.hu\/shop\/index.php\/product\/lc3-uc06-mennyezeti-hangszoro-abs-6w-100v-7\/","title":{"rendered":"LC3-UC06<br>Mennyezeti hangsz\u00f3r\u00f3 ABS 6W 100V 7&#8243;"},"content":{"rendered":"<p>LC3-UC06<br \/>\nAz LC3\u2011UC06 egy \u00e1ltal\u00e1nos c\u00e9l\u00fa, gazdas\u00e1gos 6 W teljes\u00edtm\u00e9ny\u0171 mennyezeti hangsz\u00f3r\u00f3, amely 100 V jelfesz\u00fclts\u00e9g\u0171 csatlakoz\u00e1sra alkalmas 6, 3 \u00e9s 1,5 wattos teljes\u00edtm\u00e9ny \u00e9rt\u00e9kben.<br \/>\nAZ LC3\u2011UC06\u2011LZ egy kis-impedanci\u00e1s (4 Ohmos) mennyezeti hangsz\u00f3r\u00f3, amelyet k\u00f6zvetlen\u00fcl, kisimpedanci\u00e1s er\u0151s\u00edt\u0151 kimenethez lehet csatlakoztatni..<br \/>\nA v\u00e1laszthat\u00f3 LC3\u2011CBB h\u00e1ts\u00f3 szerel\u0151doboz teljes eg\u00e9sz\u00e9ben megv\u00e9di a hangsz\u00f3r\u00f3t a port\u00f3l, lees\u0151 t\u00e1rgyakt\u00f3l, \u00e9s megakad\u00e1lyozza, hogy a hang a mennyezeti \u00fcregeken kereszt\u00fcl tov\u00e1bbterjedjen a szomsz\u00e9dos ter\u00fcletekre.<br \/>\nA hangsz\u00f3r\u00f3 kerete, v\u00e9d\u0151r\u00e1csa \u00e9s h\u00e1ts\u00f3 szerel\u0151doboza UL 94V0 szerinti \u00f6nelolt\u00f3 ABS-b\u0151l k\u00e9sz\u00fcl.<br \/>\nTulajdons\u00e1gok:<br \/>\n&#8211; Alkalmas besz\u00e9d \u00e9s zene visszaad\u00e1s\u00e1ra.<br \/>\n&#8211; K\u00f6nny\u0171 szerkezet\u0171 ABS anyag<br \/>\n&#8211; Egyszer\u0171en szerelhet\u0151<br \/>\n&#8211; V\u00e1laszthat\u00f3 h\u00e1ts\u00f3 szerel\u0151doboz<br \/>\n&#8211; Felt\u0171n\u00e9smentes kivitel<\/p>\n","protected":false},"excerpt":{"rendered":"<p>Rendel\u00e9si k\u00f3d: F.01U.218.843<\/p>\n","protected":false},"featured_media":2060,"template":"","meta":[],"product_brand":[],"product_cat":[357],"product_tag":[25],"class_list":{"0":"post-2059","1":"product","2":"type-product","3":"status-publish","4":"has-post-thumbnail","6":"product_cat-mennyezeti-hangszoro","7":"product_tag-bosch","9":"first","10":"instock","11":"taxable","12":"shipping-taxable","13":"purchasable","14":"product-type-simple"},"jetpack_sharing_enabled":true,"_links":{"self":[{"href":"https:\/\/bpont.hu\/shop\/index.php\/wp-json\/wp\/v2\/product\/2059","targetHints":{"allow":["GET"]}}],"collection":[{"href":"https:\/\/bpont.hu\/shop\/index.php\/wp-json\/wp\/v2\/product"}],"about":[{"href":"https:\/\/bpont.hu\/shop\/index.php\/wp-json\/wp\/v2\/types\/product"}],"version-history":[{"count":5,"href":"https:\/\/bpont.hu\/shop\/index.php\/wp-json\/wp\/v2\/product\/2059\/revisions"}],"predecessor-version":[{"id":7948,"href":"https:\/\/bpont.hu\/shop\/index.php\/wp-json\/wp\/v2\/product\/2059\/revisions\/7948"}],"wp:featuredmedia":[{"embeddable":true,"href":"https:\/\/bpont.hu\/shop\/index.php\/wp-json\/wp\/v2\/media\/2060"}],"wp:attachment":[{"href":"https:\/\/bpont.hu\/shop\/index.php\/wp-json\/wp\/v2\/media?parent=2059"}],"wp:term":[{"taxonomy":"product_brand","embeddable":true,"href":"https:\/\/bpont.hu\/shop\/index.php\/wp-json\/wp\/v2\/product_brand?post=2059"},{"taxonomy":"product_cat","embeddable":true,"href":"https:\/\/bpont.hu\/shop\/index.php\/wp-json\/wp\/v2\/product_cat?post=2059"},{"taxonomy":"product_tag","embeddable":true,"href":"https:\/\/bpont.hu\/shop\/index.php\/wp-json\/wp\/v2\/product_tag?post=2059"}],"curies":[{"name":"wp","href":"https:\/\/api.w.org\/{rel}","templated":true}]}}