{"id":2047,"date":"2025-06-27T11:14:44","date_gmt":"2025-06-27T10:14:44","guid":{"rendered":"https:\/\/bpont.shop.hu\/?post_type=product&#038;p=2047"},"modified":"2026-05-05T14:46:15","modified_gmt":"2026-05-05T12:46:15","slug":"lc2-pc30g6-8l-premium-mennyezeti-hangszoro-alacsony-kialaktassal-30w-70v-100v-8","status":"publish","type":"product","link":"https:\/\/bpont.hu\/shop\/index.php\/product\/lc2-pc30g6-8l-premium-mennyezeti-hangszoro-alacsony-kialaktassal-30w-70v-100v-8\/","title":{"rendered":"LC2-PC30G6-8L<br>Pr\u00e9mium Mennyezeti hangsz\u00f3r\u00f3 alacsony kialakt\u00e1ssal 30W 70V\/100V 8&#8243;"},"content":{"rendered":"<p>LC2-PC30G6-8L<br \/>\nAz LC2-PC30G6-8 egy 8&#8243;-os, k\u00e9tutas alacsony kialak\u00edt\u00e1s\u00fa, pr\u00e9mium hangz\u00e1s\u00fa mennyezeti hangsz\u00f3r\u00f3, melynek jellemz\u0151i: sz\u00e9les sz\u00f3r\u00e1s, kiv\u00e1l\u00f3 hat\u00e9konys\u00e1g, nagy maxim\u00e1lis teljes\u00edtm\u00e9ny, egyszer\u0171 telep\u00edthet\u0151s\u00e9g \u00e9s sz\u00e9les k\u00f6r\u0171 zene- \u00e9s hangvisszaad\u00e1s. R\u00e9szei: terel\u0151lap egys\u00e9g, r\u00e1cs, h\u00e1ts\u00f3 burkolat, 8&#8243;-os koaxi\u00e1lis, k\u00e9tutas hangsz\u00f3r\u00f3 \u00e9s bels\u0151 kimeneti teljes\u00edtm\u00e9nynek megfelel\u0151 transzform\u00e1tor. A hangsz\u00f3r\u00f3hoz tartozik egy hull\u00e1mterel\u0151h\u00f6z kapcsol\u00f3d\u00f3 tit\u00e1nbevonat\u00fa d\u00f3m magassug\u00e1rz\u00f3. A h\u00e1ts\u00f3 burkolat optim\u00e1lis bels\u0151 hanger\u0151t teremt a<br \/>\nm\u00e9g jobb alacsony frekvenci\u00e1s teljes\u00edtm\u00e9nyhez. A hangsz\u00f3r\u00f3 egy m\u00e1sodvonalas, keresztkialak\u00edt\u00e1s\u00fa, 3,3 kHz-es h\u00e1l\u00f3zatot haszn\u00e1l, sz\u00e9les k\u00f6r\u0171 v\u00e9delmet ny\u00fajt\u00f3 \u00e1ramk\u00f6rrel, hogy v\u00e9dje a h\u00e1l\u00f3zatot, a m\u00e9lysug\u00e1rz\u00f3 \u00e9s a magassug\u00e1rz\u00f3 meghajt\u00f3it a t\u00fal magas teljes\u00edtm\u00e9nyszintekt\u0151l.<br \/>\nTulajdons\u00e1gok:<br \/>\nA hangsz\u00f3r\u00f3 opcion\u00e1lisan az LC2-PC60G6-10 mennyezeti m\u00e9lysug\u00e1rz\u00f3val is felszerelhet\u0151, jav\u00edtva ezzel az alacsony frekvenci\u00e1s hangvisszaad\u00e1st eg\u00e9szen 45 Hz-ig.<br \/>\nV\u00e9szhangos\u00edt\u00e1si hangsz\u00f3r\u00f3<br \/>\nA v\u00e9szhangos\u00edt\u00e1si hangsz\u00f3r\u00f3kat kifejezetten olyan \u00e9p\u00fcletekben val\u00f3 haszn\u00e1latra tervezt\u00e9k, ahol a sz\u00f3beli evaku\u00e1l\u00e1si k\u00f6zlem\u00e9nyeket bemond\u00f3 rendszerek teljes\u00edtm\u00e9ny\u00e9re szab\u00e1lyoz\u00e1sok vonatkoznak. Az LC2- PC30G6-8 hangsz\u00f3r\u00f3t v\u00e9szhangos\u00edt\u00e1si rendszerekben t\u00f6rt\u00e9n\u0151 haszn\u00e1latra tervezt\u00e9k, \u00e9s megfelel a brit BS 5839-8 \u00e9s az EN 60849 szabv\u00e1nynak.<br \/>\nTulajdons\u00e1gok:<br \/>\n&#8211; 8&#8243;-os, koaxi\u00e1lis, k\u00e9tutas<br \/>\n&#8211; Hull\u00e1mterel\u0151h\u00f6z kapcsol\u00f3d\u00f3 Ti magassug\u00e1rz\u00f3<br \/>\n&#8211; T\u00falterhel\u00e9s elleni v\u00e9delem a teljes s\u00e1vsz\u00e9less\u00e9gben<br \/>\n&#8211; Teljes\u00edtm\u00e9ny be\u00e1ll\u00edt\u00e1sa<br \/>\n&#8211; Megfelel a BS 5839-8 \u00e9s az EN 60849 szabv\u00e1nynak<\/p>\n","protected":false},"excerpt":{"rendered":"<p>Rendel\u00e9si k\u00f3d: F.01U.079.385<\/p>\n","protected":false},"featured_media":2048,"template":"","meta":[],"product_brand":[],"product_cat":[357],"product_tag":[25],"class_list":{"0":"post-2047","1":"product","2":"type-product","3":"status-publish","4":"has-post-thumbnail","6":"product_cat-mennyezeti-hangszoro","7":"product_tag-bosch","9":"first","10":"instock","11":"taxable","12":"shipping-taxable","13":"product-type-simple"},"jetpack_sharing_enabled":true,"_links":{"self":[{"href":"https:\/\/bpont.hu\/shop\/index.php\/wp-json\/wp\/v2\/product\/2047","targetHints":{"allow":["GET"]}}],"collection":[{"href":"https:\/\/bpont.hu\/shop\/index.php\/wp-json\/wp\/v2\/product"}],"about":[{"href":"https:\/\/bpont.hu\/shop\/index.php\/wp-json\/wp\/v2\/types\/product"}],"version-history":[{"count":5,"href":"https:\/\/bpont.hu\/shop\/index.php\/wp-json\/wp\/v2\/product\/2047\/revisions"}],"predecessor-version":[{"id":7944,"href":"https:\/\/bpont.hu\/shop\/index.php\/wp-json\/wp\/v2\/product\/2047\/revisions\/7944"}],"wp:featuredmedia":[{"embeddable":true,"href":"https:\/\/bpont.hu\/shop\/index.php\/wp-json\/wp\/v2\/media\/2048"}],"wp:attachment":[{"href":"https:\/\/bpont.hu\/shop\/index.php\/wp-json\/wp\/v2\/media?parent=2047"}],"wp:term":[{"taxonomy":"product_brand","embeddable":true,"href":"https:\/\/bpont.hu\/shop\/index.php\/wp-json\/wp\/v2\/product_brand?post=2047"},{"taxonomy":"product_cat","embeddable":true,"href":"https:\/\/bpont.hu\/shop\/index.php\/wp-json\/wp\/v2\/product_cat?post=2047"},{"taxonomy":"product_tag","embeddable":true,"href":"https:\/\/bpont.hu\/shop\/index.php\/wp-json\/wp\/v2\/product_tag?post=2047"}],"curies":[{"name":"wp","href":"https:\/\/api.w.org\/{rel}","templated":true}]}}