{"id":2022,"date":"2025-06-27T11:14:39","date_gmt":"2025-06-27T10:14:39","guid":{"rendered":"https:\/\/bpont.shop.hu\/?post_type=product&#038;p=2022"},"modified":"2026-05-05T14:46:14","modified_gmt":"2026-05-05T12:46:14","slug":"lc1-um06e8-fem-modularis-mennyezeti-hangszoro-hang-veszhangositas-6w-100v-6-en54-24","status":"publish","type":"product","link":"https:\/\/bpont.hu\/shop\/index.php\/product\/lc1-um06e8-fem-modularis-mennyezeti-hangszoro-hang-veszhangositas-6w-100v-6-en54-24\/","title":{"rendered":"LC1-UM06E8<br>F\u00e9m modul\u00e1ris mennyezeti hangsz\u00f3r\u00f3 Hang-\/V\u00e9szhangos\u00edt\u00e1s 6W 100V 6&#8243; EN54-24"},"content":{"rendered":"<p>LC1-UM06E8<br \/>\nAz LC1 modul\u00e1ris mennyezeti hangsz\u00f3r\u00f3csal\u00e1d a legk\u00fcl\u00f6nf\u00e9l\u00e9bb mennyezett\u00edpusokhoz haszn\u00e1lhat\u00f3. Belt\u00e9ri hangos\u00edt\u00e1si alkalmaz\u00e1sokn\u00e1l kit\u0171n\u0151 min\u0151s\u00e9g\u0171 besz\u00e9det \u00e9s zen\u00e9t sug\u00e1roznak. A term\u00e9kcsal\u00e1d \u00f6t hangsz\u00f3r\u00f3t k\u00edn\u00e1l, melyek bemeneti teljes\u00edtm\u00e9ny, ny\u00edl\u00e1ssz\u00f6g \u00e9s hangvisszaad\u00e1s tekintet\u00e9ben k\u00fcl\u00f6nb\u00f6znek. Az \u00f6tb\u0151l h\u00e1rom 6 W teljes\u00edtm\u00e9ny\u0171, k\u00fcl\u00f6nb\u00f6z\u0151 ny\u00edl\u00e1ssz\u00f6g\u0171, egyt\u00f6lcs\u00e9res hangsz\u00f3r\u00f3, kett\u0151 pedig nagy teljes\u00edtm\u00e9ny\u0171, 12 \u00e9s 24 W-os koaxi\u00e1lis hangsz\u00f3r\u00f3meghajt\u00f3. Mind azonos m\u00e9ret\u0171 r\u00e1ccsal rendelkeznek, \u00e9s ugyanazokkal a szerel\u00e9si tartoz\u00e9kokkal haszn\u00e1lhat\u00f3k.<br \/>\nA hangsz\u00f3r\u00f3k leveg\u0151kezel\u0151 terekben val\u00f3 haszn\u00e1latra alkalmasak, amennyiben az LC1-MFD h\u00e1zba vannak be\u00e9p\u00edtve.<br \/>\nA hangsz\u00f3r\u00f3keret el\u0151 van k\u00e9sz\u00edtve az opcion\u00e1lis el\u0151vez\u00e9relt hangjelz\u0151 panel, ill WLS panel felszerel\u00e9s\u00e9hez, \u00e9s norm\u00e1l esetben tartozik hozz\u00e1 egy f\u00e9nyvezet\u0151 az el\u0151vez\u00e9relt hang \u00e1llapot\u00e1nak jelz\u00e9s\u00e9hez.<br \/>\nV\u00e9szhangos\u00edt\u00e1si alkalmaz\u00e1sok<br \/>\nA v\u00e9szhangos\u00edt\u00e1si hangsz\u00f3r\u00f3kat kifejezetten olyan \u00e9p\u00fcletekben val\u00f3 haszn\u00e1latra tervezt\u00e9k, ahol a sz\u00f3beli evaku\u00e1l\u00e1si k\u00f6zlem\u00e9nyeket bemond\u00f3 rendszerek<br \/>\nteljes\u00edtm\u00e9ny\u00e9re szab\u00e1lyoz\u00e1sok vonatkoznak. Az LC1 modul\u00e1ris mennyezeti hangsz\u00f3r\u00f3csal\u00e1dot v\u00e9szhangos\u00edt\u00e1si rendszerekben t\u00f6rt\u00e9n\u0151 haszn\u00e1latra<br \/>\ntervezt\u00e9k, EN 54-24 tan\u00fas\u00edtv\u00e1nnyal rendelkeznek, \u00e9s megfelelnek a brit BS 5839-8 szabv\u00e1nynak.<br \/>\nTulajdons\u00e1gok:<br \/>\n&#8211; Kiv\u00e1l\u00f3 min\u0151s\u00e9g\u0171 besz\u00e9d- \u00e9s zenevisszaad\u00e1s<br \/>\n&#8211; Egyszer\u0171 telep\u00edt\u00e9s egyetlen r\u00e1csm\u00e9rettel \u00e9s egy teljes tartoz\u00e9kk\u00e9szlettel<br \/>\n&#8211; K\u00fcl\u00f6nb\u00f6z\u0151 mennyezeti szerel\u00e9si m\u00f3dszerek<br \/>\n&#8211; Opcion\u00e1lis el\u0151vez\u00e9relt hangjelz\u0151<br \/>\n&#8211; EN 54\u201124, UL 2043. UL 1480 tan\u00fas\u00edtv\u00e1nnyal rendelkezik<br \/>\n&#8211; V\u00e9szhangos\u00edt\u00e1si rendszerekben alaklmazhat\u00f3<\/p>\n","protected":false},"excerpt":{"rendered":"<p>Rendel\u00e9si k\u00f3d: F.01U.075.448<\/p>\n","protected":false},"featured_media":2023,"template":"","meta":[],"product_brand":[],"product_cat":[357],"product_tag":[25],"class_list":{"0":"post-2022","1":"product","2":"type-product","3":"status-publish","4":"has-post-thumbnail","6":"product_cat-mennyezeti-hangszoro","7":"product_tag-bosch","9":"first","10":"instock","11":"taxable","12":"shipping-taxable","13":"purchasable","14":"product-type-simple"},"jetpack_sharing_enabled":true,"_links":{"self":[{"href":"https:\/\/bpont.hu\/shop\/index.php\/wp-json\/wp\/v2\/product\/2022","targetHints":{"allow":["GET"]}}],"collection":[{"href":"https:\/\/bpont.hu\/shop\/index.php\/wp-json\/wp\/v2\/product"}],"about":[{"href":"https:\/\/bpont.hu\/shop\/index.php\/wp-json\/wp\/v2\/types\/product"}],"version-history":[{"count":5,"href":"https:\/\/bpont.hu\/shop\/index.php\/wp-json\/wp\/v2\/product\/2022\/revisions"}],"predecessor-version":[{"id":7933,"href":"https:\/\/bpont.hu\/shop\/index.php\/wp-json\/wp\/v2\/product\/2022\/revisions\/7933"}],"wp:featuredmedia":[{"embeddable":true,"href":"https:\/\/bpont.hu\/shop\/index.php\/wp-json\/wp\/v2\/media\/2023"}],"wp:attachment":[{"href":"https:\/\/bpont.hu\/shop\/index.php\/wp-json\/wp\/v2\/media?parent=2022"}],"wp:term":[{"taxonomy":"product_brand","embeddable":true,"href":"https:\/\/bpont.hu\/shop\/index.php\/wp-json\/wp\/v2\/product_brand?post=2022"},{"taxonomy":"product_cat","embeddable":true,"href":"https:\/\/bpont.hu\/shop\/index.php\/wp-json\/wp\/v2\/product_cat?post=2022"},{"taxonomy":"product_tag","embeddable":true,"href":"https:\/\/bpont.hu\/shop\/index.php\/wp-json\/wp\/v2\/product_tag?post=2022"}],"curies":[{"name":"wp","href":"https:\/\/api.w.org\/{rel}","templated":true}]}}