{"id":2013,"date":"2025-06-27T11:14:38","date_gmt":"2025-06-27T10:14:38","guid":{"rendered":"https:\/\/bpont.shop.hu\/?post_type=product&#038;p=2013"},"modified":"2026-05-05T14:46:14","modified_gmt":"2026-05-05T12:46:14","slug":"lc1-mmsb-almennyezeti-tarto-lc1-modularis-mennyezeti-hangszorohoz","status":"publish","type":"product","link":"https:\/\/bpont.hu\/shop\/index.php\/product\/lc1-mmsb-almennyezeti-tarto-lc1-modularis-mennyezeti-hangszorohoz\/","title":{"rendered":"LC1-MMSB<br>\u00c1lmennyezeti tart\u00f3 LC1 modul\u00e1ris mennyezeti hangsz\u00f3r\u00f3hoz"},"content":{"rendered":"<p>LC1-MMSB<br \/>\nA f\u00e9mb\u0151l k\u00e9sz\u00fclt tart\u00f3 szerel\u0151kerethez k\u00e9t mennyezeti bilincs tartozik, melyeket sz\u00e1rnyas csavarok r\u00f6gz\u00edtenek a mennyezeten kialak\u00edtott furatba. A szerel\u0151kereten van k\u00e9t 4 mm-es furat is, melyek seg\u00edts\u00e9g\u00e9vel a szerel\u0151keretet k\u00e9t csavarral felszerelheti v\u00e9kony (f\u00e9mb\u0151l k\u00e9sz\u00fclt) mennyezetekre. K\u00e9t rug\u00f3s z\u00e1r is 2 | LC1 modul\u00e1ris mennyezeti hangsz\u00f3r\u00f3csal\u00e1d tal\u00e1lhat\u00f3 rajta (a V-alak\u00fa hangsz\u00f3r\u00f3rug\u00f3k sz\u00e1m\u00e1ra). A szerel\u0151keret el\u0151 van k\u00e9sz\u00edtve egy opcion\u00e1lis ac\u00e9l biztons\u00e1gi vezet\u00e9k csatlakoztat\u00e1s\u00e1hoz.<\/p>\n","protected":false},"excerpt":{"rendered":"<p>Rendel\u00e9si k\u00f3d: F.01U.075.454<\/p>\n","protected":false},"featured_media":2014,"template":"","meta":[],"product_brand":[],"product_cat":[357],"product_tag":[25],"class_list":{"0":"post-2013","1":"product","2":"type-product","3":"status-publish","4":"has-post-thumbnail","6":"product_cat-mennyezeti-hangszoro","7":"product_tag-bosch","9":"first","10":"instock","11":"taxable","12":"shipping-taxable","13":"purchasable","14":"product-type-simple"},"jetpack_sharing_enabled":true,"_links":{"self":[{"href":"https:\/\/bpont.hu\/shop\/index.php\/wp-json\/wp\/v2\/product\/2013","targetHints":{"allow":["GET"]}}],"collection":[{"href":"https:\/\/bpont.hu\/shop\/index.php\/wp-json\/wp\/v2\/product"}],"about":[{"href":"https:\/\/bpont.hu\/shop\/index.php\/wp-json\/wp\/v2\/types\/product"}],"version-history":[{"count":5,"href":"https:\/\/bpont.hu\/shop\/index.php\/wp-json\/wp\/v2\/product\/2013\/revisions"}],"predecessor-version":[{"id":7930,"href":"https:\/\/bpont.hu\/shop\/index.php\/wp-json\/wp\/v2\/product\/2013\/revisions\/7930"}],"wp:featuredmedia":[{"embeddable":true,"href":"https:\/\/bpont.hu\/shop\/index.php\/wp-json\/wp\/v2\/media\/2014"}],"wp:attachment":[{"href":"https:\/\/bpont.hu\/shop\/index.php\/wp-json\/wp\/v2\/media?parent=2013"}],"wp:term":[{"taxonomy":"product_brand","embeddable":true,"href":"https:\/\/bpont.hu\/shop\/index.php\/wp-json\/wp\/v2\/product_brand?post=2013"},{"taxonomy":"product_cat","embeddable":true,"href":"https:\/\/bpont.hu\/shop\/index.php\/wp-json\/wp\/v2\/product_cat?post=2013"},{"taxonomy":"product_tag","embeddable":true,"href":"https:\/\/bpont.hu\/shop\/index.php\/wp-json\/wp\/v2\/product_tag?post=2013"}],"curies":[{"name":"wp","href":"https:\/\/api.w.org\/{rel}","templated":true}]}}