{"id":1990,"date":"2025-06-27T11:14:35","date_gmt":"2025-06-27T10:14:35","guid":{"rendered":"https:\/\/bpont.shop.hu\/?post_type=product&#038;p=1990"},"modified":"2026-05-05T14:46:14","modified_gmt":"2026-05-05T12:46:14","slug":"lbc3951-12-mennyezeti-hangszoro-6w-abs-metal-4","status":"publish","type":"product","link":"https:\/\/bpont.hu\/shop\/index.php\/product\/lbc3951-12-mennyezeti-hangszoro-6w-abs-metal-4\/","title":{"rendered":"LBC3951\/12<br>Mennyezeti hangsz\u00f3r\u00f3 6W ABS\/Metal 4&#8243;"},"content":{"rendered":"<p>LBC3951\/11<br \/>\nAz LBC3951\/11 egy kompakt, 6 W-os hangsz\u00f3r\u00f3, k\u00f6r alak\u00fa f\u00e9m r\u00e1ccsal. Kiv\u00e1l\u00f3 hangmin\u0151s\u00e9ggel rendelkezik, \u00e9s be\u00e9p\u00edthet\u0151 r\u00f6gz\u00edt\u0151csapjaival k\u00f6nnyen telep\u00edthet\u0151. A hangsz\u00f3r\u00f3 el\u00f6lr\u0151l v\u00e9dett (IPx4 v\u00edz), \u00edgy nedves k\u00f6rnyezetben is telep\u00edthet\u0151.<br \/>\nAz LBC3951\/11 k\u00f6r alak\u00fa mint\u00e1s m\u0171anyag r\u00e1ccsal van ell\u00e1tva, m\u0171anyag bevonattal, vonz\u00f3 RAL sz\u00ednben. Ennek a hangsz\u00f3r\u00f3nak a kifinomult st\u00edlusa kieg\u00e9sz\u00edti a modern bels\u0151 vil\u00e1g\u00edt\u00e1st. A hangsz\u00f3r\u00f3 nagyon sz\u00e9les nyit\u00e1si sz\u00f6ggel rendelkezik, ami azt jelenti, hogy egy adott ter\u00fcletre kevesebb egys\u00e9gre van sz\u00fcks\u00e9g. A sz\u00e9les frekvenciatartom\u00e1ny jobb besz\u00e9d- \u00e9s zenei reprodukci\u00f3t jelent. A k\u00e9sz\u00fcl\u00e9k 100 V-os illeszt\u0151 transzform\u00e1torral van ell\u00e1tva, amely az els\u0151dleges tekercsben tal\u00e1lhat\u00f3, teljes teljes\u00edtm\u00e9ny\u0171, felez\u00e9si teljes\u00edtm\u00e9ny\u0171, negyed \u00e9s nyolcad teljes\u00edtm\u00e9ny\u0171 sug\u00e1rz\u00e1shoz.<br \/>\nA hangsz\u00f3r\u00f3 (speci\u00e1lisan kezelt pap\u00edrt\u00f6lcs\u00e9r  IP 4 v\u00e9dett), el\u00f6lr\u0151l v\u00e9dett \u00e9s nedvess\u00e9gtartalm\u00fa k\u00f6rnyezetben alkalmazhat\u00f3, p\u00e9ld\u00e1ul f\u00fcrd\u0151szob\u00e1k, szaun\u00e1k, \u00e1triumok \u00e9s \u00fasz\u00f3medenc\u00e9k ter\u00fclet\u00e9n.<br \/>\nTulajdons\u00e1gok:<br \/>\n&#8211; Egyszer\u0171 megt\u00e1pl\u00e1l\u00e1s<br \/>\n&#8211; Nagy ny\u00edl\u00e1ssz\u00f6g<br \/>\n&#8211; Modern megjelen\u00e9s<br \/>\n&#8211; Felhaszn\u00e1l\u00f3bar\u00e1t<br \/>\n&#8211; Fr\u00f6ccsen\u00e9s ellen v\u00e9dett<\/p>\n","protected":false},"excerpt":{"rendered":"<p>Rendel\u00e9si k\u00f3d: F.01U.348.979<\/p>\n","protected":false},"featured_media":1991,"template":"","meta":[],"product_brand":[],"product_cat":[357],"product_tag":[25],"class_list":{"0":"post-1990","1":"product","2":"type-product","3":"status-publish","4":"has-post-thumbnail","6":"product_cat-mennyezeti-hangszoro","7":"product_tag-bosch","9":"first","10":"instock","11":"taxable","12":"shipping-taxable","13":"purchasable","14":"product-type-simple"},"jetpack_sharing_enabled":true,"_links":{"self":[{"href":"https:\/\/bpont.hu\/shop\/index.php\/wp-json\/wp\/v2\/product\/1990","targetHints":{"allow":["GET"]}}],"collection":[{"href":"https:\/\/bpont.hu\/shop\/index.php\/wp-json\/wp\/v2\/product"}],"about":[{"href":"https:\/\/bpont.hu\/shop\/index.php\/wp-json\/wp\/v2\/types\/product"}],"version-history":[{"count":5,"href":"https:\/\/bpont.hu\/shop\/index.php\/wp-json\/wp\/v2\/product\/1990\/revisions"}],"predecessor-version":[{"id":7922,"href":"https:\/\/bpont.hu\/shop\/index.php\/wp-json\/wp\/v2\/product\/1990\/revisions\/7922"}],"wp:featuredmedia":[{"embeddable":true,"href":"https:\/\/bpont.hu\/shop\/index.php\/wp-json\/wp\/v2\/media\/1991"}],"wp:attachment":[{"href":"https:\/\/bpont.hu\/shop\/index.php\/wp-json\/wp\/v2\/media?parent=1990"}],"wp:term":[{"taxonomy":"product_brand","embeddable":true,"href":"https:\/\/bpont.hu\/shop\/index.php\/wp-json\/wp\/v2\/product_brand?post=1990"},{"taxonomy":"product_cat","embeddable":true,"href":"https:\/\/bpont.hu\/shop\/index.php\/wp-json\/wp\/v2\/product_cat?post=1990"},{"taxonomy":"product_tag","embeddable":true,"href":"https:\/\/bpont.hu\/shop\/index.php\/wp-json\/wp\/v2\/product_tag?post=1990"}],"curies":[{"name":"wp","href":"https:\/\/api.w.org\/{rel}","templated":true}]}}