{"id":1955,"date":"2025-06-27T11:14:31","date_gmt":"2025-06-27T10:14:31","guid":{"rendered":"https:\/\/bpont.shop.hu\/?post_type=product&#038;p=1955"},"modified":"2026-05-05T14:46:13","modified_gmt":"2026-05-05T12:46:13","slug":"lbc3432-03-ket-iranyu-kulteri-hangprojektor-hang-veszhangositashoz-izolatorral-20w-alu-ip65-en54-24","status":"publish","type":"product","link":"https:\/\/bpont.hu\/shop\/index.php\/product\/lbc3432-03-ket-iranyu-kulteri-hangprojektor-hang-veszhangositashoz-izolatorral-20w-alu-ip65-en54-24\/","title":{"rendered":"LBC3432\/03<br>K\u00e9t-ir\u00e1ny\u00fa K\u00fclt\u00e9ri Hangprojektor Hang\/V\u00e9szhangos\u00edt\u00e1shoz izol\u00e1torral 20W Alu. IP65 EN54-24"},"content":{"rendered":"<p>LBC3432\/03<br \/>\nAz LBC 3432\/03 egy nagy teljes\u00edtm\u00e9ny\u0171, 20 W-os hangprojektor, amelyet besz\u00e9d \u00e9s zene visszaad\u00e1s\u00e1hoz terveztek belt\u00e9ri \u00e9s k\u00fclt\u00e9ri alkalmaz\u00e1sokhoz. A robusztus, alum\u00ednium h\u00e1z feh\u00e9r sz\u00edn\u0171. El\u0151 van k\u00e9sz\u00edtve hurkolt k\u00e1belcsatlakoz\u00e1shoz \u00e9s vonal- vagy hangsz\u00f3r\u00f3ellen\u0151rz\u0151 k\u00e1rtya be\u00e9p\u00edt\u00e9s\u00e9hez. A hangprojektor v\u00e9szhangos\u00edt\u00e1si rendszerekben val\u00f3 haszn\u00e1latra is alkalmas.<br \/>\nA v\u00e9szhangos\u00edt\u00e1si hangsz\u00f3r\u00f3kat kifejezetten olyan \u00e9p\u00fcletekben val\u00f3 haszn\u00e1latra tervezt\u00e9k, ahol a sz\u00f3beli k\u00f6zlem\u00e9nyeket bemond\u00f3 rendszerek teljes\u00edtm\u00e9ny\u00e9re szab\u00e1lyoz\u00e1sok vonatkoznak. Az LBC 3432\/03 hangprojektort v\u00e9szhangos\u00edt\u00e1si rendszerekben t\u00f6rt\u00e9n\u0151 haszn\u00e1latra tervezt\u00e9k, \u00e9s megfelel a brit BS 5839-8 \u00e9s az EN 60849 szabv\u00e1nynak.<br \/>\nA hangprojektor el\u0151 van k\u00e9sz\u00edtve opcion\u00e1lis vonal- vagy hangsz\u00f3r\u00f3-ellen\u0151rz\u0151 k\u00e1rtya beszerel\u00e9s\u00e9hez.<br \/>\nA hangsz\u00f3r\u00f3 be\u00e9p\u00edtett v\u00e9delemmel rendelkezik, amely biztos\u00edtja, hogy t\u0171z eset\u00e9n a hangsz\u00f3r\u00f3 rong\u00e1l\u00f3d\u00e1sa ne k\u00e1ros\u00edtsa azt az \u00e1ramk\u00f6rt, amelyikhez csatlakozik.<br \/>\nEz\u00e1ltal megmarad a rendszer integrit\u00e1sa, ami biztos\u00edtja, hogy a m\u00e1s ter\u00fcleteken l\u00e9v\u0151 hangsz\u00f3r\u00f3k tov\u00e1bbra is haszn\u00e1lhat\u00f3k legyenek az emberek<br \/>\nt\u00e1j\u00e9koztat\u00e1s\u00e1ra. A hangsz\u00f3r\u00f3 ker\u00e1mi\u00e1b\u00f3l k\u00e9sz\u00fclt csatlakoz\u00f3blokkal, h\u0151kiold\u00f3 biztos\u00edt\u00e9kkal, valamint h\u0151\u00e1ll\u00f3, magas h\u0151m\u00e9rs\u00e9kletet is b\u00edr\u00f3 vezet\u00e9kekkel van felszerelve.<br \/>\nA hangprojektort sajtolt alum\u00edniumb\u00f3l, feh\u00e9r sz\u00ednben gy\u00e1rtj\u00e1k. A nagyobb korr\u00f3zi\u00f3\u00e1ll\u00f3s\u00e1g \u00e9rdek\u00e9ben az el\u00fcls\u0151 r\u00e1cs, a h\u00e1ts\u00f3 burkolat \u00e9s a szerel\u0151keret alum\u00edniumb\u00f3l k\u00e9sz\u00fclt.<br \/>\nTulajdons\u00e1gok:<br \/>\n&#8211; Kiv\u00e1l\u00f3 min\u0151s\u00e9g\u0171 besz\u00e9d- \u00e9s zenevisszaad\u00e1s<br \/>\n&#8211; Mennyezetre \u00e9s\/vagy falra szerelhet\u0151<br \/>\n&#8211; Robusztus, sajtolt alum\u00ednium h\u00e1z<br \/>\n&#8211; V\u00edz- \u00e9s porv\u00e9delem az IP 66 szerint<br \/>\n&#8211; EN 54-24 tan\u00fas\u00edtv\u00e1nnyal rendelkezik<br \/>\n&#8211; V\u00e9szhangos\u00edt\u00e1sra alkalmas<\/p>\n","protected":false},"excerpt":{"rendered":"<p>Rendel\u00e9si k\u00f3d: F.01U.269.035<\/p>\n","protected":false},"featured_media":1956,"template":"","meta":[],"product_brand":[],"product_cat":[354],"product_tag":[25],"class_list":{"0":"post-1955","1":"product","2":"type-product","3":"status-publish","4":"has-post-thumbnail","6":"product_cat-hangprojektor","7":"product_tag-bosch","9":"first","10":"instock","11":"taxable","12":"shipping-taxable","13":"purchasable","14":"product-type-simple"},"jetpack_sharing_enabled":true,"_links":{"self":[{"href":"https:\/\/bpont.hu\/shop\/index.php\/wp-json\/wp\/v2\/product\/1955","targetHints":{"allow":["GET"]}}],"collection":[{"href":"https:\/\/bpont.hu\/shop\/index.php\/wp-json\/wp\/v2\/product"}],"about":[{"href":"https:\/\/bpont.hu\/shop\/index.php\/wp-json\/wp\/v2\/types\/product"}],"version-history":[{"count":5,"href":"https:\/\/bpont.hu\/shop\/index.php\/wp-json\/wp\/v2\/product\/1955\/revisions"}],"predecessor-version":[{"id":7909,"href":"https:\/\/bpont.hu\/shop\/index.php\/wp-json\/wp\/v2\/product\/1955\/revisions\/7909"}],"wp:featuredmedia":[{"embeddable":true,"href":"https:\/\/bpont.hu\/shop\/index.php\/wp-json\/wp\/v2\/media\/1956"}],"wp:attachment":[{"href":"https:\/\/bpont.hu\/shop\/index.php\/wp-json\/wp\/v2\/media?parent=1955"}],"wp:term":[{"taxonomy":"product_brand","embeddable":true,"href":"https:\/\/bpont.hu\/shop\/index.php\/wp-json\/wp\/v2\/product_brand?post=1955"},{"taxonomy":"product_cat","embeddable":true,"href":"https:\/\/bpont.hu\/shop\/index.php\/wp-json\/wp\/v2\/product_cat?post=1955"},{"taxonomy":"product_tag","embeddable":true,"href":"https:\/\/bpont.hu\/shop\/index.php\/wp-json\/wp\/v2\/product_tag?post=1955"}],"curies":[{"name":"wp","href":"https:\/\/api.w.org\/{rel}","templated":true}]}}