{"id":1919,"date":"2025-06-27T11:14:26","date_gmt":"2025-06-27T10:14:26","guid":{"rendered":"https:\/\/bpont.shop.hu\/?post_type=product&#038;p=1919"},"modified":"2026-05-05T14:46:13","modified_gmt":"2026-05-05T12:46:13","slug":"lb7-uc06e-ab-redundans-a-b-hangszoro-feher-abs-6-w-100v-veszhangositas","status":"publish","type":"product","link":"https:\/\/bpont.hu\/shop\/index.php\/product\/lb7-uc06e-ab-redundans-a-b-hangszoro-feher-abs-6-w-100v-veszhangositas\/","title":{"rendered":"LB7-UC06E-AB<br>Redund\u00e1ns A\/B hangsz\u00f3r\u00f3 feh\u00e9r ABS 6 W 100V V\u00e9szhangos\u00edt\u00e1s"},"content":{"rendered":"<p>LB7-UC06E-AB<br \/>\nAz A\/B dobozos hangsz\u00f3r\u00f3 k\u00e9t f\u00fcggetlen 6 W-os hangsug\u00e1rz\u00f3val rendelkezik, \u00e9s alkalmas olyan hangrendszerekre, ahol redundanci\u00e1t k\u00e9rnek. Norm\u00e1l esetben mindk\u00e9t hangsz\u00f3r\u00f3 egyforma jelet kap de f\u00fcggetlen er\u0151s\u00edt\u0151kt\u0151l. Abban az esetben, ha az A-vonal meghib\u00e1sodik, a m\u00e1sik csatlakoztatott hangsz\u00f3r\u00f3 fogadja a jelet a B vonalr\u00f3l, \u00e9s ford\u00edtva.<br \/>\nEls\u0151sorban kis ter\u00fcleteken az A \/ B hangsz\u00f3r\u00f3k gazdas\u00e1gos \u00e9s hat\u00e9kony megold\u00e1st ny\u00fajtanak, mint k\u00e9t k\u00fcl\u00f6n\u00e1ll\u00f3 hangsz\u00f3r\u00f3-rendszer.<br \/>\nTulajdons\u00e1gok:<br \/>\n&#8211; Nagy hat\u00e1sfok<br \/>\n&#8211; K\u00e9t f\u00fcggetlen hangsz\u00f3r\u00f3 egy burkolatban a rdundancia lehet\u0151s\u00e9g\u00e9re<br \/>\n&#8211; Ki\u00fcthet\u0151 port-helyek<br \/>\n&#8211; EN 54-24 min\u0151s\u00edt\u00e9s<br \/>\n&#8211; V\u00e9szhangos\u00edt\u00e1si rendszerbe illeszthet\u0151<\/p>\n","protected":false},"excerpt":{"rendered":"<p>Rendel\u00e9si k\u00f3d: F.01U.326.611<\/p>\n","protected":false},"featured_media":1920,"template":"","meta":[],"product_brand":[],"product_cat":[353],"product_tag":[25],"class_list":{"0":"post-1919","1":"product","2":"type-product","3":"status-publish","4":"has-post-thumbnail","6":"product_cat-dobozos-hangszoro","7":"product_tag-bosch","9":"first","10":"instock","11":"taxable","12":"shipping-taxable","13":"purchasable","14":"product-type-simple"},"jetpack_sharing_enabled":true,"_links":{"self":[{"href":"https:\/\/bpont.hu\/shop\/index.php\/wp-json\/wp\/v2\/product\/1919","targetHints":{"allow":["GET"]}}],"collection":[{"href":"https:\/\/bpont.hu\/shop\/index.php\/wp-json\/wp\/v2\/product"}],"about":[{"href":"https:\/\/bpont.hu\/shop\/index.php\/wp-json\/wp\/v2\/types\/product"}],"version-history":[{"count":5,"href":"https:\/\/bpont.hu\/shop\/index.php\/wp-json\/wp\/v2\/product\/1919\/revisions"}],"predecessor-version":[{"id":7897,"href":"https:\/\/bpont.hu\/shop\/index.php\/wp-json\/wp\/v2\/product\/1919\/revisions\/7897"}],"wp:featuredmedia":[{"embeddable":true,"href":"https:\/\/bpont.hu\/shop\/index.php\/wp-json\/wp\/v2\/media\/1920"}],"wp:attachment":[{"href":"https:\/\/bpont.hu\/shop\/index.php\/wp-json\/wp\/v2\/media?parent=1919"}],"wp:term":[{"taxonomy":"product_brand","embeddable":true,"href":"https:\/\/bpont.hu\/shop\/index.php\/wp-json\/wp\/v2\/product_brand?post=1919"},{"taxonomy":"product_cat","embeddable":true,"href":"https:\/\/bpont.hu\/shop\/index.php\/wp-json\/wp\/v2\/product_cat?post=1919"},{"taxonomy":"product_tag","embeddable":true,"href":"https:\/\/bpont.hu\/shop\/index.php\/wp-json\/wp\/v2\/product_tag?post=1919"}],"curies":[{"name":"wp","href":"https:\/\/api.w.org\/{rel}","templated":true}]}}