{"id":1900,"date":"2025-06-27T11:14:23","date_gmt":"2025-06-27T10:14:23","guid":{"rendered":"https:\/\/bpont.shop.hu\/?post_type=product&#038;p=1900"},"modified":"2026-05-05T14:46:12","modified_gmt":"2026-05-05T12:46:12","slug":"lb1-um50e-l-dobozos-premium-alu-hangszoro-50w-feher","status":"publish","type":"product","link":"https:\/\/bpont.hu\/shop\/index.php\/product\/lb1-um50e-l-dobozos-premium-alu-hangszoro-50w-feher\/","title":{"rendered":"LB1-UM50E-L<br>Dobozos Pr\u00e9mium Alu.Hangsz\u00f3r\u00f3 50W feh\u00e9r"},"content":{"rendered":"<p>LB1-UM50E-L<br \/>\nA pr\u00e9mium hangz\u00e1s\u00fa szekr\u00e9nyek tiszt\u00e1n \u00e9rthet\u0151 besz\u00e9det, el\u0151t\u00e9r- \u00e9s h\u00e1tt\u00e9rzen\u00e9t biztos\u00edtanak, \u00e9s \u00e1ltal\u00e1nos belt\u00e9ri \u00e9s k\u00fclt\u00e9ri alkalmaz\u00e1sokn\u00e1l haszn\u00e1lhat\u00f3k. A v\u00e1laszt\u00e9k k\u00e9t t\u00edpust tartalmaz, a maxim\u00e1lis teljes\u00edtm\u00e9ny 20 W vagy 50 W lehet. A h\u00e1zak alum\u00edniumb\u00f3l k\u00e9sz\u00fclnek ABS fels\u0151 \u00e9s als\u00f3 z\u00e1r\u00f3fed\u00e9llel, \u00e9s sz\u00e9nfekete (D) \u00e9s feh\u00e9r (L) sz\u00ednben kaphat\u00f3k.<br \/>\nE term\u00e9kek tipikus alkalmaz\u00e1si ter\u00fcletei: sz\u00f3rakoz\u00f3helyek, \u00e9ttermi zene, \u00e9lm\u00e9nyparkok, kiskereskedelmi egys\u00e9gek, audiovizu\u00e1lis megjelen\u00edt\u00e9s, t\u00e1rgyal\u00f3termek \u00e9s irod\u00e1k, ki\u00e1ll\u00edt\u00f3termek \u00e9s bemutat\u00f3termek, fitneszk\u00f6zpontok. Kiv\u00e1l\u00f3 hangvisszaad\u00e1si k\u00e9pess\u00e9g\u00e9t a pr\u00e9mium min\u0151s\u00e9g\u0171 meghajt\u00f3elemeknek \u00e9s a keresztkialak\u00edt\u00e1s\u00fa h\u00e1l\u00f3zatnak k\u00f6sz\u00f6nheti.<br \/>\nEgy \u00f6nszab\u00e1lyoz\u00f3 passz\u00edv elem v\u00e9di a magas frekvenci\u00e1s meghajt\u00f3t az esetleges t\u00falterhel\u00e9st\u0151l. Egy hurkolt vezet\u00e9kekhez alkalmas, csavaros csatlakoz\u00f3kkal ell\u00e1tott h\u00e1romutas ker\u00e1mia csatlakoz\u00f3blokk tal\u00e1lhat\u00f3 az egys\u00e9g talp\u00e1n l\u00e9v\u0151 rekeszben.<br \/>\nTulajdons\u00e1gok:<br \/>\n&#8211; Hi-fi min\u0151s\u00e9g\u0171 zene- \u00e9s besz\u00e9dvisszaad\u00e1s<br \/>\n&#8211; V\u00e9szhangos\u00edt\u00e1sra alkalmas<br \/>\n&#8211; \u00c1ll\u00edthat\u00f3 fali szerel\u0151keret tartozik hozz\u00e1<br \/>\n&#8211; Be\u00e9p\u00edtett t\u00falterhel\u00e9s elleni v\u00e9delem<br \/>\n&#8211; El\u0151k\u00e9sz\u00edt\u00e9s az opcion\u00e1lis vonal-\/hangsz\u00f3r\u00f3fel\u00fcgyeleti k\u00e1rtya bels\u0151 felszerel\u00e9s\u00e9hez<br \/>\n&#8211; EN 54-24 tan\u00fas\u00edtv\u00e1nnyal rendelkezik<\/p>\n","protected":false},"excerpt":{"rendered":"<p>Rendel\u00e9si k\u00f3d: F.01U.076.931<\/p>\n","protected":false},"featured_media":1894,"template":"","meta":[],"product_brand":[],"product_cat":[353],"product_tag":[25],"class_list":{"0":"post-1900","1":"product","2":"type-product","3":"status-publish","4":"has-post-thumbnail","6":"product_cat-dobozos-hangszoro","7":"product_tag-bosch","9":"first","10":"instock","11":"taxable","12":"shipping-taxable","13":"purchasable","14":"product-type-simple"},"jetpack_sharing_enabled":true,"_links":{"self":[{"href":"https:\/\/bpont.hu\/shop\/index.php\/wp-json\/wp\/v2\/product\/1900","targetHints":{"allow":["GET"]}}],"collection":[{"href":"https:\/\/bpont.hu\/shop\/index.php\/wp-json\/wp\/v2\/product"}],"about":[{"href":"https:\/\/bpont.hu\/shop\/index.php\/wp-json\/wp\/v2\/types\/product"}],"version-history":[{"count":5,"href":"https:\/\/bpont.hu\/shop\/index.php\/wp-json\/wp\/v2\/product\/1900\/revisions"}],"predecessor-version":[{"id":7890,"href":"https:\/\/bpont.hu\/shop\/index.php\/wp-json\/wp\/v2\/product\/1900\/revisions\/7890"}],"wp:featuredmedia":[{"embeddable":true,"href":"https:\/\/bpont.hu\/shop\/index.php\/wp-json\/wp\/v2\/media\/1894"}],"wp:attachment":[{"href":"https:\/\/bpont.hu\/shop\/index.php\/wp-json\/wp\/v2\/media?parent=1900"}],"wp:term":[{"taxonomy":"product_brand","embeddable":true,"href":"https:\/\/bpont.hu\/shop\/index.php\/wp-json\/wp\/v2\/product_brand?post=1900"},{"taxonomy":"product_cat","embeddable":true,"href":"https:\/\/bpont.hu\/shop\/index.php\/wp-json\/wp\/v2\/product_cat?post=1900"},{"taxonomy":"product_tag","embeddable":true,"href":"https:\/\/bpont.hu\/shop\/index.php\/wp-json\/wp\/v2\/product_tag?post=1900"}],"curies":[{"name":"wp","href":"https:\/\/api.w.org\/{rel}","templated":true}]}}