{"id":1891,"date":"2025-06-27T11:14:22","date_gmt":"2025-06-27T10:14:22","guid":{"rendered":"https:\/\/bpont.shop.hu\/?post_type=product&#038;p=1891"},"modified":"2026-05-05T14:46:12","modified_gmt":"2026-05-05T12:46:12","slug":"lb2-uc30-l1-dobozos-hangszoro-30w-feher-ip65","status":"publish","type":"product","link":"https:\/\/bpont.hu\/shop\/index.php\/product\/lb2-uc30-l1-dobozos-hangszoro-30w-feher-ip65\/","title":{"rendered":"LB2-UC30-L1<br>Dobozos Hangsz\u00f3r\u00f3 30W feh\u00e9r IP65"},"content":{"rendered":"<p>LB2-UC30-L1<br \/>\nAz LB2-UCxx-x1 Premium hangsz\u00f3r\u00f3k a besz\u00e9d, az el\u0151t\u00e9r \u00e9s a h\u00e1tt\u00e9rzene egy\u00e9rtelm\u0171 reproduk\u00e1l\u00e1s\u00e1ra szolg\u00e1lnak a belt\u00e9ri \u00e9s k\u00fclt\u00e9ri alkalmaz\u00e1sokban. A pr\u00e9mium hang-dobozok hangsug\u00e1rz\u00f3ja egy 15 W \u00e9s 30 W-os modellt tartalmaz, amely vil\u00e1gos vagy s\u00f6t\u00e9t sz\u00edn\u0171. A hangsz\u00f3r\u00f3k kiv\u00e1laszthat\u00f3 8 ohm, 70 V \u00e9s 100 V bemenettel rendelkeznek.<br \/>\nAz ABS szekr\u00e9nyek alum\u00ednium el\u00fcls\u0151 r\u00e1csokkal \u00e9s szabv\u00e1nyos alum\u00ednium tart\u00f3val vannak felszerelve. Jellemz\u0151 alkalmaz\u00e1sok: t\u00e9mab\u00e1rok, zenei \u00e9ttermek, sz\u00f3rakoztat\u00f3 parkok, kiskereskedelmi \u00fczletek, audio-vizu\u00e1lis, t\u00e1rgyal\u00f3termek \u00e9s irod\u00e1k, ki\u00e1ll\u00edt\u00e1si ter\u00fcletek, bemutat\u00f3termek \u00e9s fitneszk\u00f6zpontok.<br \/>\nTulajdons\u00e1gok:<br \/>\n&#8211; Magas szint\u0171 zenei \u00e9s besz\u00e9d-hang visszaad\u00e1si jellemz\u0151k<br \/>\n&#8211; Kiv\u00e1laszhat\u00f3 bemenetek: 8 ohm, 70 V \u00e9s 100 V<br \/>\n&#8211; Kompakt ABS burkolatok<br \/>\n&#8211; \u00c1ll\u00edthat\u00f3 szerelv\u00e9nyek<br \/>\n&#8211; IP65 <\/p>\n","protected":false},"excerpt":{"rendered":"<p>Rendel\u00e9si k\u00f3d: F.01U.283.993<\/p>\n","protected":false},"featured_media":1887,"template":"","meta":[],"product_brand":[],"product_cat":[353],"product_tag":[25],"class_list":{"0":"post-1891","1":"product","2":"type-product","3":"status-publish","4":"has-post-thumbnail","6":"product_cat-dobozos-hangszoro","7":"product_tag-bosch","9":"first","10":"instock","11":"taxable","12":"shipping-taxable","13":"purchasable","14":"product-type-simple"},"jetpack_sharing_enabled":true,"_links":{"self":[{"href":"https:\/\/bpont.hu\/shop\/index.php\/wp-json\/wp\/v2\/product\/1891","targetHints":{"allow":["GET"]}}],"collection":[{"href":"https:\/\/bpont.hu\/shop\/index.php\/wp-json\/wp\/v2\/product"}],"about":[{"href":"https:\/\/bpont.hu\/shop\/index.php\/wp-json\/wp\/v2\/types\/product"}],"version-history":[{"count":5,"href":"https:\/\/bpont.hu\/shop\/index.php\/wp-json\/wp\/v2\/product\/1891\/revisions"}],"predecessor-version":[{"id":7886,"href":"https:\/\/bpont.hu\/shop\/index.php\/wp-json\/wp\/v2\/product\/1891\/revisions\/7886"}],"wp:featuredmedia":[{"embeddable":true,"href":"https:\/\/bpont.hu\/shop\/index.php\/wp-json\/wp\/v2\/media\/1887"}],"wp:attachment":[{"href":"https:\/\/bpont.hu\/shop\/index.php\/wp-json\/wp\/v2\/media?parent=1891"}],"wp:term":[{"taxonomy":"product_brand","embeddable":true,"href":"https:\/\/bpont.hu\/shop\/index.php\/wp-json\/wp\/v2\/product_brand?post=1891"},{"taxonomy":"product_cat","embeddable":true,"href":"https:\/\/bpont.hu\/shop\/index.php\/wp-json\/wp\/v2\/product_cat?post=1891"},{"taxonomy":"product_tag","embeddable":true,"href":"https:\/\/bpont.hu\/shop\/index.php\/wp-json\/wp\/v2\/product_tag?post=1891"}],"curies":[{"name":"wp","href":"https:\/\/api.w.org\/{rel}","templated":true}]}}