{"id":1863,"date":"2025-06-27T11:14:18","date_gmt":"2025-06-27T10:14:18","guid":{"rendered":"https:\/\/bpont.shop.hu\/?post_type=product&#038;p=1863"},"modified":"2026-05-05T14:46:12","modified_gmt":"2026-05-05T12:46:12","slug":"lb20-pc60ew-5d-dobozos-hangszoro-5-70-100v-fekete-parban-ip65","status":"publish","type":"product","link":"https:\/\/bpont.hu\/shop\/index.php\/product\/lb20-pc60ew-5d-dobozos-hangszoro-5-70-100v-fekete-parban-ip65\/","title":{"rendered":"LB20-PC60EW-5D<br>Dobozos Hangsz\u00f3r\u00f3 5&#8243; 70\/100V Fekete P\u00e1rban IP65"},"content":{"rendered":"<p>LB20-PC60EW-5D<br \/>\nA Bosch LB20-PC60EW-5D nagy teljes\u00edtm\u00e9ny\u0171, k\u00e9tir\u00e1ny\u00fa, 5.25&#8243; (133mm) fel\u00fcletre szerelhet\u0151 hangsz\u00f3r\u00f3, kiv\u00e1l\u00f3 sz\u00e9les \u00e9s egyenletes lefedetts\u00e9ggel valamint kiemelked\u0151 teljes\u00edtm\u00e9nnyel rendelkezik. H\u00e1tt\u00e9rzene, szem\u00e9lyh\u00edv\u00f3 \u00e9s hanger\u0151s\u00edt\u00e9s funkci\u00f3kra lett tervezve, ide\u00e1lis belt\u00e9ri \u00e9s k\u00fclt\u00e9ri alkalmaz\u00e1sok sz\u00e9les sk\u00e1l\u00e1j\u00e1hoz, p\u00e9ld\u00e1ul \u00e9ttermekhez, b\u00e1rokhoz, teraszokhoz, kiskereskedelmi, fitneszklubokhoz, vend\u00e9gl\u00e1t\u00e1shoz, vid\u00e1mparkokhoz, szabadid\u0151s helysz\u00ednekhez \u00e9s m\u00e1sokhoz. Az LB20-PC30-5D t\u00f6k\u00e9letes megold\u00e1st ny\u00fajt a fel\u00fcleti szerel\u00e9si alkalmaz\u00e1sokhoz.<br \/>\nAz LB20-PC60EW-5D a Bosch egyedi \u00e9s innovat\u00edv szerel\u0151rendszer\u00e9t tartalmazza, \u00edgy minden telep\u00edt\u00e9s gyors, egyszer\u0171 \u00e9s megb\u00edzhat\u00f3. A szerel\u00e9si rendszer v\u00edzszintesen 90 fokos elfordul\u00e1st \u00e9s f\u00fcgg\u0151legesen 45 fokos forg\u00e1st tesz lehet\u0151v\u00e9, \u00e9s k\u00f6nnyen felszerelhet\u0151 falakra \u00e9s mennyezetre.<br \/>\nAz LB20-PC60EW-5D egy 60 W-os hangsz\u00f3r\u00f3 transzform\u00e1tort haszn\u00e1l, amely 7.5 W (70 V-on csak), 15 W, 30W vagy 60 W-os lehet\u0151s\u00e9get k\u00edn\u00e1l k\u00fcl\u00f6nb\u00f6z\u0151 rendszerhez 70 V vagy 100 V-os vagy 8OHM vonalakhoz. A v\u00e1laszt\u00e1s egy Euroblock csatlakoz\u00f3val t\u00f6rt\u00e9nik a hangsz\u00f3r\u00f3 h\u00e1toldal\u00e1n tal\u00e1lhat\u00f3 bemeneti panelen.<br \/>\nAz LB20-PC60EW-5D-et gondosan tervezt\u00e9k, hogy ellen\u00e1lljon a k\u00fclt\u00e9ri k\u00f6rnyezeti hat\u00e1soknak, megtartva a belt\u00e9ri alkalmaz\u00e1sok profilj\u00e1t \u00e9s teljes\u00edtm\u00e9ny\u00e9t. A teljes tartom\u00e1ny\u00fa hangsz\u00f3r\u00f3 IP54 min\u0151s\u00edt\u00e9s\u0171, \u00e9s az id\u0151j\u00e1r\u00e1s-ellen\u00e1ll\u00f3 k\u00e9pess\u00e9ge kiv\u00e9teles, a doboz \u00e9s a r\u00e1cs ellen\u00e1ll a nap, a s\u00f3 \u00e9s a nedvess\u00e9g ellen.<br \/>\nMinden LB20 modell fekete vagy feh\u00e9r sz\u00ednben kaphat\u00f3, \u00e9s k\u00f6nnyen d\u00edsz\u00edthet\u0151k. A transzform\u00e1tor v\u00e1ltozatok \u00e1lland\u00f3 fesz\u00fclts\u00e9g\u0171 rendszerek sz\u00e1m\u00e1ra is rendelkez\u00e9sre \u00e1llnak.<br \/>\nTulajdons\u00e1gok:<br \/>\n&#8211; Innovat\u00edv r\u00f6gz\u00edt\u00e9si rendszer az egyszer\u0171 \u00e9s gyors telep\u00edt\u00e9s \u00e9rdek\u00e9ben<br \/>\n&#8211; IP54 k\u00fclt\u00e9rre is szerelhet\u0151 hangsz\u00f3r\u00f3k<br \/>\n&#8211; T\u00e1voli hang k\u00f6sz\u00f6nhet\u0151 a  5.25&#8243; (133 mm)-es hangsug\u00e1rz\u00f3nak<br \/>\n&#8211;  ABS burkolat ellen\u00e1ll a k\u00fclt\u00e9ri hat\u00e1soknak<br \/>\n&#8211; 55 Hz-es hang kibocs\u00e1jt\u00e1sra is k\u00e9pes<br \/>\n&#8211; 90W 108dB<\/p>\n","protected":false},"excerpt":{"rendered":"<p>Rendel\u00e9si k\u00f3d: F.01U.331.736<\/p>\n","protected":false},"featured_media":1864,"template":"","meta":[],"product_brand":[],"product_cat":[353],"product_tag":[25],"class_list":{"0":"post-1863","1":"product","2":"type-product","3":"status-publish","4":"has-post-thumbnail","6":"product_cat-dobozos-hangszoro","7":"product_tag-bosch","9":"first","10":"instock","11":"taxable","12":"shipping-taxable","13":"product-type-simple"},"jetpack_sharing_enabled":true,"_links":{"self":[{"href":"https:\/\/bpont.hu\/shop\/index.php\/wp-json\/wp\/v2\/product\/1863","targetHints":{"allow":["GET"]}}],"collection":[{"href":"https:\/\/bpont.hu\/shop\/index.php\/wp-json\/wp\/v2\/product"}],"about":[{"href":"https:\/\/bpont.hu\/shop\/index.php\/wp-json\/wp\/v2\/types\/product"}],"version-history":[{"count":5,"href":"https:\/\/bpont.hu\/shop\/index.php\/wp-json\/wp\/v2\/product\/1863\/revisions"}],"predecessor-version":[{"id":7875,"href":"https:\/\/bpont.hu\/shop\/index.php\/wp-json\/wp\/v2\/product\/1863\/revisions\/7875"}],"wp:featuredmedia":[{"embeddable":true,"href":"https:\/\/bpont.hu\/shop\/index.php\/wp-json\/wp\/v2\/media\/1864"}],"wp:attachment":[{"href":"https:\/\/bpont.hu\/shop\/index.php\/wp-json\/wp\/v2\/media?parent=1863"}],"wp:term":[{"taxonomy":"product_brand","embeddable":true,"href":"https:\/\/bpont.hu\/shop\/index.php\/wp-json\/wp\/v2\/product_brand?post=1863"},{"taxonomy":"product_cat","embeddable":true,"href":"https:\/\/bpont.hu\/shop\/index.php\/wp-json\/wp\/v2\/product_cat?post=1863"},{"taxonomy":"product_tag","embeddable":true,"href":"https:\/\/bpont.hu\/shop\/index.php\/wp-json\/wp\/v2\/product_tag?post=1863"}],"curies":[{"name":"wp","href":"https:\/\/api.w.org\/{rel}","templated":true}]}}