{"id":1840,"date":"2025-06-27T11:14:15","date_gmt":"2025-06-27T10:14:15","guid":{"rendered":"https:\/\/bpont.shop.hu\/?post_type=product&#038;p=1840"},"modified":"2026-05-05T14:46:12","modified_gmt":"2026-05-05T12:46:12","slug":"lb1-um06e-1-fembol-keszult-dobozos-hangszoro-veszhangositas","status":"publish","type":"product","link":"https:\/\/bpont.hu\/shop\/index.php\/product\/lb1-um06e-1-fembol-keszult-dobozos-hangszoro-veszhangositas\/","title":{"rendered":"LB1-UM06E-1<br>F\u00e9mb\u0151l k\u00e9sz\u00fclt Dobozos Hangsz\u00f3r\u00f3 V\u00e9szhangos\u00edt\u00e1s"},"content":{"rendered":"<p>LB1-UM06E-1<br \/>\nAz LB1-UM06E-1 k\u00f6r alak\u00fa f\u00e9mh\u00e1zas v\u00e9szhelyzeti hangsz\u00f3r\u00f3 professzion\u00e1lis teljes\u00edtm\u00e9nyt ny\u00fajt egy robusztus, m\u00e9gis eszt\u00e9tikus kivitel\u0171 f\u00e9mh\u00e1zban. Ide\u00e1lis hangsz\u00f3r\u00f3 belt\u00e9ri haszn\u00e1latra irod\u00e1kban, iskol\u00e1kban, parkol\u00f3kban, bev\u00e1s\u00e1rl\u00f3k\u00f6zpontokban \u00e9s olyan helyeken, ahol fenn\u00e1ll a vandalizmus vesz\u00e9lye.<br \/>\nV\u00e9szhangos\u00edt\u00e1s<br \/>\nA v\u00e9szhangos\u00edt\u00e1si hangsz\u00f3r\u00f3kat kifejezetten olyan \u00e9p\u00fcletekben val\u00f3 haszn\u00e1latra tervezt\u00e9k, ahol a PA rendszerek teljes\u00edtm\u00e9ny\u00e9re hivatalos szab\u00e1lyoz\u00e1sok vonatkoznak. Az LB1 UM06E-1 hangsz\u00f3r\u00f3t v\u00e9szhangos\u00edt\u00e1si rendszerekhez tervezt\u00e9k, \u00e9s megfelel a brit BS 5839-8 \u00e9s az EN 60849 szabv\u00e1nynak.<br \/>\nTulajdons\u00e1gok:<br \/>\n&#8211; Alkalmas besz\u00e9d \u00e9s zene visszaad\u00e1s\u00e1ra<br \/>\n&#8211; Robusztus f\u00e9mh\u00e1z<br \/>\n&#8211; Fel\u00fcleti \u00e9s\/vagy s\u00fcllyesztett szerel\u00e9s<br \/>\n&#8211; El\u0151k\u00e9sz\u00edt\u00e9s az opcion\u00e1lis vonal-\/hangsz\u00f3r\u00f3fel\u00fcgyeleti k\u00e1rty\u00e1k bels\u0151 felszerel\u00e9s\u00e9hez<br \/>\n&#8211; Hangos evaku\u00e1l\u00e1si rendszerekhez aj\u00e1nlott<\/p>\n","protected":false},"excerpt":{"rendered":"<p>Rendel\u00e9si k\u00f3d: F.01U.126.924<\/p>\n","protected":false},"featured_media":1841,"template":"","meta":[],"product_brand":[],"product_cat":[353],"product_tag":[25],"class_list":{"0":"post-1840","1":"product","2":"type-product","3":"status-publish","4":"has-post-thumbnail","6":"product_cat-dobozos-hangszoro","7":"product_tag-bosch","9":"first","10":"instock","11":"taxable","12":"shipping-taxable","13":"purchasable","14":"product-type-simple"},"jetpack_sharing_enabled":true,"_links":{"self":[{"href":"https:\/\/bpont.hu\/shop\/index.php\/wp-json\/wp\/v2\/product\/1840","targetHints":{"allow":["GET"]}}],"collection":[{"href":"https:\/\/bpont.hu\/shop\/index.php\/wp-json\/wp\/v2\/product"}],"about":[{"href":"https:\/\/bpont.hu\/shop\/index.php\/wp-json\/wp\/v2\/types\/product"}],"version-history":[{"count":5,"href":"https:\/\/bpont.hu\/shop\/index.php\/wp-json\/wp\/v2\/product\/1840\/revisions"}],"predecessor-version":[{"id":7866,"href":"https:\/\/bpont.hu\/shop\/index.php\/wp-json\/wp\/v2\/product\/1840\/revisions\/7866"}],"wp:featuredmedia":[{"embeddable":true,"href":"https:\/\/bpont.hu\/shop\/index.php\/wp-json\/wp\/v2\/media\/1841"}],"wp:attachment":[{"href":"https:\/\/bpont.hu\/shop\/index.php\/wp-json\/wp\/v2\/media?parent=1840"}],"wp:term":[{"taxonomy":"product_brand","embeddable":true,"href":"https:\/\/bpont.hu\/shop\/index.php\/wp-json\/wp\/v2\/product_brand?post=1840"},{"taxonomy":"product_cat","embeddable":true,"href":"https:\/\/bpont.hu\/shop\/index.php\/wp-json\/wp\/v2\/product_cat?post=1840"},{"taxonomy":"product_tag","embeddable":true,"href":"https:\/\/bpont.hu\/shop\/index.php\/wp-json\/wp\/v2\/product_tag?post=1840"}],"curies":[{"name":"wp","href":"https:\/\/api.w.org\/{rel}","templated":true}]}}