{"id":175,"date":"2025-06-19T07:18:57","date_gmt":"2025-06-19T06:18:57","guid":{"rendered":"https:\/\/bpont.shop.hu\/index.php\/product\/prd-0004-a-hosszu-kozpont-sin-barmilyik-modul-illesztesere\/"},"modified":"2026-05-05T14:45:51","modified_gmt":"2026-05-05T12:45:51","slug":"prd-0004-a-hosszu-kozpont-sin-barmilyik-modul-illesztesere","status":"publish","type":"product","link":"https:\/\/bpont.hu\/shop\/index.php\/product\/prd-0004-a-hosszu-kozpont-sin-barmilyik-modul-illesztesere\/","title":{"rendered":"PRD 0004 A<br>Hossz\u00fa K\u00f6zpont s\u00edn b\u00e1rmelyik modul illeszt\u00e9s\u00e9re"},"content":{"rendered":"<p>PRD 0004 A<br \/>\nA r\u00f6vid k\u00f6zponti s\u00edn \u00e9s a hossz\u00fa k\u00f6zponti s\u00edn \u00fcvegsz\u00e1llal meger\u0151s\u00edtett m\u0171anyagb\u00f3l k\u00e9sz\u00fclt.<br \/>\nA PRD 0004 A feladata, hogy a k\u00f6zponti t\u00e1pegys\u00e9gr\u0151l megt\u00e1pl\u00e1lja a modulokat \u00e9s kommunik\u00e1ci\u00f3s csatorn\u00e1t biztos\u00edtson a vez\u00e9rl\u0151vel.<br \/>\nA hossz\u00fa s\u00ednre 4 db b\u0151v\u00edt\u0151 modol helyezhet\u0151, a modulokat automatikusan felismeri a rendszer fel\u00e9leszt\u00e9sn\u00e9l.<br \/>\nA modulok a s\u00ednen \u00fczem k\u00f6zben is cser\u00e9lhet\u0151k azonos t\u00edpusra. <\/p>\n","protected":false},"excerpt":{"rendered":"<p>Rendel\u00e9si k\u00f3d: 4.998.137.280<\/p>\n","protected":false},"featured_media":174,"template":"","meta":[],"product_brand":[],"product_cat":[313],"product_tag":[25],"class_list":{"0":"post-175","1":"product","2":"type-product","3":"status-publish","4":"has-post-thumbnail","6":"product_cat-kozpont-modulok-hazak-tartozekok","7":"product_tag-bosch","9":"first","10":"instock","11":"taxable","12":"shipping-taxable","13":"purchasable","14":"product-type-simple"},"jetpack_sharing_enabled":true,"_links":{"self":[{"href":"https:\/\/bpont.hu\/shop\/index.php\/wp-json\/wp\/v2\/product\/175","targetHints":{"allow":["GET"]}}],"collection":[{"href":"https:\/\/bpont.hu\/shop\/index.php\/wp-json\/wp\/v2\/product"}],"about":[{"href":"https:\/\/bpont.hu\/shop\/index.php\/wp-json\/wp\/v2\/types\/product"}],"version-history":[{"count":3,"href":"https:\/\/bpont.hu\/shop\/index.php\/wp-json\/wp\/v2\/product\/175\/revisions"}],"predecessor-version":[{"id":7323,"href":"https:\/\/bpont.hu\/shop\/index.php\/wp-json\/wp\/v2\/product\/175\/revisions\/7323"}],"wp:featuredmedia":[{"embeddable":true,"href":"https:\/\/bpont.hu\/shop\/index.php\/wp-json\/wp\/v2\/media\/174"}],"wp:attachment":[{"href":"https:\/\/bpont.hu\/shop\/index.php\/wp-json\/wp\/v2\/media?parent=175"}],"wp:term":[{"taxonomy":"product_brand","embeddable":true,"href":"https:\/\/bpont.hu\/shop\/index.php\/wp-json\/wp\/v2\/product_brand?post=175"},{"taxonomy":"product_cat","embeddable":true,"href":"https:\/\/bpont.hu\/shop\/index.php\/wp-json\/wp\/v2\/product_cat?post=175"},{"taxonomy":"product_tag","embeddable":true,"href":"https:\/\/bpont.hu\/shop\/index.php\/wp-json\/wp\/v2\/product_tag?post=175"}],"curies":[{"name":"wp","href":"https:\/\/api.w.org\/{rel}","templated":true}]}}