{"id":1749,"date":"2025-06-27T11:13:58","date_gmt":"2025-06-27T10:13:58","guid":{"rendered":"https:\/\/bpont.shop.hu\/?post_type=product&#038;p=1749"},"modified":"2026-05-05T14:46:10","modified_gmt":"2026-05-05T12:46:10","slug":"npd-6001b-tapfelado-egyes-60w","status":"publish","type":"product","link":"https:\/\/bpont.hu\/shop\/index.php\/product\/npd-6001b-tapfelado-egyes-60w\/","title":{"rendered":"NPD-6001B<br>T\u00e1pfelad\u00f3 egyes 60W"},"content":{"rendered":"<p>NPD-6001B<br \/>\nA 60 W-os t\u00e1pfelad\u00f3 (NPD-6001B) lehet\u0151v\u00e9 teszi a t\u00e1voli High Power over Ethernet (High PoE) haszn\u00e1lat\u00e1t k\u00fcl\u00f6nb\u00f6z\u0151 Bosch IP \/ HD PTZ kamer\u00e1khoz. Legfeljebb 60 W-ot szolg\u00e1ltatva megfelel az IEEE 802.3af \u00e9s az IEEE 802.3at szabv\u00e1nyoknak. Csak a belt\u00e9ri telep\u00edt\u00e9shez aj\u00e1nlott. A t\u00e1pfelad\u00f3 t\u00falfesz\u00fclts\u00e9g-v\u00e9delmet biztos\u00edt, amely optim\u00e1lis a k\u00fclt\u00e9ri t\u00e1pell\u00e1t\u00e1s\u00fa eszk\u00f6z\u00f6k telep\u00edt\u00e9s\u00e9hez is. Az NPD-6001B-nek egyetlen portja van \u00e9s \u00fagy tervezt\u00e9k, hogy adatokat \u00e9s energi\u00e1t tov\u00e1bb\u00edtson egy szabv\u00e1nyos CAT5e (vagy jobb) k\u00e1belen kereszt\u00fcl, amely mind a 4 \u00e9r-p\u00e1rt felhaszn\u00e1lja.<br \/>\nTulajdons\u00e1gok:<br \/>\n&#8211; T\u00e1mogatja a nagy teljes\u00edtm\u00e9ny\u0171 PoE \/ PoH-t \u00e9s megfelel mind az IEEE 802.3af, mind az IEEE 802.3at szabv\u00e1nyoknak<br \/>\n&#8211; Vill\u00e1mv\u00e9delem<br \/>\n&#8211; A nem szabv\u00e1nyos Ethernet termin\u00e1lokat automatikusan \u00e9rz\u00e9keli \u00e9s v\u00e9di<\/p>\n","protected":false},"excerpt":{"rendered":"<p>Rendel\u00e9si k\u00f3d: F.01U.347.358<\/p>\n","protected":false},"featured_media":1750,"template":"","meta":[],"product_brand":[],"product_cat":[321],"product_tag":[25],"class_list":{"0":"post-1749","1":"product","2":"type-product","3":"status-publish","4":"has-post-thumbnail","6":"product_cat-tapegysegek-kabelek-csatlakozok","7":"product_tag-bosch","9":"first","10":"instock","11":"taxable","12":"shipping-taxable","13":"purchasable","14":"product-type-simple"},"jetpack_sharing_enabled":true,"_links":{"self":[{"href":"https:\/\/bpont.hu\/shop\/index.php\/wp-json\/wp\/v2\/product\/1749","targetHints":{"allow":["GET"]}}],"collection":[{"href":"https:\/\/bpont.hu\/shop\/index.php\/wp-json\/wp\/v2\/product"}],"about":[{"href":"https:\/\/bpont.hu\/shop\/index.php\/wp-json\/wp\/v2\/types\/product"}],"version-history":[{"count":5,"href":"https:\/\/bpont.hu\/shop\/index.php\/wp-json\/wp\/v2\/product\/1749\/revisions"}],"predecessor-version":[{"id":7824,"href":"https:\/\/bpont.hu\/shop\/index.php\/wp-json\/wp\/v2\/product\/1749\/revisions\/7824"}],"wp:featuredmedia":[{"embeddable":true,"href":"https:\/\/bpont.hu\/shop\/index.php\/wp-json\/wp\/v2\/media\/1750"}],"wp:attachment":[{"href":"https:\/\/bpont.hu\/shop\/index.php\/wp-json\/wp\/v2\/media?parent=1749"}],"wp:term":[{"taxonomy":"product_brand","embeddable":true,"href":"https:\/\/bpont.hu\/shop\/index.php\/wp-json\/wp\/v2\/product_brand?post=1749"},{"taxonomy":"product_cat","embeddable":true,"href":"https:\/\/bpont.hu\/shop\/index.php\/wp-json\/wp\/v2\/product_cat?post=1749"},{"taxonomy":"product_tag","embeddable":true,"href":"https:\/\/bpont.hu\/shop\/index.php\/wp-json\/wp\/v2\/product_tag?post=1749"}],"curies":[{"name":"wp","href":"https:\/\/api.w.org\/{rel}","templated":true}]}}