{"id":1740,"date":"2025-06-27T11:13:56","date_gmt":"2025-06-27T10:13:56","guid":{"rendered":"https:\/\/bpont.shop.hu\/?post_type=product&#038;p=1740"},"modified":"2026-03-11T16:39:41","modified_gmt":"2026-03-11T14:39:41","slug":"kbd-uxf-kbd-universal-xf","status":"publish","type":"product","link":"https:\/\/bpont.hu\/shop\/index.php\/product\/kbd-uxf-kbd-universal-xf\/","title":{"rendered":"KBD-UXF<br>KBD Universal XF"},"content":{"rendered":"<p>KBD-UXF<br \/>\nA KBD-Universal XF kezel\u0151egys\u00e9g seg\u00edts\u00e9g\u00e9vel a Bosch egy tov\u00e1bbi m\u00f3dszert biztos\u00edt a Bosch Video Management System VMS vez\u00e9rl\u00e9s\u00e9re, az \u00e9p\u00fcletintegr\u00e1ci\u00f3s rendszer (BIS) a Video Engine, a DIVAR IP 3000 \u00e9s a DIVAR IP 7000 haszn\u00e1lat\u00e1ra tervezt\u00e9k. Egy modern \u201evideo-over-IP\u201d menedzsment rendszeren kereszt\u00fcl haszn\u00e1lhatja ezt a billenty\u0171zetet a tipikus DVR funkci\u00f3k v\u00e9grehajt\u00e1s\u00e1ra. A billenty\u0171zethez jogkapcsol\u00f3, joystick 38 h\u00e1tt\u00e9rvil\u00e1g\u00edt\u00e1s\u00fa gombok, riaszt\u00f3 hangjelz\u0151 tartozik, \u00e9s lehet\u0151v\u00e9 teszi a video-over-IP eszk\u00f6z\u00f6k kezel\u00e9s\u00e9t, amelyeket Bosch VMS vagy DIVAR IP rendszerben haszn\u00e1lnak. A 4 tengelyes HID joystick emul\u00e1l\u00e1sa lehet\u0151v\u00e9 teszi a z\u00f6kken\u0151mentes PTZ m\u0171k\u00f6d\u00e9s\u00e9t. A k\u00e9sz\u00fcl\u00e9k a szok\u00e1sos PC-perif\u00e9ri\u00e1kkal, p\u00e9ld\u00e1ul billenty\u0171zetekkel, eg\u00e9rrel, joystickokkal vagy egy\u00e9b tartoz\u00e9kokkal egy\u00fctt is haszn\u00e1lhat\u00f3. USB-meghajt\u00f3, \u00e9s csak egy k\u00e1belt ig\u00e9nyel. Fordulhat \u00fagy, hogy mind a jobb, mind a bal oldali felhaszn\u00e1l\u00f3k k\u00f6nnyed\u00e9n haszn\u00e1lhatj\u00e1k az \u00f6sszes funkci\u00f3t. Ez az egyszer\u0171, felhaszn\u00e1l\u00f3bar\u00e1t \u00e9s teljesen megval\u00f3s\u00edthat\u00f3 billenty\u0171zet lehet\u0151v\u00e9 teszi a CCTV alkalmaz\u00e1sok k\u00e9nyelmes \u00e9s intuit\u00edv kezel\u00e9s\u00e9t a PC-r\u0151l.<\/p>\n","protected":false},"excerpt":{"rendered":"<p>Rendel\u00e9si k\u00f3d: F.01U.279.328<\/p>\n","protected":false},"featured_media":1741,"template":"","meta":[],"product_brand":[],"product_cat":[320],"product_tag":[25],"class_list":{"0":"post-1740","1":"product","2":"type-product","3":"status-publish","4":"has-post-thumbnail","6":"product_cat-kamerahazak-konzolok","7":"product_tag-bosch","9":"first","10":"instock","11":"taxable","12":"shipping-taxable","13":"purchasable","14":"product-type-simple"},"jetpack_sharing_enabled":true,"_links":{"self":[{"href":"https:\/\/bpont.hu\/shop\/index.php\/wp-json\/wp\/v2\/product\/1740","targetHints":{"allow":["GET"]}}],"collection":[{"href":"https:\/\/bpont.hu\/shop\/index.php\/wp-json\/wp\/v2\/product"}],"about":[{"href":"https:\/\/bpont.hu\/shop\/index.php\/wp-json\/wp\/v2\/types\/product"}],"version-history":[{"count":5,"href":"https:\/\/bpont.hu\/shop\/index.php\/wp-json\/wp\/v2\/product\/1740\/revisions"}],"predecessor-version":[{"id":7821,"href":"https:\/\/bpont.hu\/shop\/index.php\/wp-json\/wp\/v2\/product\/1740\/revisions\/7821"}],"wp:featuredmedia":[{"embeddable":true,"href":"https:\/\/bpont.hu\/shop\/index.php\/wp-json\/wp\/v2\/media\/1741"}],"wp:attachment":[{"href":"https:\/\/bpont.hu\/shop\/index.php\/wp-json\/wp\/v2\/media?parent=1740"}],"wp:term":[{"taxonomy":"product_brand","embeddable":true,"href":"https:\/\/bpont.hu\/shop\/index.php\/wp-json\/wp\/v2\/product_brand?post=1740"},{"taxonomy":"product_cat","embeddable":true,"href":"https:\/\/bpont.hu\/shop\/index.php\/wp-json\/wp\/v2\/product_cat?post=1740"},{"taxonomy":"product_tag","embeddable":true,"href":"https:\/\/bpont.hu\/shop\/index.php\/wp-json\/wp\/v2\/product_tag?post=1740"}],"curies":[{"name":"wp","href":"https:\/\/api.w.org\/{rel}","templated":true}]}}