{"id":173,"date":"2025-06-19T07:18:56","date_gmt":"2025-06-19T06:18:56","guid":{"rendered":"https:\/\/bpont.shop.hu\/index.php\/product\/prs-0002-c-rovid-kozpont-sin-c-kijelzo-vezerlohoz-bcm-modulhoz\/"},"modified":"2026-05-05T14:45:51","modified_gmt":"2026-05-05T12:45:51","slug":"prs-0002-c-rovid-kozpont-sin-c-kijelzo-vezerlohoz-bcm-modulhoz","status":"publish","type":"product","link":"https:\/\/bpont.hu\/shop\/index.php\/product\/prs-0002-c-rovid-kozpont-sin-c-kijelzo-vezerlohoz-bcm-modulhoz\/","title":{"rendered":"PRS-0002-C<br>R\u00f6vid K\u00f6zpont s\u00edn &#8221;c&#8221;-kijelz\u0151\/vez\u00e9rl\u0151h\u00f6z BCM modulhoz"},"content":{"rendered":"<p>PRS-0002-C<br \/>\nA r\u00f6vid k\u00f6zponti s\u00edn \u00e9s a hossz\u00fa k\u00f6zponti s\u00edn \u00fcvegsz\u00e1llal meger\u0151s\u00edtett m\u0171anyagb\u00f3l k\u00e9sz\u00fclt.<br \/>\nA PRS 002 A r\u00f6vid k\u00f6zponti s\u00edn a kijelz\u0151 (vez\u00e9rl\u0151) alatti, helyre szerelhet\u0151.<br \/>\nFeladata, a BCM modul (akkumul\u00e1tor\u00e9-vez\u00e9rl\u0151) hely\u00e9t biztos\u00edtsa, valamint 1 b\u0151v\u00edt\u0151 modul helyet ad olyan modulok r\u00e9sz\u00e9re melyeknek nincs EN szabv\u00e1ny szerinti LED-kijelz\u00e9s\u00fck.<br \/>\nA m\u00e1sodik helyre ker\u00fcl\u0151 modulok a vez\u00e9rl\u0151- kijelz\u0151 miatt takar\u00e1sban maradnak<\/p>\n","protected":false},"excerpt":{"rendered":"<p>Rendel\u00e9si k\u00f3d: F.01U.284.903<\/p>\n","protected":false},"featured_media":172,"template":"","meta":[],"product_brand":[],"product_cat":[313],"product_tag":[25],"class_list":{"0":"post-173","1":"product","2":"type-product","3":"status-publish","4":"has-post-thumbnail","6":"product_cat-kozpont-modulok-hazak-tartozekok","7":"product_tag-bosch","9":"first","10":"instock","11":"taxable","12":"shipping-taxable","13":"purchasable","14":"product-type-simple"},"jetpack_sharing_enabled":true,"_links":{"self":[{"href":"https:\/\/bpont.hu\/shop\/index.php\/wp-json\/wp\/v2\/product\/173","targetHints":{"allow":["GET"]}}],"collection":[{"href":"https:\/\/bpont.hu\/shop\/index.php\/wp-json\/wp\/v2\/product"}],"about":[{"href":"https:\/\/bpont.hu\/shop\/index.php\/wp-json\/wp\/v2\/types\/product"}],"version-history":[{"count":4,"href":"https:\/\/bpont.hu\/shop\/index.php\/wp-json\/wp\/v2\/product\/173\/revisions"}],"predecessor-version":[{"id":7322,"href":"https:\/\/bpont.hu\/shop\/index.php\/wp-json\/wp\/v2\/product\/173\/revisions\/7322"}],"wp:featuredmedia":[{"embeddable":true,"href":"https:\/\/bpont.hu\/shop\/index.php\/wp-json\/wp\/v2\/media\/172"}],"wp:attachment":[{"href":"https:\/\/bpont.hu\/shop\/index.php\/wp-json\/wp\/v2\/media?parent=173"}],"wp:term":[{"taxonomy":"product_brand","embeddable":true,"href":"https:\/\/bpont.hu\/shop\/index.php\/wp-json\/wp\/v2\/product_brand?post=173"},{"taxonomy":"product_cat","embeddable":true,"href":"https:\/\/bpont.hu\/shop\/index.php\/wp-json\/wp\/v2\/product_cat?post=173"},{"taxonomy":"product_tag","embeddable":true,"href":"https:\/\/bpont.hu\/shop\/index.php\/wp-json\/wp\/v2\/product_tag?post=173"}],"curies":[{"name":"wp","href":"https:\/\/api.w.org\/{rel}","templated":true}]}}