{"id":1690,"date":"2025-06-27T11:13:50","date_gmt":"2025-06-27T10:13:50","guid":{"rendered":"https:\/\/bpont.shop.hu\/?post_type=product&#038;p=1690"},"modified":"2026-03-11T16:39:40","modified_gmt":"2026-03-11T14:39:40","slug":"nda-u-wmt-fuggesztett-fali-konzol","status":"publish","type":"product","link":"https:\/\/bpont.hu\/shop\/index.php\/product\/nda-u-wmt-fuggesztett-fali-konzol\/","title":{"rendered":"NDA-U-WMT<br>F\u00fcggesztett fali konzol"},"content":{"rendered":"<p>NDA-U-WMT<br \/>\nA modul\u00e1ris kamerar\u00f6gz\u00edt\u0151k \u00e9s tartoz\u00e9kok a tart\u00f3k, a szerel\u0151 adapterek, a f\u00fcgg\u0151leges interf\u00e9szlemezek \u00e9s a szerel\u0151dobozok csal\u00e1dja, amelyek a Bosch sz\u00e1mos kamer\u00e1j\u00e1hoz haszn\u00e1lhat\u00f3k. A tartoz\u00e9kok k\u00f6nnyen telep\u00edthet\u0151k, \u00e9s kombin\u00e1lhat\u00f3k, hogy egyszer\u0171bb\u00e9 tegy\u00e9k a telep\u00edt\u00e9st, ugyanakkor meg\u0151rizz\u00e9k az azonos megjelen\u00e9st.<br \/>\nA f\u00fcggesztett fali tart\u00f3 t\u00f6bb telep\u00edt\u00e9si lehet\u0151s\u00e9get is t\u00e1mogat, bele\u00e9rtve a k\u00f6zvetlen telep\u00edt\u00e9st egy falhoz,  vagy sarokhoz egy megfelel\u0151 adapter haszn\u00e1lat\u00e1val. Az integr\u00e1lt forg\u00f3 funkci\u00f3 biztos\u00edtja, hogy a be\u00e9p\u00edtett kamera mindig megfelel\u0151 szintben legyen. A szerelv\u00e9ny egyszer\u0171 k\u00e1belkezel\u00e9st tesz lehet\u0151v\u00e9, vagy kombin\u00e1lhat\u00f3 tov\u00e1bbi fel\u00fcletre szerelhet\u0151 szerel\u0151dobozokkal. Biztons\u00e1gos \u00e9s robusztus megold\u00e1st k\u00edn\u00e1l a kamer\u00e1k k\u00f6zvetlen\u00fcl a falra vagy a mennyezetre t\u00f6rt\u00e9n\u0151 felszerel\u00e9s\u00e9hez, az al\u00e1bbi kieg\u00e9sz\u00edt\u0151kkel kombin\u00e1lva:<br \/>\n&#8211; NDA-U-PSMB f\u00fcggesztett fal \/ mennyezeti tart\u00f3 SMB<br \/>\n&#8211; NDA-U-PA0 \/ 1\/2 szerel\u0151doboz<br \/>\n&#8211; NDA-U-WMP falra szerelhet\u0151 lemez<br \/>\n&#8211; NDA-U-CMT sarokcsatlakoz\u00f3 adapter<br \/>\n&#8211; NDA-U-PMAL Cs\u0151-adapter nagy<br \/>\n&#8211; NDA-U-PMAs Cs\u0151-adapter nagy kicsi<\/p>\n","protected":false},"excerpt":{"rendered":"<p>Rendel\u00e9si k\u00f3d: F.01U.324.939<\/p>\n","protected":false},"featured_media":1691,"template":"","meta":[],"product_brand":[],"product_cat":[320],"product_tag":[25],"class_list":{"0":"post-1690","1":"product","2":"type-product","3":"status-publish","4":"has-post-thumbnail","6":"product_cat-kamerahazak-konzolok","7":"product_tag-bosch","9":"first","10":"instock","11":"taxable","12":"shipping-taxable","13":"purchasable","14":"product-type-simple"},"jetpack_sharing_enabled":true,"_links":{"self":[{"href":"https:\/\/bpont.hu\/shop\/index.php\/wp-json\/wp\/v2\/product\/1690","targetHints":{"allow":["GET"]}}],"collection":[{"href":"https:\/\/bpont.hu\/shop\/index.php\/wp-json\/wp\/v2\/product"}],"about":[{"href":"https:\/\/bpont.hu\/shop\/index.php\/wp-json\/wp\/v2\/types\/product"}],"version-history":[{"count":5,"href":"https:\/\/bpont.hu\/shop\/index.php\/wp-json\/wp\/v2\/product\/1690\/revisions"}],"predecessor-version":[{"id":7804,"href":"https:\/\/bpont.hu\/shop\/index.php\/wp-json\/wp\/v2\/product\/1690\/revisions\/7804"}],"wp:featuredmedia":[{"embeddable":true,"href":"https:\/\/bpont.hu\/shop\/index.php\/wp-json\/wp\/v2\/media\/1691"}],"wp:attachment":[{"href":"https:\/\/bpont.hu\/shop\/index.php\/wp-json\/wp\/v2\/media?parent=1690"}],"wp:term":[{"taxonomy":"product_brand","embeddable":true,"href":"https:\/\/bpont.hu\/shop\/index.php\/wp-json\/wp\/v2\/product_brand?post=1690"},{"taxonomy":"product_cat","embeddable":true,"href":"https:\/\/bpont.hu\/shop\/index.php\/wp-json\/wp\/v2\/product_cat?post=1690"},{"taxonomy":"product_tag","embeddable":true,"href":"https:\/\/bpont.hu\/shop\/index.php\/wp-json\/wp\/v2\/product_tag?post=1690"}],"curies":[{"name":"wp","href":"https:\/\/api.w.org\/{rel}","templated":true}]}}