{"id":167,"date":"2025-06-19T07:18:55","date_gmt":"2025-06-19T06:18:55","guid":{"rendered":"https:\/\/bpont.shop.hu\/index.php\/product\/fpe-5000-ugm-ugm-interfesz-modul\/"},"modified":"2026-03-11T16:39:07","modified_gmt":"2026-03-11T14:39:07","slug":"fpe-5000-ugm-ugm-interfesz-modul","status":"publish","type":"product","link":"https:\/\/bpont.hu\/shop\/index.php\/product\/fpe-5000-ugm-ugm-interfesz-modul\/","title":{"rendered":"FPE-5000-UGM<br>UGM interf\u00e9sz modul"},"content":{"rendered":"<p>FPE-5000-UGM<br \/>\nA kommunik\u00e1ci\u00f3s modul az FPA\u20115000 \u00e9s az FPA\u20111200 olyan f\u00f6l\u00e9rendelt rendszerekhez val\u00f3 csatlakoztat\u00e1s\u00e1ra szolg\u00e1l, mint az UGM 2020, FAT 2002\/RE \u00e9s az FSM\u20112000.<br \/>\nA modul k\u00e9t darab k\u00e9tir\u00e1ny\u00fa adat\u00e1tviteli \u00fatvonalat biztos\u00edt.Tulajdons\u00e1gok:<br \/>\n&#8211; Egyszer\u0171 \u00e9s redund\u00e1ns csatlakoztat\u00e1s f\u00f6l\u00e9rendelt rendszerekhez<br \/>\n&#8211; MTS-protokoll<br \/>\n&#8211; Azonnal m\u0171k\u00f6d\u0151k\u00e9pes a \u201eplug-and-play\u201d technol\u00f3gi\u00e1nak \u00e9s a dugaszolhat\u00f3 csatlakoz\u00f3blokkoknak k\u00f6sz\u00f6nhet\u0151en<\/p>\n","protected":false},"excerpt":{"rendered":"<p>Rendel\u00e9si k\u00f3d: F.01U.028.289<\/p>\n","protected":false},"featured_media":166,"template":"","meta":[],"product_brand":[],"product_cat":[313],"product_tag":[25],"class_list":{"0":"post-167","1":"product","2":"type-product","3":"status-publish","4":"has-post-thumbnail","6":"product_cat-kozpont-modulok-hazak-tartozekok","7":"product_tag-bosch","9":"first","10":"instock","11":"taxable","12":"shipping-taxable","13":"purchasable","14":"product-type-simple"},"jetpack_sharing_enabled":true,"_links":{"self":[{"href":"https:\/\/bpont.hu\/shop\/index.php\/wp-json\/wp\/v2\/product\/167","targetHints":{"allow":["GET"]}}],"collection":[{"href":"https:\/\/bpont.hu\/shop\/index.php\/wp-json\/wp\/v2\/product"}],"about":[{"href":"https:\/\/bpont.hu\/shop\/index.php\/wp-json\/wp\/v2\/types\/product"}],"version-history":[{"count":4,"href":"https:\/\/bpont.hu\/shop\/index.php\/wp-json\/wp\/v2\/product\/167\/revisions"}],"predecessor-version":[{"id":7319,"href":"https:\/\/bpont.hu\/shop\/index.php\/wp-json\/wp\/v2\/product\/167\/revisions\/7319"}],"wp:featuredmedia":[{"embeddable":true,"href":"https:\/\/bpont.hu\/shop\/index.php\/wp-json\/wp\/v2\/media\/166"}],"wp:attachment":[{"href":"https:\/\/bpont.hu\/shop\/index.php\/wp-json\/wp\/v2\/media?parent=167"}],"wp:term":[{"taxonomy":"product_brand","embeddable":true,"href":"https:\/\/bpont.hu\/shop\/index.php\/wp-json\/wp\/v2\/product_brand?post=167"},{"taxonomy":"product_cat","embeddable":true,"href":"https:\/\/bpont.hu\/shop\/index.php\/wp-json\/wp\/v2\/product_cat?post=167"},{"taxonomy":"product_tag","embeddable":true,"href":"https:\/\/bpont.hu\/shop\/index.php\/wp-json\/wp\/v2\/product_tag?post=167"}],"curies":[{"name":"wp","href":"https:\/\/api.w.org\/{rel}","templated":true}]}}