{"id":163,"date":"2025-06-19T07:18:54","date_gmt":"2025-06-19T06:18:54","guid":{"rendered":"https:\/\/bpont.shop.hu\/index.php\/product\/rmh-0002-a-2-zonas-nagyfeszultsegu-rele-modul\/"},"modified":"2026-03-11T16:39:07","modified_gmt":"2026-03-11T14:39:07","slug":"rmh-0002-a-2-zonas-nagyfeszultsegu-rele-modul","status":"publish","type":"product","link":"https:\/\/bpont.hu\/shop\/index.php\/product\/rmh-0002-a-2-zonas-nagyfeszultsegu-rele-modul\/","title":{"rendered":"RMH 0002 A<br>2 z\u00f3n\u00e1s nagyfesz\u00fclts\u00e9g\u0171 rel\u00e9 modul"},"content":{"rendered":"<p>RMH 0002 A<br \/>\nA modul k\u00e9t v\u00e1lt\u00f3\u00e9rintkez\u0151s rel\u00e9vel (C t\u00edpus\u00fa) rendelkezik a k\u00fcls\u0151 elemek fel\u00fcgyelt csatlakoztat\u00e1s\u00e1hoz visszacsatol\u00e1ssal. (p\u00e9ld\u00e1ul ajt\u00f3tart\u00f3 m\u00e1gnesek, ventil\u00e1tor, f\u00fcstelz\u00e1r\u00f3k)<br \/>\nMinden rel\u00e9nek van egy NO (norm\u00e1l \u00e1llapotban nyitott) \u00e9s egy NC (norm\u00e1l \u00e1llapotban z\u00e1rt) \u00e9rintkez\u0151je, \u00e9s az egyes rel\u00e9ket egy 6,3 A-es biztos\u00edt\u00e9k v\u00e9di.<br \/>\nA rel\u00e9\u00e9rintkez\u0151 terhel\u00e9s\u00e9nek maxim\u00e1lis \u00e9rt\u00e9ke 5 A 120 V\/ 230 V AC eset\u00e9n, \u00e9s 5 A 30 V DC eset\u00e9n.<br \/>\nA VdS 2496-os enged\u00e9lysz\u00e1ma szerint a rel\u00e9modul olt\u00f3rendszer csatol\u00f3nk\u00e9nt is haszn\u00e1lhat\u00f3.<br \/>\nTulajdons\u00e1gok:- Kapcsolhat\u00f3 \u00e1ramer\u0151ss\u00e9g: 5 A<br \/>\n&#8211; Azonnal m\u0171k\u00f6d\u0151k\u00e9pes a \u201eplug-and-play\u201d technol\u00f3gi\u00e1nak \u00e9s a dugaszolhat\u00f3 csatlakoz\u00f3blokkoknak k\u00f6sz\u00f6nhet\u0151en<\/p>\n","protected":false},"excerpt":{"rendered":"<p>Rendel\u00e9si k\u00f3d: 4.998.137.274<\/p>\n","protected":false},"featured_media":162,"template":"","meta":[],"product_brand":[],"product_cat":[313],"product_tag":[25],"class_list":{"0":"post-163","1":"product","2":"type-product","3":"status-publish","4":"has-post-thumbnail","6":"product_cat-kozpont-modulok-hazak-tartozekok","7":"product_tag-bosch","9":"first","10":"instock","11":"taxable","12":"shipping-taxable","13":"purchasable","14":"product-type-simple"},"jetpack_sharing_enabled":true,"_links":{"self":[{"href":"https:\/\/bpont.hu\/shop\/index.php\/wp-json\/wp\/v2\/product\/163","targetHints":{"allow":["GET"]}}],"collection":[{"href":"https:\/\/bpont.hu\/shop\/index.php\/wp-json\/wp\/v2\/product"}],"about":[{"href":"https:\/\/bpont.hu\/shop\/index.php\/wp-json\/wp\/v2\/types\/product"}],"version-history":[{"count":4,"href":"https:\/\/bpont.hu\/shop\/index.php\/wp-json\/wp\/v2\/product\/163\/revisions"}],"predecessor-version":[{"id":7317,"href":"https:\/\/bpont.hu\/shop\/index.php\/wp-json\/wp\/v2\/product\/163\/revisions\/7317"}],"wp:featuredmedia":[{"embeddable":true,"href":"https:\/\/bpont.hu\/shop\/index.php\/wp-json\/wp\/v2\/media\/162"}],"wp:attachment":[{"href":"https:\/\/bpont.hu\/shop\/index.php\/wp-json\/wp\/v2\/media?parent=163"}],"wp:term":[{"taxonomy":"product_brand","embeddable":true,"href":"https:\/\/bpont.hu\/shop\/index.php\/wp-json\/wp\/v2\/product_brand?post=163"},{"taxonomy":"product_cat","embeddable":true,"href":"https:\/\/bpont.hu\/shop\/index.php\/wp-json\/wp\/v2\/product_cat?post=163"},{"taxonomy":"product_tag","embeddable":true,"href":"https:\/\/bpont.hu\/shop\/index.php\/wp-json\/wp\/v2\/product_tag?post=163"}],"curies":[{"name":"wp","href":"https:\/\/api.w.org\/{rel}","templated":true}]}}