{"id":1627,"date":"2025-06-27T12:13:39","date_gmt":"2025-06-27T10:13:39","guid":{"rendered":"https:\/\/bpont.shop.hu\/?post_type=product&#038;p=1627"},"modified":"2026-05-05T14:46:09","modified_gmt":"2026-05-05T12:46:09","slug":"npd-9501a-tapfelado-egyes-95w","status":"publish","type":"product","link":"https:\/\/bpont.hu\/shop\/index.php\/product\/npd-9501a-tapfelado-egyes-95w\/","title":{"rendered":"NPD-9501A<br>HPOE t\u00e1pfelad\u00f3 95W"},"content":{"rendered":"<p>NPD-9501A<\/p>\n<p>Vide\u00f3 &#8211; NPD-9501A Midspan, 95 W, egyportos, AC bemenet NPD-9501A Midspan, 95 W, egyportos, AC bemenet<br \/>\nu T\u00e1mogatja a nagy teljes\u00edtm\u00e9ny\u0171 PoE\/PoH-t, \u00e9s megfelel mind az IEEE 802.3af, mind az IEEE 802.3at szabv\u00e1nyoknak.<br \/>\nu Falra, polcra, padra, asztalra \u00e9s ugyanazon modell m\u00e1s egys\u00e9geire szerelhet\u0151.<br \/>\nu A 95 W-os modell m\u00e1s 95 W-os modell egys\u00e9gekre is szerelhet\u0151.<\/p>\n<p>A 95 W-os midspan egy nagy teljes\u00edtm\u00e9ny\u0171 PoH (Power Over HDBase T) eszk\u00f6z, amely adat\u00e1tvitelt \u00e9s t\u00e1pell\u00e1t\u00e1st biztos\u00edt egy switch \u00e9s egy IP kamera k\u00f6z\u00f6tt.<\/p>\n","protected":false},"excerpt":{"rendered":"<p>Rendel\u00e9si k\u00f3d: F.01U.286.250<\/p>\n","protected":false},"featured_media":9454,"template":"","meta":[],"product_brand":[],"product_cat":[321],"product_tag":[25],"class_list":{"0":"post-1627","1":"product","2":"type-product","3":"status-publish","4":"has-post-thumbnail","6":"product_cat-tapegysegek-kabelek-csatlakozok","7":"product_tag-bosch","9":"first","10":"instock","11":"taxable","12":"shipping-taxable","13":"purchasable","14":"product-type-simple"},"jetpack_sharing_enabled":true,"_links":{"self":[{"href":"https:\/\/bpont.hu\/shop\/index.php\/wp-json\/wp\/v2\/product\/1627","targetHints":{"allow":["GET"]}}],"collection":[{"href":"https:\/\/bpont.hu\/shop\/index.php\/wp-json\/wp\/v2\/product"}],"about":[{"href":"https:\/\/bpont.hu\/shop\/index.php\/wp-json\/wp\/v2\/types\/product"}],"version-history":[{"count":6,"href":"https:\/\/bpont.hu\/shop\/index.php\/wp-json\/wp\/v2\/product\/1627\/revisions"}],"predecessor-version":[{"id":9455,"href":"https:\/\/bpont.hu\/shop\/index.php\/wp-json\/wp\/v2\/product\/1627\/revisions\/9455"}],"wp:featuredmedia":[{"embeddable":true,"href":"https:\/\/bpont.hu\/shop\/index.php\/wp-json\/wp\/v2\/media\/9454"}],"wp:attachment":[{"href":"https:\/\/bpont.hu\/shop\/index.php\/wp-json\/wp\/v2\/media?parent=1627"}],"wp:term":[{"taxonomy":"product_brand","embeddable":true,"href":"https:\/\/bpont.hu\/shop\/index.php\/wp-json\/wp\/v2\/product_brand?post=1627"},{"taxonomy":"product_cat","embeddable":true,"href":"https:\/\/bpont.hu\/shop\/index.php\/wp-json\/wp\/v2\/product_cat?post=1627"},{"taxonomy":"product_tag","embeddable":true,"href":"https:\/\/bpont.hu\/shop\/index.php\/wp-json\/wp\/v2\/product_tag?post=1627"}],"curies":[{"name":"wp","href":"https:\/\/api.w.org\/{rel}","templated":true}]}}