{"id":159,"date":"2025-06-19T07:18:53","date_gmt":"2025-06-19T06:18:53","guid":{"rendered":"https:\/\/bpont.shop.hu\/index.php\/product\/czm-0004-a-4-hagyomanyos-zonas-modul\/"},"modified":"2026-05-05T14:45:50","modified_gmt":"2026-05-05T12:45:50","slug":"czm-0004-a-4-hagyomanyos-zonas-modul","status":"publish","type":"product","link":"https:\/\/bpont.hu\/shop\/index.php\/product\/czm-0004-a-4-hagyomanyos-zonas-modul\/","title":{"rendered":"CZM 0004 A<br>4 hagyom\u00e1nyos z\u00f3n\u00e1s modul"},"content":{"rendered":"<p>CZM 0004 A<br \/>\nA CZM 0004 A hagyom\u00e1nyos perif\u00e9ri\u00e1k csatlakoztat\u00e1s\u00e1hoz haszn\u00e1lhat\u00f3, n\u00e9gy fel\u00fcgyelt hagyom\u00e1nyos vonalat biztos\u00edt.Tulajdons\u00e1gok:<br \/>\n&#8211; k\u00e9t-, illetve n\u00e9gyvezet\u00e9kes hagyom\u00e1nyos elemek csatlakoztat\u00e1s\u00e1hoz<br \/>\n&#8211; Azonnal m\u0171k\u00f6d\u0151k\u00e9pes a \u201eplug-and-play\u201d technol\u00f3gi\u00e1nak \u00e9s a dugaszolhat\u00f3 csatlakoz\u00f3blokkoknak k\u00f6sz\u00f6nhet\u0151en<\/p>\n","protected":false},"excerpt":{"rendered":"<p>Rendel\u00e9si k\u00f3d: 4.998.137.270<\/p>\n","protected":false},"featured_media":158,"template":"","meta":[],"product_brand":[],"product_cat":[313],"product_tag":[25],"class_list":{"0":"post-159","1":"product","2":"type-product","3":"status-publish","4":"has-post-thumbnail","6":"product_cat-kozpont-modulok-hazak-tartozekok","7":"product_tag-bosch","9":"first","10":"instock","11":"taxable","12":"shipping-taxable","13":"purchasable","14":"product-type-simple"},"jetpack_sharing_enabled":true,"_links":{"self":[{"href":"https:\/\/bpont.hu\/shop\/index.php\/wp-json\/wp\/v2\/product\/159","targetHints":{"allow":["GET"]}}],"collection":[{"href":"https:\/\/bpont.hu\/shop\/index.php\/wp-json\/wp\/v2\/product"}],"about":[{"href":"https:\/\/bpont.hu\/shop\/index.php\/wp-json\/wp\/v2\/types\/product"}],"version-history":[{"count":4,"href":"https:\/\/bpont.hu\/shop\/index.php\/wp-json\/wp\/v2\/product\/159\/revisions"}],"predecessor-version":[{"id":7315,"href":"https:\/\/bpont.hu\/shop\/index.php\/wp-json\/wp\/v2\/product\/159\/revisions\/7315"}],"wp:featuredmedia":[{"embeddable":true,"href":"https:\/\/bpont.hu\/shop\/index.php\/wp-json\/wp\/v2\/media\/158"}],"wp:attachment":[{"href":"https:\/\/bpont.hu\/shop\/index.php\/wp-json\/wp\/v2\/media?parent=159"}],"wp:term":[{"taxonomy":"product_brand","embeddable":true,"href":"https:\/\/bpont.hu\/shop\/index.php\/wp-json\/wp\/v2\/product_brand?post=159"},{"taxonomy":"product_cat","embeddable":true,"href":"https:\/\/bpont.hu\/shop\/index.php\/wp-json\/wp\/v2\/product_cat?post=159"},{"taxonomy":"product_tag","embeddable":true,"href":"https:\/\/bpont.hu\/shop\/index.php\/wp-json\/wp\/v2\/product_tag?post=159"}],"curies":[{"name":"wp","href":"https:\/\/api.w.org\/{rel}","templated":true}]}}