{"id":157,"date":"2025-06-19T07:18:52","date_gmt":"2025-06-19T06:18:52","guid":{"rendered":"https:\/\/bpont.shop.hu\/index.php\/product\/iop-0008-a-8-be-kimeneti-oc-modul\/"},"modified":"2026-03-11T16:39:06","modified_gmt":"2026-03-11T14:39:06","slug":"iop-0008-a-8-be-kimeneti-oc-modul","status":"publish","type":"product","link":"https:\/\/bpont.hu\/shop\/index.php\/product\/iop-0008-a-8-be-kimeneti-oc-modul\/","title":{"rendered":"IOP 0008 A<br>8 be\/kimeneti (OC) modul"},"content":{"rendered":"<p>IOP 0008 A<br \/>\nAz IOP 0008 A Bemeneti\/kimeneti modul nyolc \u00f6n\u00e1ll\u00f3 digit\u00e1lis bemenettel \u00e9s nyolc nyitott kollektoros kimenettel rendelkezik kijelz\u0151kh\u00f6z vagy k\u00fcl\u00f6nb\u00f6z\u0151 elektromos berendez\u00e9sek rugalmas csatlakoztat\u00e1s\u00e1hoz.Tulajdons\u00e1gok:<br \/>\n&#8211; Illeszt\u0151, elektromosan lev\u00e1lasztott bemenetekhez \u00e9s kimenetekhez<br \/>\n&#8211; Azonnal m\u0171k\u00f6d\u0151k\u00e9pes a \u201eplug-and-play\u201d technol\u00f3gi\u00e1nak \u00e9s a dugaszolhat\u00f3 csatlakoz\u00f3blokkoknak k\u00f6sz\u00f6nhet\u0151en<\/p>\n","protected":false},"excerpt":{"rendered":"<p>Rendel\u00e9si k\u00f3d: 4.998.137.269<\/p>\n","protected":false},"featured_media":156,"template":"","meta":[],"product_brand":[],"product_cat":[313],"product_tag":[25],"class_list":{"0":"post-157","1":"product","2":"type-product","3":"status-publish","4":"has-post-thumbnail","6":"product_cat-kozpont-modulok-hazak-tartozekok","7":"product_tag-bosch","9":"first","10":"instock","11":"taxable","12":"shipping-taxable","13":"purchasable","14":"product-type-simple"},"jetpack_sharing_enabled":true,"_links":{"self":[{"href":"https:\/\/bpont.hu\/shop\/index.php\/wp-json\/wp\/v2\/product\/157","targetHints":{"allow":["GET"]}}],"collection":[{"href":"https:\/\/bpont.hu\/shop\/index.php\/wp-json\/wp\/v2\/product"}],"about":[{"href":"https:\/\/bpont.hu\/shop\/index.php\/wp-json\/wp\/v2\/types\/product"}],"version-history":[{"count":4,"href":"https:\/\/bpont.hu\/shop\/index.php\/wp-json\/wp\/v2\/product\/157\/revisions"}],"predecessor-version":[{"id":7314,"href":"https:\/\/bpont.hu\/shop\/index.php\/wp-json\/wp\/v2\/product\/157\/revisions\/7314"}],"wp:featuredmedia":[{"embeddable":true,"href":"https:\/\/bpont.hu\/shop\/index.php\/wp-json\/wp\/v2\/media\/156"}],"wp:attachment":[{"href":"https:\/\/bpont.hu\/shop\/index.php\/wp-json\/wp\/v2\/media?parent=157"}],"wp:term":[{"taxonomy":"product_brand","embeddable":true,"href":"https:\/\/bpont.hu\/shop\/index.php\/wp-json\/wp\/v2\/product_brand?post=157"},{"taxonomy":"product_cat","embeddable":true,"href":"https:\/\/bpont.hu\/shop\/index.php\/wp-json\/wp\/v2\/product_cat?post=157"},{"taxonomy":"product_tag","embeddable":true,"href":"https:\/\/bpont.hu\/shop\/index.php\/wp-json\/wp\/v2\/product_tag?post=157"}],"curies":[{"name":"wp","href":"https:\/\/api.w.org\/{rel}","templated":true}]}}