{"id":1564,"date":"2025-06-27T11:13:27","date_gmt":"2025-06-27T10:13:27","guid":{"rendered":"https:\/\/bpont.shop.hu\/?post_type=product&#038;p=1564"},"modified":"2026-03-11T16:39:36","modified_gmt":"2026-03-11T14:39:36","slug":"nha-u-wmt-kamerahaz-tarto-dinion-hokamerahoz","status":"publish","type":"product","link":"https:\/\/bpont.hu\/shop\/index.php\/product\/nha-u-wmt-kamerahaz-tarto-dinion-hokamerahoz\/","title":{"rendered":"NHA-U-WMT<br>Kamerah\u00e1z tart\u00f3 Dinion h\u0151kamer\u00e1hoz"},"content":{"rendered":"<p>NHA-U-WMT<\/p>\n","protected":false},"excerpt":{"rendered":"<p>Rendel\u00e9si k\u00f3d: F.01U.328.278<\/p>\n","protected":false},"featured_media":0,"template":"","meta":[],"product_brand":[],"product_cat":[320],"product_tag":[25],"class_list":{"0":"post-1564","1":"product","2":"type-product","3":"status-publish","5":"product_cat-kamerahazak-konzolok","6":"product_tag-bosch","8":"first","9":"instock","10":"taxable","11":"shipping-taxable","12":"purchasable","13":"product-type-simple"},"jetpack_sharing_enabled":true,"_links":{"self":[{"href":"https:\/\/bpont.hu\/shop\/index.php\/wp-json\/wp\/v2\/product\/1564","targetHints":{"allow":["GET"]}}],"collection":[{"href":"https:\/\/bpont.hu\/shop\/index.php\/wp-json\/wp\/v2\/product"}],"about":[{"href":"https:\/\/bpont.hu\/shop\/index.php\/wp-json\/wp\/v2\/types\/product"}],"version-history":[{"count":4,"href":"https:\/\/bpont.hu\/shop\/index.php\/wp-json\/wp\/v2\/product\/1564\/revisions"}],"predecessor-version":[{"id":7753,"href":"https:\/\/bpont.hu\/shop\/index.php\/wp-json\/wp\/v2\/product\/1564\/revisions\/7753"}],"wp:attachment":[{"href":"https:\/\/bpont.hu\/shop\/index.php\/wp-json\/wp\/v2\/media?parent=1564"}],"wp:term":[{"taxonomy":"product_brand","embeddable":true,"href":"https:\/\/bpont.hu\/shop\/index.php\/wp-json\/wp\/v2\/product_brand?post=1564"},{"taxonomy":"product_cat","embeddable":true,"href":"https:\/\/bpont.hu\/shop\/index.php\/wp-json\/wp\/v2\/product_cat?post=1564"},{"taxonomy":"product_tag","embeddable":true,"href":"https:\/\/bpont.hu\/shop\/index.php\/wp-json\/wp\/v2\/product_tag?post=1564"}],"curies":[{"name":"wp","href":"https:\/\/api.w.org\/{rel}","templated":true}]}}