{"id":155,"date":"2025-06-19T07:18:52","date_gmt":"2025-06-19T06:18:52","guid":{"rendered":"https:\/\/bpont.shop.hu\/index.php\/product\/ios-0232-a-rs232-kommunikacios-modul\/"},"modified":"2026-03-11T16:39:06","modified_gmt":"2026-03-11T14:39:06","slug":"ios-0232-a-rs232-kommunikacios-modul","status":"publish","type":"product","link":"https:\/\/bpont.hu\/shop\/index.php\/product\/ios-0232-a-rs232-kommunikacios-modul\/","title":{"rendered":"IOS 0232 A<br>RS232 Kommunik\u00e1ci\u00f3s modul"},"content":{"rendered":"<p>IOS 0232 A<br \/>\nAz RS232 kommunik\u00e1ci\u00f3s modul k\u00e9t k\u00e9sz\u00fcl\u00e9k, pl. Plena riaszt\u00f3rendszer, laptop \u00e9s nyomtat\u00f3 k\u00e9t f\u00fcggetlen soros illeszt\u0151n kereszt\u00fcl t\u00f6rt\u00e9n\u0151 csatlakoztat\u00e1s\u00e1ra haszn\u00e1lhat\u00f3.Tulajdons\u00e1gok:<br \/>\n&#8211; Perif\u00e9ri\u00e1k csatlakoztat\u00e1sa soros illeszt\u0151n kereszt\u00fcl<br \/>\n&#8211; Azonnal m\u0171k\u00f6d\u0151k\u00e9pes a \u201eplug-and-play\u201d technol\u00f3gi\u00e1nak \u00e9s a dugaszolhat\u00f3 csatlakoz\u00f3blokkoknak k\u00f6sz\u00f6nhet\u0151en<\/p>\n","protected":false},"excerpt":{"rendered":"<p>Rendel\u00e9si k\u00f3d: 4.998.137.267<\/p>\n","protected":false},"featured_media":154,"template":"","meta":[],"product_brand":[],"product_cat":[313],"product_tag":[25],"class_list":{"0":"post-155","1":"product","2":"type-product","3":"status-publish","4":"has-post-thumbnail","6":"product_cat-kozpont-modulok-hazak-tartozekok","7":"product_tag-bosch","9":"first","10":"instock","11":"taxable","12":"shipping-taxable","13":"purchasable","14":"product-type-simple"},"jetpack_sharing_enabled":true,"_links":{"self":[{"href":"https:\/\/bpont.hu\/shop\/index.php\/wp-json\/wp\/v2\/product\/155","targetHints":{"allow":["GET"]}}],"collection":[{"href":"https:\/\/bpont.hu\/shop\/index.php\/wp-json\/wp\/v2\/product"}],"about":[{"href":"https:\/\/bpont.hu\/shop\/index.php\/wp-json\/wp\/v2\/types\/product"}],"version-history":[{"count":2,"href":"https:\/\/bpont.hu\/shop\/index.php\/wp-json\/wp\/v2\/product\/155\/revisions"}],"predecessor-version":[{"id":7313,"href":"https:\/\/bpont.hu\/shop\/index.php\/wp-json\/wp\/v2\/product\/155\/revisions\/7313"}],"wp:featuredmedia":[{"embeddable":true,"href":"https:\/\/bpont.hu\/shop\/index.php\/wp-json\/wp\/v2\/media\/154"}],"wp:attachment":[{"href":"https:\/\/bpont.hu\/shop\/index.php\/wp-json\/wp\/v2\/media?parent=155"}],"wp:term":[{"taxonomy":"product_brand","embeddable":true,"href":"https:\/\/bpont.hu\/shop\/index.php\/wp-json\/wp\/v2\/product_brand?post=155"},{"taxonomy":"product_cat","embeddable":true,"href":"https:\/\/bpont.hu\/shop\/index.php\/wp-json\/wp\/v2\/product_cat?post=155"},{"taxonomy":"product_tag","embeddable":true,"href":"https:\/\/bpont.hu\/shop\/index.php\/wp-json\/wp\/v2\/product_tag?post=155"}],"curies":[{"name":"wp","href":"https:\/\/api.w.org\/{rel}","templated":true}]}}