{"id":1515,"date":"2025-06-27T11:13:22","date_gmt":"2025-06-27T10:13:22","guid":{"rendered":"https:\/\/bpont.shop.hu\/?post_type=product&#038;p=1515"},"modified":"2026-03-11T16:39:35","modified_gmt":"2026-03-11T14:39:35","slug":"mic-9502-z30gqs-ip-fusion-9000i-dual-ptz-hokamera-qvga-19mm-9hz-es-2mp-30xzoom-szurke","status":"publish","type":"product","link":"https:\/\/bpont.hu\/shop\/index.php\/product\/mic-9502-z30gqs-ip-fusion-9000i-dual-ptz-hokamera-qvga-19mm-9hz-es-2mp-30xzoom-szurke\/","title":{"rendered":"MIC-9502-Z30GQS<br>IP fusion 9000i Dual PTZ H\u0151kamera QVGA-19mm 9Hz \u00e9s 2MP 30xzoom sz\u00fcrke"},"content":{"rendered":"<p>MIC-9502-Z30GQS<br \/>\nA MIC IP fusion 9000i kamera egy fejlett PTZ fel\u00fcgyeleti platform, amelynek c\u00e9lja a korai felismer\u00e9s a kritikus alkalmaz\u00e1sokban.<br \/>\nA MIC IP fusion 9000i kamera kett\u0151s, l\u00e1that\u00f3 \u00e9s termikus k\u00e9palkot\u00f3 k\u00e9pess\u00e9g\u00e9vel t\u00f6k\u00e9letes megold\u00e1s a robusztus \u00e9s kiv\u00e1l\u00f3 min\u0151s\u00e9g\u0171 k\u00e9palkot\u00e1si ig\u00e9nyekhez.<br \/>\nA kamera igazi el\u0151nye a robusztus kialak\u00edt\u00e1sa \u00e9s az Intelligent Video Analytics a kifejezetten a legig\u00e9nyesebb megfigyelni k\u00edv\u00e1nt ter\u00fcletekhez kifejlesztve. Kiv\u00e1l\u00f3an alkalmas sz\u00e9ls\u0151s\u00e9ges k\u00f6rnyezetekben \u00e9s kedvez\u0151tlen id\u0151j\u00e1r\u00e1si k\u00f6r\u00fclm\u00e9nyek k\u00f6z\u00f6tti haszn\u00e1latra, mint p\u00e9ld\u00e1ul magas sz\u00e9l, es\u0151, k\u00f6d, j\u00e9g \u00e9s h\u00f3.<br \/>\nA Bosch anyag- \u00e9s g\u00e9pgy\u00e1rt\u00e1s ter\u00fclet\u00e9n szerzett szak\u00e9rtelme alapj\u00e1n kifejlesztett prec\u00edzi\u00f3 a legfejlettebb k\u00e9palkot\u00f3 \u00e9s pozicion\u00e1l\u00f3 rendszer megold\u00e1s\u00e1t k\u00edn\u00e1lja a piacon.<br \/>\nTulajdons\u00e1gok:<br \/>\n&#8211; Kiv\u00e9teles er\u0151ss\u00e9g \u00e9s szil\u00e1rds\u00e1g minden k\u00fclt\u00e9ri alkalmaz\u00e1shoz, bele\u00e9rtve a forgalomfel\u00fcgyeletet (hidak, alagutak vagy aut\u00f3p\u00e1ly\u00e1k), ker\u00fcleti-v\u00e9delmet, v\u00e1rosi t\u00e9rfigyel\u00e9st, b\u00e1ny\u00e1szatot, hat\u00e1rv\u00e9delem, mez\u0151gazdas\u00e1gi-ter\u00fclet v\u00e9delem<br \/>\n&#8211; A robosztus IP PTZ kamera nagy teljes\u00edtm\u00e9ny\u0171 termikus k\u00e9palkot\u00f3val \u00e9s HD-vel l\u00e1that\u00f3 kamer\u00e1kkal van felszerelve<br \/>\n&#8211; \u00dagy tervezt\u00e9k, hogy a legkiv\u00e1l\u00f3bb k\u00e9pek \u00e1lljanak rendelkez\u00e9sre, f\u00fcggetlen\u00fcl a sz\u00e9ls\u0151s\u00e9ges k\u00f6r\u00fclm\u00e9nyekt\u0151l (id\u0151j\u00e1r\u00e1s, por \/ k\u00f6d, f\u00fcst stb.).<br \/>\n&#8211; Az egyed\u00fcl\u00e1ll\u00f3 metaadat-f\u00fazi\u00f3s funkci\u00f3t biztos\u00edtja<br \/>\n&#8211; Kiv\u00e9teles korai felismer\u00e9si k\u00e9pess\u00e9gek: Objektumfelismer\u00e9s ak\u00e1r 4517 m (14 820 ft) DRI krit\u00e9riumok alapj\u00e1n<br \/>\n&#8211; Speci\u00e1lis &#8220;Edge intelligence&#8221;, intelligens vide\u00f3k\u00f6vet\u00e9s, objektumfelismer\u00e9s m\u00e9g akkor is, ha a kamera mozg\u00e1sban van<br \/>\n&#8211; Be\u00e9p\u00edtett Intelligens Video Analytics figyelmezteti az oper\u00e1torokat szokatlan mozg\u00e1sok eset\u00e9n<br \/>\n&#8211; A speci\u00e1lis AES 256 bites titkos\u00edt\u00e1s biztons\u00e1gosan r\u00f6gz\u00edtett vide\u00f3hoz<br \/>\n&#8211; Egyszer\u0171 telep\u00edt\u00e9s rugalmas szerel\u00e9si lehet\u0151s\u00e9gekkel (mennyezeti vagy fel\u00fcletre szerel\u00e9s)<br \/>\n&#8211; Az Intelligent Dynamic Noise Reduction rendszer ak\u00e1r 50%-kal is k\u00e9pes cs\u00f6kkenteni a s\u00e1vsz\u00e9less\u00e9g- \u00e9s t\u00e1rhelyig\u00e9nyt<br \/>\n&#8211; El\u0151re programozott felhaszn\u00e1l\u00f3i m\u00f3dok h\u0151kamer\u00e1n\u00e1l<br \/>\n&#8211; El\u0151re programozhat\u00f3 poz\u00edci\u00f3k<br \/>\n&#8211; T\u00f6bb csatorn\u00e1s stream, programozhat\u00f3<br \/>\n&#8211; Dropbox\u2122 \u00e9s FTP<br \/>\n&#8211; Adatbiztons\u00e1g fels\u0151 fokon<br \/>\n&#8211; Hagyom\u00e1nyos\/POE megt\u00e1pl\u00e1l\u00e1s<br \/>\n&#8211; K\u00e9p-stabiliz\u00e1l\u00e1s sz\u00e9ls\u0151s\u00e9ges id\u0151j\u00e1r\u00e1si viszonyokhoz<br \/>\n&#8211; Inteligens k\u00f6d-sz\u0171r\u00e9s<br \/>\n&#8211; IK10 Vand\u00e1lbiztos kamera<\/p>\n","protected":false},"excerpt":{"rendered":"<p>Rendel\u00e9si k\u00f3d: F.01U.368.927<\/p>\n","protected":false},"featured_media":1516,"template":"","meta":[],"product_brand":[],"product_cat":[325],"product_tag":[25],"class_list":{"0":"post-1515","1":"product","2":"type-product","3":"status-publish","4":"has-post-thumbnail","6":"product_cat-terfigyelo-kamerak-ptz-speed-dome","7":"product_tag-bosch","9":"first","10":"instock","11":"taxable","12":"shipping-taxable","13":"purchasable","14":"product-type-simple"},"jetpack_sharing_enabled":true,"_links":{"self":[{"href":"https:\/\/bpont.hu\/shop\/index.php\/wp-json\/wp\/v2\/product\/1515","targetHints":{"allow":["GET"]}}],"collection":[{"href":"https:\/\/bpont.hu\/shop\/index.php\/wp-json\/wp\/v2\/product"}],"about":[{"href":"https:\/\/bpont.hu\/shop\/index.php\/wp-json\/wp\/v2\/types\/product"}],"version-history":[{"count":5,"href":"https:\/\/bpont.hu\/shop\/index.php\/wp-json\/wp\/v2\/product\/1515\/revisions"}],"predecessor-version":[{"id":7735,"href":"https:\/\/bpont.hu\/shop\/index.php\/wp-json\/wp\/v2\/product\/1515\/revisions\/7735"}],"wp:featuredmedia":[{"embeddable":true,"href":"https:\/\/bpont.hu\/shop\/index.php\/wp-json\/wp\/v2\/media\/1516"}],"wp:attachment":[{"href":"https:\/\/bpont.hu\/shop\/index.php\/wp-json\/wp\/v2\/media?parent=1515"}],"wp:term":[{"taxonomy":"product_brand","embeddable":true,"href":"https:\/\/bpont.hu\/shop\/index.php\/wp-json\/wp\/v2\/product_brand?post=1515"},{"taxonomy":"product_cat","embeddable":true,"href":"https:\/\/bpont.hu\/shop\/index.php\/wp-json\/wp\/v2\/product_cat?post=1515"},{"taxonomy":"product_tag","embeddable":true,"href":"https:\/\/bpont.hu\/shop\/index.php\/wp-json\/wp\/v2\/product_tag?post=1515"}],"curies":[{"name":"wp","href":"https:\/\/api.w.org\/{rel}","templated":true}]}}