{"id":1501,"date":"2025-06-27T11:13:19","date_gmt":"2025-06-27T10:13:19","guid":{"rendered":"https:\/\/bpont.shop.hu\/?post_type=product&#038;p=1501"},"modified":"2026-03-11T16:39:35","modified_gmt":"2026-03-11T14:39:35","slug":"nda-4020-pip-fuggesztett-illeszto-autodome-4000-hez","status":"publish","type":"product","link":"https:\/\/bpont.hu\/shop\/index.php\/product\/nda-4020-pip-fuggesztett-illeszto-autodome-4000-hez\/","title":{"rendered":"NDA-4020-PIP<br>F\u00fcggesztett illeszt\u0151 AUTODOME 4000-hez"},"content":{"rendered":"<p>NDA-4020-PIP<br \/>\nz a f\u00fcgesztett megold\u00e1shoz k\u00e9sz\u00fclt  \u00e1talak\u00edt\u00f3 \u00fagy van kialak\u00edtva, hogy lehet\u0151v\u00e9 tegye a AUTODOME IP kamera be\u00e9p\u00edt\u00e9s\u00e9t a Bosch modul\u00e1ris f\u00fcggeszt\u0151karokhoz vagy b\u00e1rmely harmadik f\u00e9lre szerelhet\u0151 1,5 h\u00fcvelykes NPT karokkal.<br \/>\nBiztons\u00e1gos, robusztus \u00e9s v\u00edz\u00e1ll\u00f3 megold\u00e1st biztos\u00edt a kamera csatlakoztat\u00e1s\u00e1hoz:<br \/>\n&#8211; NDA-U-WMT f\u00fcggesztett fali tart\u00f3<br \/>\n&#8211; NDA-U-PMT cs\u0151csatlakoz\u00f3<\/p>\n","protected":false},"excerpt":{"rendered":"<p>Rendel\u00e9si k\u00f3d: F.01U.324.952<\/p>\n","protected":false},"featured_media":1502,"template":"","meta":[],"product_brand":[],"product_cat":[320],"product_tag":[25],"class_list":{"0":"post-1501","1":"product","2":"type-product","3":"status-publish","4":"has-post-thumbnail","6":"product_cat-kamerahazak-konzolok","7":"product_tag-bosch","9":"first","10":"instock","11":"taxable","12":"shipping-taxable","13":"purchasable","14":"product-type-simple"},"jetpack_sharing_enabled":true,"_links":{"self":[{"href":"https:\/\/bpont.hu\/shop\/index.php\/wp-json\/wp\/v2\/product\/1501","targetHints":{"allow":["GET"]}}],"collection":[{"href":"https:\/\/bpont.hu\/shop\/index.php\/wp-json\/wp\/v2\/product"}],"about":[{"href":"https:\/\/bpont.hu\/shop\/index.php\/wp-json\/wp\/v2\/types\/product"}],"version-history":[{"count":5,"href":"https:\/\/bpont.hu\/shop\/index.php\/wp-json\/wp\/v2\/product\/1501\/revisions"}],"predecessor-version":[{"id":7730,"href":"https:\/\/bpont.hu\/shop\/index.php\/wp-json\/wp\/v2\/product\/1501\/revisions\/7730"}],"wp:featuredmedia":[{"embeddable":true,"href":"https:\/\/bpont.hu\/shop\/index.php\/wp-json\/wp\/v2\/media\/1502"}],"wp:attachment":[{"href":"https:\/\/bpont.hu\/shop\/index.php\/wp-json\/wp\/v2\/media?parent=1501"}],"wp:term":[{"taxonomy":"product_brand","embeddable":true,"href":"https:\/\/bpont.hu\/shop\/index.php\/wp-json\/wp\/v2\/product_brand?post=1501"},{"taxonomy":"product_cat","embeddable":true,"href":"https:\/\/bpont.hu\/shop\/index.php\/wp-json\/wp\/v2\/product_cat?post=1501"},{"taxonomy":"product_tag","embeddable":true,"href":"https:\/\/bpont.hu\/shop\/index.php\/wp-json\/wp\/v2\/product_tag?post=1501"}],"curies":[{"name":"wp","href":"https:\/\/api.w.org\/{rel}","templated":true}]}}