{"id":149,"date":"2025-06-19T07:18:49","date_gmt":"2025-06-19T06:18:49","guid":{"rendered":"https:\/\/bpont.shop.hu\/index.php\/product\/ani-0016-a-16-led-es-kijelzo-modul\/"},"modified":"2026-05-05T14:45:50","modified_gmt":"2026-05-05T12:45:50","slug":"ani-0016-a-16-led-es-kijelzo-modul","status":"publish","type":"product","link":"https:\/\/bpont.hu\/shop\/index.php\/product\/ani-0016-a-16-led-es-kijelzo-modul\/","title":{"rendered":"ANI 0016 A<br>16 LED-es kijelz\u0151 modul"},"content":{"rendered":"<p>ANI 0016 A<\/p>\n<p>A 16 v\u00f6r\u00f6s \u00e9s 16 s\u00e1rga LED-del ell\u00e1tott modul, amely 16 \u00e9rz\u00e9kel\u00e9si pont \u00e1llapot\u00e1t k\u00e9pes megjelen\u00edteni.<\/p>\n<p>Tulajdons\u00e1gok:<\/p>\n<p>&#8211; 16 k\u00fcl\u00f6n programozhat\u00f3 \u00e9rz\u00e9kel\u00e9si pont \u00e1llapot\u00e1nak megjelen\u00edt\u00e9se<\/p>\n<p>&#8211; Azonnal \u00fczemk\u00e9sz a \u201eplug-and-play\u201d technol\u00f3gi\u00e1nak k\u00f6sz\u00f6nhet\u0151en<\/p>\n","protected":false},"excerpt":{"rendered":"<p>Rendel\u00e9si k\u00f3d: 4.998.137.262<\/p>\n","protected":false},"featured_media":148,"template":"","meta":[],"product_brand":[],"product_cat":[313],"product_tag":[25],"class_list":{"0":"post-149","1":"product","2":"type-product","3":"status-publish","4":"has-post-thumbnail","6":"product_cat-kozpont-modulok-hazak-tartozekok","7":"product_tag-bosch","9":"first","10":"instock","11":"taxable","12":"shipping-taxable","13":"purchasable","14":"product-type-simple"},"jetpack_sharing_enabled":true,"_links":{"self":[{"href":"https:\/\/bpont.hu\/shop\/index.php\/wp-json\/wp\/v2\/product\/149","targetHints":{"allow":["GET"]}}],"collection":[{"href":"https:\/\/bpont.hu\/shop\/index.php\/wp-json\/wp\/v2\/product"}],"about":[{"href":"https:\/\/bpont.hu\/shop\/index.php\/wp-json\/wp\/v2\/types\/product"}],"version-history":[{"count":6,"href":"https:\/\/bpont.hu\/shop\/index.php\/wp-json\/wp\/v2\/product\/149\/revisions"}],"predecessor-version":[{"id":7310,"href":"https:\/\/bpont.hu\/shop\/index.php\/wp-json\/wp\/v2\/product\/149\/revisions\/7310"}],"wp:featuredmedia":[{"embeddable":true,"href":"https:\/\/bpont.hu\/shop\/index.php\/wp-json\/wp\/v2\/media\/148"}],"wp:attachment":[{"href":"https:\/\/bpont.hu\/shop\/index.php\/wp-json\/wp\/v2\/media?parent=149"}],"wp:term":[{"taxonomy":"product_brand","embeddable":true,"href":"https:\/\/bpont.hu\/shop\/index.php\/wp-json\/wp\/v2\/product_brand?post=149"},{"taxonomy":"product_cat","embeddable":true,"href":"https:\/\/bpont.hu\/shop\/index.php\/wp-json\/wp\/v2\/product_cat?post=149"},{"taxonomy":"product_tag","embeddable":true,"href":"https:\/\/bpont.hu\/shop\/index.php\/wp-json\/wp\/v2\/product_tag?post=149"}],"curies":[{"name":"wp","href":"https:\/\/api.w.org\/{rel}","templated":true}]}}