{"id":1482,"date":"2025-06-27T11:13:15","date_gmt":"2025-06-27T10:13:15","guid":{"rendered":"https:\/\/bpont.shop.hu\/?post_type=product&#038;p=1482"},"modified":"2026-03-11T16:39:35","modified_gmt":"2026-03-11T14:39:35","slug":"nda-7010-pip-fuggesztett-illeszto-panoramic-7000-hez","status":"publish","type":"product","link":"https:\/\/bpont.hu\/shop\/index.php\/product\/nda-7010-pip-fuggesztett-illeszto-panoramic-7000-hez\/","title":{"rendered":"NDA-7010-PIP<br>F\u00fcggesztett illeszt\u0151 Panoramic 7000-hez"},"content":{"rendered":"<p>Megsz\u0171nt term\u00e9k!<br \/>\nNDA-7010-PIP<br \/>\nEz a kamera-specifikus tartoz\u00e9k a Bosch \u00faj univerz\u00e1lis tartoz\u00e9kaihoz k\u00e9sz\u00fclt. A modul\u00e1ris kamerar\u00f6gz\u00edt\u0151k \u00e9s tartoz\u00e9kok a tart\u00f3k, a szerel\u0151 adapterek, a f\u00fcgg\u0151leges interf\u00e9szlemezek \u00e9s a fel\u00fcgyeleti szekr\u00e9nyek csal\u00e1dja, amelyek a Bosch sz\u00e1mos kamera\u00e9hez haszn\u00e1lhat\u00f3k. A tartoz\u00e9kok k\u00f6nnyen telep\u00edthet\u0151k, \u00e9s kombin\u00e1lhat\u00f3k, hogy egyszer\u0171bb\u00e9 tegy\u00e9k a telep\u00edt\u00e9st t\u00f6bb helyen, ugyanakkor meg\u0151rizz\u00e9k az azonos megjelen\u00e9st.<br \/>\nEz a f\u00fcgesztett megold\u00e1shoz k\u00e9sz\u00fclt  \u00e1talak\u00edt\u00f3 \u00fagy van kialak\u00edtva, hogy lehet\u0151v\u00e9 tegye a FLEXIDOME IP panor\u00e1ma 6000-7000 kamer\u00e1k be\u00e9p\u00edt\u00e9s\u00e9t a Bosch modul\u00e1ris f\u00fcggeszt\u0151karokhoz vagy b\u00e1rmely harmadik f\u00e9lre szerelhet\u0151 1,5 h\u00fcvelykes NPT karokkal.<br \/>\nBiztons\u00e1gos, robusztus \u00e9s v\u00edz\u00e1ll\u00f3 megold\u00e1st biztos\u00edt a kamera csatlakoztat\u00e1s\u00e1hoz:<br \/>\n&#8211; NDA-U-WMT f\u00fcggesztett fali tart\u00f3<br \/>\n&#8211; NDA-U-PMT cs\u0151csatlakoz\u00f3<\/p>\n","protected":false},"excerpt":{"rendered":"<p>Rendel\u00e9si k\u00f3d: F.01U.325.039<\/p>\n","protected":false},"featured_media":1483,"template":"","meta":[],"product_brand":[],"product_cat":[320],"product_tag":[25],"class_list":{"0":"post-1482","1":"product","2":"type-product","3":"status-publish","4":"has-post-thumbnail","6":"product_cat-kamerahazak-konzolok","7":"product_tag-bosch","9":"first","10":"instock","11":"taxable","12":"shipping-taxable","13":"purchasable","14":"product-type-simple"},"jetpack_sharing_enabled":true,"_links":{"self":[{"href":"https:\/\/bpont.hu\/shop\/index.php\/wp-json\/wp\/v2\/product\/1482","targetHints":{"allow":["GET"]}}],"collection":[{"href":"https:\/\/bpont.hu\/shop\/index.php\/wp-json\/wp\/v2\/product"}],"about":[{"href":"https:\/\/bpont.hu\/shop\/index.php\/wp-json\/wp\/v2\/types\/product"}],"version-history":[{"count":5,"href":"https:\/\/bpont.hu\/shop\/index.php\/wp-json\/wp\/v2\/product\/1482\/revisions"}],"predecessor-version":[{"id":7723,"href":"https:\/\/bpont.hu\/shop\/index.php\/wp-json\/wp\/v2\/product\/1482\/revisions\/7723"}],"wp:featuredmedia":[{"embeddable":true,"href":"https:\/\/bpont.hu\/shop\/index.php\/wp-json\/wp\/v2\/media\/1483"}],"wp:attachment":[{"href":"https:\/\/bpont.hu\/shop\/index.php\/wp-json\/wp\/v2\/media?parent=1482"}],"wp:term":[{"taxonomy":"product_brand","embeddable":true,"href":"https:\/\/bpont.hu\/shop\/index.php\/wp-json\/wp\/v2\/product_brand?post=1482"},{"taxonomy":"product_cat","embeddable":true,"href":"https:\/\/bpont.hu\/shop\/index.php\/wp-json\/wp\/v2\/product_cat?post=1482"},{"taxonomy":"product_tag","embeddable":true,"href":"https:\/\/bpont.hu\/shop\/index.php\/wp-json\/wp\/v2\/product_tag?post=1482"}],"curies":[{"name":"wp","href":"https:\/\/api.w.org\/{rel}","templated":true}]}}