{"id":1454,"date":"2025-06-27T11:13:10","date_gmt":"2025-06-27T10:13:10","guid":{"rendered":"https:\/\/bpont.shop.hu\/?post_type=product&#038;p=1454"},"modified":"2026-03-11T16:39:34","modified_gmt":"2026-03-11T14:39:34","slug":"nin-73013-a3a-flexidome-ip-starlight-7000-vr-iva-optimalizalt-1mp-sullyesztett-dom-kamera-3-9-mm","status":"publish","type":"product","link":"https:\/\/bpont.hu\/shop\/index.php\/product\/nin-73013-a3a-flexidome-ip-starlight-7000-vr-iva-optimalizalt-1mp-sullyesztett-dom-kamera-3-9-mm\/","title":{"rendered":"NIN-73013-A3A<br>FLEXIDOME IP starlight 7000 VR IVA-optimaliz\u00e1lt 1MP s\u00fcllyesztett d\u00f3m kamera 3\u20139 mm"},"content":{"rendered":"<p>NIN-73013-A3A<br \/>\nEz a kamera tiszta k\u00e9peket biztos\u00edt a h\u00e9t minden napj\u00e1n, 24 \u00f3r\u00e1ban \u2013 m\u00e9g \u00e9jjel vagy gyenge f\u00e9nyviszonyok mellett is.<br \/>\nA kiv\u00e9teles starlight \u00e9rz\u00e9kenys\u00e9g lehet\u0151v\u00e9 teszi, hogy a kamera minim\u00e1lis k\u00f6rnyezeti megvil\u00e1g\u00edt\u00e1s mellett is m\u0171k\u00f6dj\u00f6n. A kiterjesztett dinamikus \u00fczemm\u00f3d r\u00e9szletgazdag  k\u00e9peket biztos\u00edt kedvez\u0151tlen f\u00e9nyviszonyok mellett is.<br \/>\nA kamera 1080p vagy 720p felbont\u00e1s\u00fa v\u00e1ltozatban kaphat\u00f3, \u00e9s ak\u00e1r 60 k\u00e9p\/m\u00e1sodperc k\u00e9palkot\u00e1si sebess\u00e9get is k\u00e9pes biztos\u00edtani.<br \/>\nAz eszt\u00e9tikus \u00e9s vand\u00e1lbiztos h\u00e1z r\u00e9v\u00e9n a kamera belt\u00e9ri \u00e9s k\u00fclt\u00e9ri haszn\u00e1latra egyar\u00e1nt alkalmas.<br \/>\nTulajdons\u00e1gok:<br \/>\n&#8211; Kiv\u00e1l\u00f3 teljes\u00edtm\u00e9ny rossz f\u00e9nyviszonyok k\u00f6z\u00f6tt is<br \/>\n&#8211; Eszt\u00e9tikus \u00e9s vand\u00e1lbiztos kialak\u00edt\u00e1s<br \/>\n&#8211; Be\u00e9p\u00edtett Intelligent Video Analytics rendszer a fontos riaszt\u00e1sok aktiv\u00e1l\u00e1s\u00e1hoz \u00e9s az adatok gyors lek\u00e9r\u00e9s\u00e9hez<br \/>\n&#8211; Az Intelligent Dynamic Noise Reduction rendszer ak\u00e1r 50%-kal is k\u00e9pes cs\u00f6kkenteni a s\u00e1vsz\u00e9less\u00e9g- \u00e9s t\u00e1rhelyig\u00e9nyt<br \/>\n&#8211; Kiterjesztett dinamikatartom\u00e1ny \u00fczemm\u00f3d, hogy a vil\u00e1gos \u00e9s a s\u00f6t\u00e9t ter\u00fcletek r\u00e9szletei is l\u00e1that\u00f3ak legyenek<br \/>\n&#8211; Telep\u00edt\u00e9se egyszer\u0171 az automatikus zoom\/f\u00f3kusz\u00fa SR objekt\u00edvnek, a var\u00e1zsl\u00f3nak \u00e9s az el\u0151re konfigur\u00e1lt m\u00f3doknak k\u00f6sz\u00f6nhet\u0151en<br \/>\n&#8211; Content Based Imaging Technology<br \/>\n&#8211; Intelligens videotartalom-elemz\u00e9s<br \/>\n&#8211; Ter\u00fcletalap\u00fa k\u00f3dol\u00e1s<br \/>\n&#8211; \u00c1tviteli sebess\u00e9gre optimaliz\u00e1lt profil<br \/>\n&#8211; 4 stream<br \/>\n&#8211; Anal\u00f3g kimenet (Hibrid)<br \/>\n&#8211; E-PTZ<br \/>\n&#8211; K\u00e9tir\u00e1ny\u00fa hangkapcsolat<br \/>\n&#8211; MicroSD-k\u00e1rtyahely legfeljebb 2 TB<br \/>\n&#8211; Felh\u0151alap\u00fa \u00e9s FTP-szerver-szolg\u00e1ltat\u00e1s<br \/>\n&#8211; Automatikus k\u00e9pforgat\u00e1s a szerel\u00e9s egyszer\u0171s\u00edt\u00e9se \u00e9rdek\u00e9ben<br \/>\n&#8211; Adatbiztons\u00e1g fels\u0151 fokon<\/p>\n","protected":false},"excerpt":{"rendered":"<p>Rendel\u00e9si k\u00f3d: F.01U.314.808<\/p>\n","protected":false},"featured_media":1445,"template":"","meta":[],"product_brand":[],"product_cat":[345],"product_tag":[25],"class_list":{"0":"post-1454","1":"product","2":"type-product","3":"status-publish","4":"has-post-thumbnail","6":"product_cat-dom-kamerak","7":"product_tag-bosch","9":"first","10":"instock","11":"taxable","12":"shipping-taxable","13":"purchasable","14":"product-type-simple"},"jetpack_sharing_enabled":true,"_links":{"self":[{"href":"https:\/\/bpont.hu\/shop\/index.php\/wp-json\/wp\/v2\/product\/1454","targetHints":{"allow":["GET"]}}],"collection":[{"href":"https:\/\/bpont.hu\/shop\/index.php\/wp-json\/wp\/v2\/product"}],"about":[{"href":"https:\/\/bpont.hu\/shop\/index.php\/wp-json\/wp\/v2\/types\/product"}],"version-history":[{"count":5,"href":"https:\/\/bpont.hu\/shop\/index.php\/wp-json\/wp\/v2\/product\/1454\/revisions"}],"predecessor-version":[{"id":7710,"href":"https:\/\/bpont.hu\/shop\/index.php\/wp-json\/wp\/v2\/product\/1454\/revisions\/7710"}],"wp:featuredmedia":[{"embeddable":true,"href":"https:\/\/bpont.hu\/shop\/index.php\/wp-json\/wp\/v2\/media\/1445"}],"wp:attachment":[{"href":"https:\/\/bpont.hu\/shop\/index.php\/wp-json\/wp\/v2\/media?parent=1454"}],"wp:term":[{"taxonomy":"product_brand","embeddable":true,"href":"https:\/\/bpont.hu\/shop\/index.php\/wp-json\/wp\/v2\/product_brand?post=1454"},{"taxonomy":"product_cat","embeddable":true,"href":"https:\/\/bpont.hu\/shop\/index.php\/wp-json\/wp\/v2\/product_cat?post=1454"},{"taxonomy":"product_tag","embeddable":true,"href":"https:\/\/bpont.hu\/shop\/index.php\/wp-json\/wp\/v2\/product_tag?post=1454"}],"curies":[{"name":"wp","href":"https:\/\/api.w.org\/{rel}","templated":true}]}}