{"id":1447,"date":"2025-06-27T11:13:10","date_gmt":"2025-06-27T10:13:10","guid":{"rendered":"https:\/\/bpont.shop.hu\/?post_type=product&#038;p=1447"},"modified":"2026-03-11T16:39:34","modified_gmt":"2026-03-11T14:39:34","slug":"nin-63013-a3s-flexidome-ip-starlight-6000-vr-1mp-feluletre-szerelt-dom-kamera-3-9mm","status":"publish","type":"product","link":"https:\/\/bpont.hu\/shop\/index.php\/product\/nin-63013-a3s-flexidome-ip-starlight-6000-vr-1mp-feluletre-szerelt-dom-kamera-3-9mm\/","title":{"rendered":"NIN-63013-A3S<br>FLEXIDOME IP starlight 6000 VR 1MP fel\u00fcletre szerelt d\u00f3m kamera 3-9mm"},"content":{"rendered":"<p>NIN-63013-A3S<br \/>\nEz a kamera tiszta k\u00e9peket biztos\u00edt a h\u00e9t minden napj\u00e1n, 24 \u00f3r\u00e1ban \u2013 m\u00e9g \u00e9jjel vagy gyenge f\u00e9nyviszonyok mellett is.<br \/>\nA kiv\u00e9teles starlight \u00e9rz\u00e9kenys\u00e9g lehet\u0151v\u00e9 teszi, hogy a kamera minim\u00e1lis k\u00f6rnyezeti megvil\u00e1g\u00edt\u00e1s mellett is m\u0171k\u00f6dj\u00f6n. A kiterjesztett dinamikus \u00fczemm\u00f3d r\u00e9szletgazdag k\u00e9peket biztos\u00edt kedvez\u0151tlen f\u00e9nyviszonyok mellett is.<br \/>\nA kamera 1080p vagy 720p felbont\u00e1s\u00fa v\u00e1ltozatban kaphat\u00f3, \u00e9s ak\u00e1r 60 k\u00e9p\/m\u00e1sodperc k\u00e9palkot\u00e1si sebess\u00e9get is k\u00e9pes biztos\u00edtani.<br \/>\nAz eszt\u00e9tikus \u00e9s vand\u00e1lbiztos h\u00e1z r\u00e9v\u00e9n a kamera belt\u00e9ri \u00e9s k\u00fclt\u00e9ri haszn\u00e1latra egyar\u00e1nt alkalmas.<br \/>\nTulajdons\u00e1gok:<br \/>\n&#8211; Kiv\u00e1l\u00f3 teljes\u00edtm\u00e9ny rossz f\u00e9nyviszonyok k\u00f6z\u00f6tt is<br \/>\n&#8211; Be\u00e9p\u00edtett Essential Video Analytics rendszer a fontos riaszt\u00e1sok aktiv\u00e1l\u00e1s\u00e1hoz \u00e9s az adatok gyors lek\u00e9r\u00e9s\u00e9hez<br \/>\n&#8211; Az Intelligent Dynamic Noise Reduction rendszer ak\u00e1r 50%-kal is k\u00e9pes cs\u00f6kkenteni a s\u00e1vsz\u00e9less\u00e9g- \u00e9s t\u00e1rhelyig\u00e9nyt<br \/>\n&#8211; Kiterjesztett dinamikatartom\u00e1ny \u00fczemm\u00f3d, hogy a vil\u00e1gos \u00e9s a s\u00f6t\u00e9t ter\u00fcletek r\u00e9szletei is l\u00e1that\u00f3ak legyenek<br \/>\n&#8211; Telep\u00edt\u00e9se egyszer\u0171 az automatikus zoom\/f\u00f3kusz\u00fa SR objekt\u00edvnek, a var\u00e1zsl\u00f3nak \u00e9s az el\u0151re konfigur\u00e1lt m\u00f3doknak k\u00f6sz\u00f6nhet\u0151en<\/p>\n","protected":false},"excerpt":{"rendered":"<p>Rendel\u00e9si k\u00f3d: F.01U.314.809<\/p>\n","protected":false},"featured_media":1448,"template":"","meta":[],"product_brand":[],"product_cat":[345],"product_tag":[25],"class_list":{"0":"post-1447","1":"product","2":"type-product","3":"status-publish","4":"has-post-thumbnail","6":"product_cat-dom-kamerak","7":"product_tag-bosch","9":"first","10":"instock","11":"taxable","12":"shipping-taxable","13":"purchasable","14":"product-type-simple"},"jetpack_sharing_enabled":true,"_links":{"self":[{"href":"https:\/\/bpont.hu\/shop\/index.php\/wp-json\/wp\/v2\/product\/1447","targetHints":{"allow":["GET"]}}],"collection":[{"href":"https:\/\/bpont.hu\/shop\/index.php\/wp-json\/wp\/v2\/product"}],"about":[{"href":"https:\/\/bpont.hu\/shop\/index.php\/wp-json\/wp\/v2\/types\/product"}],"version-history":[{"count":5,"href":"https:\/\/bpont.hu\/shop\/index.php\/wp-json\/wp\/v2\/product\/1447\/revisions"}],"predecessor-version":[{"id":7707,"href":"https:\/\/bpont.hu\/shop\/index.php\/wp-json\/wp\/v2\/product\/1447\/revisions\/7707"}],"wp:featuredmedia":[{"embeddable":true,"href":"https:\/\/bpont.hu\/shop\/index.php\/wp-json\/wp\/v2\/media\/1448"}],"wp:attachment":[{"href":"https:\/\/bpont.hu\/shop\/index.php\/wp-json\/wp\/v2\/media?parent=1447"}],"wp:term":[{"taxonomy":"product_brand","embeddable":true,"href":"https:\/\/bpont.hu\/shop\/index.php\/wp-json\/wp\/v2\/product_brand?post=1447"},{"taxonomy":"product_cat","embeddable":true,"href":"https:\/\/bpont.hu\/shop\/index.php\/wp-json\/wp\/v2\/product_cat?post=1447"},{"taxonomy":"product_tag","embeddable":true,"href":"https:\/\/bpont.hu\/shop\/index.php\/wp-json\/wp\/v2\/product_tag?post=1447"}],"curies":[{"name":"wp","href":"https:\/\/api.w.org\/{rel}","templated":true}]}}