{"id":1395,"date":"2025-06-27T11:13:01","date_gmt":"2025-06-27T10:13:01","guid":{"rendered":"https:\/\/bpont.shop.hu\/?post_type=product&#038;p=1395"},"modified":"2026-05-05T14:46:07","modified_gmt":"2026-05-05T12:46:07","slug":"rfkf-tbs-wireless-keyfob-two-button-encrypted","status":"publish","type":"product","link":"https:\/\/bpont.hu\/shop\/index.php\/product\/rfkf-tbs-wireless-keyfob-two-button-encrypted\/","title":{"rendered":"RFKF-TBS<br>Radion t\u00e1vad\u00f3 2 gombos titkos\u00edtott"},"content":{"rendered":"<p>RFKF-TBS<\/p>\n<p>A Bosch RADION vezet\u00e9k n\u00e9lk\u00fcli megold\u00e1sai rugalmass\u00e1got \u00e9s kiv\u00e9teles elem\u00e9lettartamot garant\u00e1lnak a megb\u00edzhat\u00f3 m\u0171k\u00f6d\u00e9s \u00e9s a kiemelked\u0151 min\u0151s\u00e9g biztos\u00edt\u00e1sa \u00e9rdek\u00e9ben.<\/p>\n<p>A fejlett diagnosztika \u00e9s t\u00f6bbr\u00e9t\u0171 eszk\u00f6zbe\u00e1ll\u00edt\u00e1si lehet\u0151s\u00e9gek a telep\u00edt\u00e9st \u00e9s a karbantart\u00e1st egyszer\u0171v\u00e9 \u00e9s k\u00f6lts\u00e9ghat\u00e9konny\u00e1 teszik.<\/p>\n<p>Perif\u00e9ri\u00e1k eg\u00e9sz v\u00e1laszt\u00e9k\u00e1val rendelkezve a RADION gyakorlatilag b\u00e1rmilyen felhaszn\u00e1l\u00e1si ig\u00e9nyhez megfelel\u0151 rugalmass\u00e1ggal k\u00e9pes alkalmazkodni.<\/p>\n<p>A(z) RADION keyfob seg\u00edts\u00e9g\u00e9vel a biztons\u00e1gi rendszer \u00e9les\u00edthet\u0151 \u00e9s kikapcsolhat\u00f3, valamint p\u00e1nikriaszt\u00e1s k\u00fcldhet\u0151. Az egyedi k\u00f3dokkal programozott t\u00edpusok mindegyike k\u00fcl\u00f6n-k\u00fcl\u00f6n m\u0171k\u00f6dtethet\u0151 a kompatibilis biztons\u00e1gi rendszerrel. A n\u00e9gygombos v\u00e1ltozatn\u00e1l a k\u00e9t opci\u00f3gomb programozhat\u00f3 tov\u00e1bbi funkci\u00f3kra.<\/p>\n<p>Tulajdons\u00e1gok:<\/p>\n<p>&#8211; V\u00edz\u00e1ll\u00f3 \u00e9s porv\u00e9dett<\/p>\n<p>&#8211; \u00c9les\u00edt\u00e9si, hat\u00e1stalan\u00edt\u00e1si \u00e9s p\u00e1nik funkci\u00f3<\/p>\n<p>&#8211; A felhaszn\u00e1l\u00f3 \u00e1ltal kijel\u00f6lve a nyit\u00e1si \u00e9s z\u00e1r\u00e1si jelent\u00e9sek k\u00f6vet\u00e9s\u00e9re<\/p>\n<p>&#8211; LED-es kijelz\u0151<\/p>\n<p>&#8211; Programozhat\u00f3 opci\u00f3gombok (csak a n\u00e9gygombos t\u00edpusn\u00e1l)<\/p>\n<p>-DS vezet\u00e9kn\u00e9lk\u00fcli rendszerekkel is kompatibilis<\/p>\n<p>Kompatibilis k\u00f6zpontok:<\/p>\n<p>&#8211; AMAX 3000\/4000<\/p>\n<p>&#8211; B \/ G sorozat\u00fa k\u00f6zpontok<\/p>\n<p>&#8211; DS7400xi v4.1<\/p>\n<p>&#8211; DS7240<\/p>\n<p>&#8211; Solution Ultima<\/p>\n","protected":false},"excerpt":{"rendered":"<p>Rendel\u00e9si k\u00f3d: F.01U.384.608<\/p>\n","protected":false},"featured_media":975,"template":"","meta":[],"product_brand":[],"product_cat":[328],"product_tag":[25],"class_list":{"0":"post-1395","1":"product","2":"type-product","3":"status-publish","4":"has-post-thumbnail","6":"product_cat-bg-series","7":"product_tag-bosch","9":"first","10":"instock","11":"taxable","12":"shipping-taxable","13":"purchasable","14":"product-type-simple"},"jetpack_sharing_enabled":true,"_links":{"self":[{"href":"https:\/\/bpont.hu\/shop\/index.php\/wp-json\/wp\/v2\/product\/1395","targetHints":{"allow":["GET"]}}],"collection":[{"href":"https:\/\/bpont.hu\/shop\/index.php\/wp-json\/wp\/v2\/product"}],"about":[{"href":"https:\/\/bpont.hu\/shop\/index.php\/wp-json\/wp\/v2\/types\/product"}],"version-history":[{"count":4,"href":"https:\/\/bpont.hu\/shop\/index.php\/wp-json\/wp\/v2\/product\/1395\/revisions"}],"predecessor-version":[{"id":7687,"href":"https:\/\/bpont.hu\/shop\/index.php\/wp-json\/wp\/v2\/product\/1395\/revisions\/7687"}],"wp:featuredmedia":[{"embeddable":true,"href":"https:\/\/bpont.hu\/shop\/index.php\/wp-json\/wp\/v2\/media\/975"}],"wp:attachment":[{"href":"https:\/\/bpont.hu\/shop\/index.php\/wp-json\/wp\/v2\/media?parent=1395"}],"wp:term":[{"taxonomy":"product_brand","embeddable":true,"href":"https:\/\/bpont.hu\/shop\/index.php\/wp-json\/wp\/v2\/product_brand?post=1395"},{"taxonomy":"product_cat","embeddable":true,"href":"https:\/\/bpont.hu\/shop\/index.php\/wp-json\/wp\/v2\/product_cat?post=1395"},{"taxonomy":"product_tag","embeddable":true,"href":"https:\/\/bpont.hu\/shop\/index.php\/wp-json\/wp\/v2\/product_tag?post=1395"}],"curies":[{"name":"wp","href":"https:\/\/api.w.org\/{rel}","templated":true}]}}