{"id":1392,"date":"2025-06-27T11:13:01","date_gmt":"2025-06-27T10:13:01","guid":{"rendered":"https:\/\/bpont.shop.hu\/?post_type=product&#038;p=1392"},"modified":"2026-05-05T14:46:07","modified_gmt":"2026-05-05T12:46:07","slug":"isc-sk10-shock-sensor","status":"publish","type":"product","link":"https:\/\/bpont.hu\/shop\/index.php\/product\/isc-sk10-shock-sensor\/","title":{"rendered":"ISC-SK10<br>Shock Sensor"},"content":{"rendered":"<p>ISC-SK10<br \/>\nAz ISC-SK10 egy fejlett rezg\u00e9s\u00e9rz\u00e9kel\u0151, amely mechanikai t\u00e1mad\u00e1sok megfigyel\u00e9s\u00e9re \u00e9s kimutat\u00e1s\u00e1ra szolg\u00e1l. Az ISC-SK10 egyed\u00fcl\u00e1ll\u00f3 jellemz\u0151je az \u00d6n-tanul\u00e1s m\u00f3d.<br \/>\n\u00d6ntanul\u00e1si m\u00f3dban az \u00e9rz\u00e9kel\u0151 3 perces intervallumban r\u00f6gz\u00edti \u00e9s elemzi a szimul\u00e1lt rezg\u00e9sadatokat. A szimul\u00e1lt adatok alapj\u00e1n az \u00e9rz\u00e9kel\u0151 seg\u00edts\u00e9get ny\u00fajt a megfelel\u0151 \u00e9rz\u00e9kenys\u00e9gi szint be\u00e1ll\u00edt\u00e1s\u00e1hoz.<br \/>\nTulajdons\u00e1gok:<br \/>\n&#8211; Intelligens 3 Dimenzi\u00f3s rezg\u00e9s\u00e9rz\u00e9kel\u00e9s<br \/>\n&#8211; Saj\u00e1t tanul\u00e1si m\u00f3d<br \/>\n&#8211; K\u00e9t sz\u00edn\u0171 LED-kijelz\u0151<br \/>\n&#8211; \u00c1ll\u00edthat\u00f3 \u00e9rz\u00e9kenys\u00e9g<br \/>\n&#8211; Karcs\u00fa kialak\u00edt\u00e1s a k\u00f6nny\u0171 telep\u00edt\u00e9shez<\/p>\n","protected":false},"excerpt":{"rendered":"<p>Rendel\u00e9si k\u00f3d: F.01U.306.235<\/p>\n","protected":false},"featured_media":1393,"template":"","meta":[],"product_brand":[],"product_cat":[334],"product_tag":[25],"class_list":{"0":"post-1392","1":"product","2":"type-product","3":"status-publish","4":"has-post-thumbnail","6":"product_cat-rezges-erzekelok","7":"product_tag-bosch","9":"first","10":"instock","11":"taxable","12":"shipping-taxable","13":"purchasable","14":"product-type-simple"},"jetpack_sharing_enabled":true,"_links":{"self":[{"href":"https:\/\/bpont.hu\/shop\/index.php\/wp-json\/wp\/v2\/product\/1392","targetHints":{"allow":["GET"]}}],"collection":[{"href":"https:\/\/bpont.hu\/shop\/index.php\/wp-json\/wp\/v2\/product"}],"about":[{"href":"https:\/\/bpont.hu\/shop\/index.php\/wp-json\/wp\/v2\/types\/product"}],"version-history":[{"count":5,"href":"https:\/\/bpont.hu\/shop\/index.php\/wp-json\/wp\/v2\/product\/1392\/revisions"}],"predecessor-version":[{"id":7686,"href":"https:\/\/bpont.hu\/shop\/index.php\/wp-json\/wp\/v2\/product\/1392\/revisions\/7686"}],"wp:featuredmedia":[{"embeddable":true,"href":"https:\/\/bpont.hu\/shop\/index.php\/wp-json\/wp\/v2\/media\/1393"}],"wp:attachment":[{"href":"https:\/\/bpont.hu\/shop\/index.php\/wp-json\/wp\/v2\/media?parent=1392"}],"wp:term":[{"taxonomy":"product_brand","embeddable":true,"href":"https:\/\/bpont.hu\/shop\/index.php\/wp-json\/wp\/v2\/product_brand?post=1392"},{"taxonomy":"product_cat","embeddable":true,"href":"https:\/\/bpont.hu\/shop\/index.php\/wp-json\/wp\/v2\/product_cat?post=1392"},{"taxonomy":"product_tag","embeddable":true,"href":"https:\/\/bpont.hu\/shop\/index.php\/wp-json\/wp\/v2\/product_tag?post=1392"}],"curies":[{"name":"wp","href":"https:\/\/api.w.org\/{rel}","templated":true}]}}