{"id":1386,"date":"2025-06-27T11:13:00","date_gmt":"2025-06-27T10:13:00","guid":{"rendered":"https:\/\/bpont.shop.hu\/?post_type=product&#038;p=1386"},"modified":"2026-05-05T14:46:06","modified_gmt":"2026-05-05T12:46:06","slug":"ds936-alacsony-profilu-mennyezeti-passziv-mozgaserzekelo-360-x-75m","status":"publish","type":"product","link":"https:\/\/bpont.hu\/shop\/index.php\/product\/ds936-alacsony-profilu-mennyezeti-passziv-mozgaserzekelo-360-x-75m\/","title":{"rendered":"DS936<br>Alacsony profil\u00fa mennyezeti passz\u00edv mozg\u00e1s\u00e9rz\u00e9kel\u0151 360\u00b0 x 75m"},"content":{"rendered":"<p>DS936<br \/>\nA mennyezetre szerelhet\u0151, alacsony profil\u00fa panor\u00e1ma DS936 PIR \u00e9rz\u00e9kel\u0151 alternat\u00edv polarit\u00e1si impulzussz\u00e1mot haszn\u00e1l. A c\u00e9lzhat\u00f3 Fresnel lencs\u00e9t ak\u00e1r 7,5 m (24 l\u00e1b) lefedetts\u00e9g el\u00e9r\u00e9s\u00e9re is haszn\u00e1lhat\u00f3, \u00e9s fel lehet szerelni fel\u00fcletre, k\u00f6zvetlen\u00fcl a mennyezetre vagy egy szabv\u00e1nyos nyolcsz\u00f6glet\u0171 elektromos dobozra.<br \/>\nTulajdons\u00e1gok:<br \/>\n&#8211; Tov\u00e1bbfejlesztett jelfeldolgoz\u00e1s<br \/>\n&#8211; 360 \u00b0 x 7,5 m (24 l\u00e1b)<br \/>\n&#8211; Fel\u00fclet \/ f\u00e9lig s\u00fclyesztett szerel\u00e9s<br \/>\n&#8211; Bels\u0151 \u00e1ll\u00edt\u00e1si lehet\u0151s\u00e9g<br \/>\n&#8211; T\u00f6m\u00edtett \u00e9rz\u00e9kel\u0151 burkolat<\/p>\n","protected":false},"excerpt":{"rendered":"<p>Rendel\u00e9si k\u00f3d: F.01U.414.142<\/p>\n","protected":false},"featured_media":1387,"template":"","meta":[],"product_brand":[],"product_cat":[331],"product_tag":[25],"class_list":{"0":"post-1386","1":"product","2":"type-product","3":"status-publish","4":"has-post-thumbnail","6":"product_cat-mozgaserzekelok","7":"product_tag-bosch","9":"first","10":"instock","11":"taxable","12":"shipping-taxable","13":"purchasable","14":"product-type-simple"},"jetpack_sharing_enabled":true,"_links":{"self":[{"href":"https:\/\/bpont.hu\/shop\/index.php\/wp-json\/wp\/v2\/product\/1386","targetHints":{"allow":["GET"]}}],"collection":[{"href":"https:\/\/bpont.hu\/shop\/index.php\/wp-json\/wp\/v2\/product"}],"about":[{"href":"https:\/\/bpont.hu\/shop\/index.php\/wp-json\/wp\/v2\/types\/product"}],"version-history":[{"count":5,"href":"https:\/\/bpont.hu\/shop\/index.php\/wp-json\/wp\/v2\/product\/1386\/revisions"}],"predecessor-version":[{"id":7684,"href":"https:\/\/bpont.hu\/shop\/index.php\/wp-json\/wp\/v2\/product\/1386\/revisions\/7684"}],"wp:featuredmedia":[{"embeddable":true,"href":"https:\/\/bpont.hu\/shop\/index.php\/wp-json\/wp\/v2\/media\/1387"}],"wp:attachment":[{"href":"https:\/\/bpont.hu\/shop\/index.php\/wp-json\/wp\/v2\/media?parent=1386"}],"wp:term":[{"taxonomy":"product_brand","embeddable":true,"href":"https:\/\/bpont.hu\/shop\/index.php\/wp-json\/wp\/v2\/product_brand?post=1386"},{"taxonomy":"product_cat","embeddable":true,"href":"https:\/\/bpont.hu\/shop\/index.php\/wp-json\/wp\/v2\/product_cat?post=1386"},{"taxonomy":"product_tag","embeddable":true,"href":"https:\/\/bpont.hu\/shop\/index.php\/wp-json\/wp\/v2\/product_tag?post=1386"}],"curies":[{"name":"wp","href":"https:\/\/api.w.org\/{rel}","templated":true}]}}