{"id":1380,"date":"2025-06-27T11:12:58","date_gmt":"2025-06-27T10:12:58","guid":{"rendered":"https:\/\/bpont.shop.hu\/?post_type=product&#038;p=1380"},"modified":"2026-03-11T16:39:32","modified_gmt":"2026-03-11T14:39:32","slug":"4998013609c20-smartkey-nyitaserzekelohoz-keszlet-a-feluleti-szereleshez","status":"publish","type":"product","link":"https:\/\/bpont.hu\/shop\/index.php\/product\/4998013609c20-smartkey-nyitaserzekelohoz-keszlet-a-feluleti-szereleshez\/","title":{"rendered":"4998013609C20<br>SmartKey nyit\u00e1s\u00e9rz\u00e9kel\u0151h\u00f6z K\u00e9szlet a fel\u00fcleti szerel\u00e9shez"},"content":{"rendered":"<p>4998013609C20<\/p>\n","protected":false},"excerpt":{"rendered":"<p>Rendel\u00e9si k\u00f3d: 4.998.013.609.C20<\/p>\n","protected":false},"featured_media":1381,"template":"","meta":[],"product_brand":[],"product_cat":[336],"product_tag":[25],"class_list":{"0":"post-1380","1":"product","2":"type-product","3":"status-publish","4":"has-post-thumbnail","6":"product_cat-lsn-erzekelok","7":"product_tag-bosch","9":"first","10":"instock","11":"taxable","12":"shipping-taxable","13":"purchasable","14":"product-type-simple"},"jetpack_sharing_enabled":true,"_links":{"self":[{"href":"https:\/\/bpont.hu\/shop\/index.php\/wp-json\/wp\/v2\/product\/1380","targetHints":{"allow":["GET"]}}],"collection":[{"href":"https:\/\/bpont.hu\/shop\/index.php\/wp-json\/wp\/v2\/product"}],"about":[{"href":"https:\/\/bpont.hu\/shop\/index.php\/wp-json\/wp\/v2\/types\/product"}],"version-history":[{"count":5,"href":"https:\/\/bpont.hu\/shop\/index.php\/wp-json\/wp\/v2\/product\/1380\/revisions"}],"predecessor-version":[{"id":7682,"href":"https:\/\/bpont.hu\/shop\/index.php\/wp-json\/wp\/v2\/product\/1380\/revisions\/7682"}],"wp:featuredmedia":[{"embeddable":true,"href":"https:\/\/bpont.hu\/shop\/index.php\/wp-json\/wp\/v2\/media\/1381"}],"wp:attachment":[{"href":"https:\/\/bpont.hu\/shop\/index.php\/wp-json\/wp\/v2\/media?parent=1380"}],"wp:term":[{"taxonomy":"product_brand","embeddable":true,"href":"https:\/\/bpont.hu\/shop\/index.php\/wp-json\/wp\/v2\/product_brand?post=1380"},{"taxonomy":"product_cat","embeddable":true,"href":"https:\/\/bpont.hu\/shop\/index.php\/wp-json\/wp\/v2\/product_cat?post=1380"},{"taxonomy":"product_tag","embeddable":true,"href":"https:\/\/bpont.hu\/shop\/index.php\/wp-json\/wp\/v2\/product_tag?post=1380"}],"curies":[{"name":"wp","href":"https:\/\/api.w.org\/{rel}","templated":true}]}}