{"id":1363,"date":"2025-06-27T11:12:57","date_gmt":"2025-06-27T10:12:57","guid":{"rendered":"https:\/\/bpont.shop.hu\/?post_type=product&#038;p=1363"},"modified":"2026-03-11T16:39:32","modified_gmt":"2026-03-11T14:39:32","slug":"solo100-hosszabito-rud-erzekelo-eltavolito-szerszamhoz-1-3-38m","status":"publish","type":"product","link":"https:\/\/bpont.hu\/shop\/index.php\/product\/solo100-hosszabito-rud-erzekelo-eltavolito-szerszamhoz-1-3-38m\/","title":{"rendered":"SOLO100<br>Hosszabb\u00edt\u00f3 r\u00fad \u00e9rz\u00e9kel\u0151 elt\u00e1vol\u00edt\u00f3 szersz\u00e1mhoz &#8211; 1 &#8211; 3.38m"},"content":{"rendered":"<p>SOLO100<br \/>\nA SOLO100 teleszk\u00f3pos eszk\u00f6z lehet\u0151v\u00e9 teszi a t\u0171zjelz\u0151 \u00e9rz\u00e9kel\u0151k magas, mennyezeten t\u00f6rt\u00e9n\u0151 cser\u00e9j\u00e9t. Legfeljebb h\u00e1rom SOLO101-el b\u0151v\u00edthet\u0151.<br \/>\nA teleszk\u00f3pos eszk\u00f6z ellen\u00e1ll a nagyfesz\u00fclts\u00e9g\u0171 helyzeteknek. Megfelel a BS EN 61235 12. sz. k\u00f6vetelm\u00e9nyeinek, 20 kV-os fesz\u00fclts\u00e9gig.<\/p>\n","protected":false},"excerpt":{"rendered":"<p>Rendel\u00e9si k\u00f3d: 4.998.112.069<\/p>\n","protected":false},"featured_media":1364,"template":"","meta":[],"product_brand":[],"product_cat":[344],"product_tag":[25],"class_list":{"0":"post-1363","1":"product","2":"type-product","3":"status-publish","4":"has-post-thumbnail","6":"product_cat-karbantartasi-eszkozok-es-szerszamok","7":"product_tag-bosch","9":"first","10":"instock","11":"taxable","12":"shipping-taxable","13":"purchasable","14":"product-type-simple"},"jetpack_sharing_enabled":true,"_links":{"self":[{"href":"https:\/\/bpont.hu\/shop\/index.php\/wp-json\/wp\/v2\/product\/1363","targetHints":{"allow":["GET"]}}],"collection":[{"href":"https:\/\/bpont.hu\/shop\/index.php\/wp-json\/wp\/v2\/product"}],"about":[{"href":"https:\/\/bpont.hu\/shop\/index.php\/wp-json\/wp\/v2\/types\/product"}],"version-history":[{"count":5,"href":"https:\/\/bpont.hu\/shop\/index.php\/wp-json\/wp\/v2\/product\/1363\/revisions"}],"predecessor-version":[{"id":7676,"href":"https:\/\/bpont.hu\/shop\/index.php\/wp-json\/wp\/v2\/product\/1363\/revisions\/7676"}],"wp:featuredmedia":[{"embeddable":true,"href":"https:\/\/bpont.hu\/shop\/index.php\/wp-json\/wp\/v2\/media\/1364"}],"wp:attachment":[{"href":"https:\/\/bpont.hu\/shop\/index.php\/wp-json\/wp\/v2\/media?parent=1363"}],"wp:term":[{"taxonomy":"product_brand","embeddable":true,"href":"https:\/\/bpont.hu\/shop\/index.php\/wp-json\/wp\/v2\/product_brand?post=1363"},{"taxonomy":"product_cat","embeddable":true,"href":"https:\/\/bpont.hu\/shop\/index.php\/wp-json\/wp\/v2\/product_cat?post=1363"},{"taxonomy":"product_tag","embeddable":true,"href":"https:\/\/bpont.hu\/shop\/index.php\/wp-json\/wp\/v2\/product_tag?post=1363"}],"curies":[{"name":"wp","href":"https:\/\/api.w.org\/{rel}","templated":true}]}}