{"id":1360,"date":"2025-06-27T11:12:56","date_gmt":"2025-06-27T10:12:56","guid":{"rendered":"https:\/\/bpont.shop.hu\/?post_type=product&#038;p=1360"},"modified":"2026-03-11T16:39:32","modified_gmt":"2026-03-11T14:39:32","slug":"solo200-erzekelo-eltavolito-szerszam-rud-nelkul","status":"publish","type":"product","link":"https:\/\/bpont.hu\/shop\/index.php\/product\/solo200-erzekelo-eltavolito-szerszam-rud-nelkul\/","title":{"rendered":"SOLO200<br>\u00c9rz\u00e9kel\u0151 elt\u00e1vol\u00edt\u00f3 szersz\u00e1m r\u00fad n\u00e9lk\u00fcl"},"content":{"rendered":"<p>SOLO200<br \/>\nA hajl\u00e9kony szor\u00edt\u00f3elemekkel h\u00e1rom k\u00fcl\u00f6nb\u00f6z\u0151 \u00e1tm\u00e9r\u0151h\u00f6z be\u00e1ll\u00edthat\u00f3, univerz\u00e1lis \u00e9rz\u00e9kel\u0151-cser\u00e9l\u0151 szersz\u00e1m, mely a legt\u00f6bb t\u0171z\u00e9rz\u00e9kel\u0151 aljzatba illeszt\u00e9s\u00e9re \u00e9s elt\u00e1vol\u00edt\u00e1s\u00e1ra alkalmas.<\/p>\n","protected":false},"excerpt":{"rendered":"<p>Rendel\u00e9si k\u00f3d: 4.998.112.113<\/p>\n","protected":false},"featured_media":1361,"template":"","meta":[],"product_brand":[],"product_cat":[344],"product_tag":[25],"class_list":{"0":"post-1360","1":"product","2":"type-product","3":"status-publish","4":"has-post-thumbnail","6":"product_cat-karbantartasi-eszkozok-es-szerszamok","7":"product_tag-bosch","9":"first","10":"instock","11":"taxable","12":"shipping-taxable","13":"purchasable","14":"product-type-simple"},"jetpack_sharing_enabled":true,"_links":{"self":[{"href":"https:\/\/bpont.hu\/shop\/index.php\/wp-json\/wp\/v2\/product\/1360","targetHints":{"allow":["GET"]}}],"collection":[{"href":"https:\/\/bpont.hu\/shop\/index.php\/wp-json\/wp\/v2\/product"}],"about":[{"href":"https:\/\/bpont.hu\/shop\/index.php\/wp-json\/wp\/v2\/types\/product"}],"version-history":[{"count":5,"href":"https:\/\/bpont.hu\/shop\/index.php\/wp-json\/wp\/v2\/product\/1360\/revisions"}],"predecessor-version":[{"id":7675,"href":"https:\/\/bpont.hu\/shop\/index.php\/wp-json\/wp\/v2\/product\/1360\/revisions\/7675"}],"wp:featuredmedia":[{"embeddable":true,"href":"https:\/\/bpont.hu\/shop\/index.php\/wp-json\/wp\/v2\/media\/1361"}],"wp:attachment":[{"href":"https:\/\/bpont.hu\/shop\/index.php\/wp-json\/wp\/v2\/media?parent=1360"}],"wp:term":[{"taxonomy":"product_brand","embeddable":true,"href":"https:\/\/bpont.hu\/shop\/index.php\/wp-json\/wp\/v2\/product_brand?post=1360"},{"taxonomy":"product_cat","embeddable":true,"href":"https:\/\/bpont.hu\/shop\/index.php\/wp-json\/wp\/v2\/product_cat?post=1360"},{"taxonomy":"product_tag","embeddable":true,"href":"https:\/\/bpont.hu\/shop\/index.php\/wp-json\/wp\/v2\/product_tag?post=1360"}],"curies":[{"name":"wp","href":"https:\/\/api.w.org\/{rel}","templated":true}]}}