{"id":1354,"date":"2025-06-27T11:12:54","date_gmt":"2025-06-27T10:12:54","guid":{"rendered":"https:\/\/bpont.shop.hu\/?post_type=product&#038;p=1354"},"modified":"2026-03-11T16:39:32","modified_gmt":"2026-03-11T14:39:32","slug":"solo330-teszter-optikai-fusterzekelokhoz","status":"publish","type":"product","link":"https:\/\/bpont.hu\/shop\/index.php\/product\/solo330-teszter-optikai-fusterzekelokhoz\/","title":{"rendered":"SOLO330<br>Teszter optikai f\u00fcst\u00e9rz\u00e9kel\u0151kh\u00f6z"},"content":{"rendered":"<p>SOLO330<br \/>\nEllen\u0151rz\u0151 eszk\u00f6z optikai f\u00fcst\u00e9rz\u00e9kel\u0151kh\u00f6z, az O- \u00e9s C \u00e9rz\u00e9kel\u0151k tesztel\u00e9s\u00e9re.<\/p>\n","protected":false},"excerpt":{"rendered":"<p>Rendel\u00e9si k\u00f3d: 4.998.112.071<\/p>\n","protected":false},"featured_media":1355,"template":"","meta":[],"product_brand":[],"product_cat":[344],"product_tag":[25],"class_list":{"0":"post-1354","1":"product","2":"type-product","3":"status-publish","4":"has-post-thumbnail","6":"product_cat-karbantartasi-eszkozok-es-szerszamok","7":"product_tag-bosch","9":"first","10":"instock","11":"taxable","12":"shipping-taxable","13":"purchasable","14":"product-type-simple"},"jetpack_sharing_enabled":true,"_links":{"self":[{"href":"https:\/\/bpont.hu\/shop\/index.php\/wp-json\/wp\/v2\/product\/1354","targetHints":{"allow":["GET"]}}],"collection":[{"href":"https:\/\/bpont.hu\/shop\/index.php\/wp-json\/wp\/v2\/product"}],"about":[{"href":"https:\/\/bpont.hu\/shop\/index.php\/wp-json\/wp\/v2\/types\/product"}],"version-history":[{"count":5,"href":"https:\/\/bpont.hu\/shop\/index.php\/wp-json\/wp\/v2\/product\/1354\/revisions"}],"predecessor-version":[{"id":7673,"href":"https:\/\/bpont.hu\/shop\/index.php\/wp-json\/wp\/v2\/product\/1354\/revisions\/7673"}],"wp:featuredmedia":[{"embeddable":true,"href":"https:\/\/bpont.hu\/shop\/index.php\/wp-json\/wp\/v2\/media\/1355"}],"wp:attachment":[{"href":"https:\/\/bpont.hu\/shop\/index.php\/wp-json\/wp\/v2\/media?parent=1354"}],"wp:term":[{"taxonomy":"product_brand","embeddable":true,"href":"https:\/\/bpont.hu\/shop\/index.php\/wp-json\/wp\/v2\/product_brand?post=1354"},{"taxonomy":"product_cat","embeddable":true,"href":"https:\/\/bpont.hu\/shop\/index.php\/wp-json\/wp\/v2\/product_cat?post=1354"},{"taxonomy":"product_tag","embeddable":true,"href":"https:\/\/bpont.hu\/shop\/index.php\/wp-json\/wp\/v2\/product_tag?post=1354"}],"curies":[{"name":"wp","href":"https:\/\/api.w.org\/{rel}","templated":true}]}}