{"id":1351,"date":"2025-06-27T11:12:54","date_gmt":"2025-06-27T10:12:54","guid":{"rendered":"https:\/\/bpont.shop.hu\/?post_type=product&#038;p=1351"},"modified":"2026-03-11T16:39:32","modified_gmt":"2026-03-11T14:39:32","slug":"solo461-hoerzekelo-teszter-kabel-nelkul","status":"publish","type":"product","link":"https:\/\/bpont.hu\/shop\/index.php\/product\/solo461-hoerzekelo-teszter-kabel-nelkul\/","title":{"rendered":"SOLO461<br>H\u0151\u00e9rz\u00e9kel\u0151 teszter k\u00e1bel n\u00e9lk\u00fcl"},"content":{"rendered":"<p>SOLO461<br \/>\nAz \u00e1tl\u00e1tsz\u00f3 tesztkamra tiszt\u00e1n l\u00e1that\u00f3v\u00e1 teszi a tesztelt \u00e9rz\u00e9kel\u0151 LED-kijelz\u0151j\u00e9t.<br \/>\nK\u00e9tperces tesztel\u00e9st k\u00f6vet\u0151en a tesztberendez\u00e9s automatikusan kikapcsol, megakad\u00e1lyozva ezzel az \u00e9rz\u00e9kel\u0151 t\u00falhev\u00fcl\u00e9s\u00e9t.<br \/>\nTulajdons\u00e1gok:<br \/>\n&#8211; \u00dczem\u00e1llapot jelz\u0151 t\u00f6bbsz\u00edn\u0171 LED-del<br \/>\n&#8211; Automatikus \u00e9rz\u00e9kel\u0151-felismer\u00e9s infrav\u00f6r\u00f6s \u00e9rz\u00e9kel\u0151kkel<br \/>\n&#8211; Automatikus kikapcsol\u00e1s 5 perc ut\u00e1n<br \/>\n&#8211; Automatikus kikapcsol\u00e1s akkumul\u00e1tor-t\u00falfesz\u00fclts\u00e9g eset\u00e9n<\/p>\n","protected":false},"excerpt":{"rendered":"<p>Rendel\u00e9si k\u00f3d: F.01U.363.162<\/p>\n","protected":false},"featured_media":1352,"template":"","meta":[],"product_brand":[],"product_cat":[344],"product_tag":[25],"class_list":{"0":"post-1351","1":"product","2":"type-product","3":"status-publish","4":"has-post-thumbnail","6":"product_cat-karbantartasi-eszkozok-es-szerszamok","7":"product_tag-bosch","9":"first","10":"instock","11":"taxable","12":"shipping-taxable","13":"purchasable","14":"product-type-simple"},"jetpack_sharing_enabled":true,"_links":{"self":[{"href":"https:\/\/bpont.hu\/shop\/index.php\/wp-json\/wp\/v2\/product\/1351","targetHints":{"allow":["GET"]}}],"collection":[{"href":"https:\/\/bpont.hu\/shop\/index.php\/wp-json\/wp\/v2\/product"}],"about":[{"href":"https:\/\/bpont.hu\/shop\/index.php\/wp-json\/wp\/v2\/types\/product"}],"version-history":[{"count":5,"href":"https:\/\/bpont.hu\/shop\/index.php\/wp-json\/wp\/v2\/product\/1351\/revisions"}],"predecessor-version":[{"id":7672,"href":"https:\/\/bpont.hu\/shop\/index.php\/wp-json\/wp\/v2\/product\/1351\/revisions\/7672"}],"wp:featuredmedia":[{"embeddable":true,"href":"https:\/\/bpont.hu\/shop\/index.php\/wp-json\/wp\/v2\/media\/1352"}],"wp:attachment":[{"href":"https:\/\/bpont.hu\/shop\/index.php\/wp-json\/wp\/v2\/media?parent=1351"}],"wp:term":[{"taxonomy":"product_brand","embeddable":true,"href":"https:\/\/bpont.hu\/shop\/index.php\/wp-json\/wp\/v2\/product_brand?post=1351"},{"taxonomy":"product_cat","embeddable":true,"href":"https:\/\/bpont.hu\/shop\/index.php\/wp-json\/wp\/v2\/product_cat?post=1351"},{"taxonomy":"product_tag","embeddable":true,"href":"https:\/\/bpont.hu\/shop\/index.php\/wp-json\/wp\/v2\/product_tag?post=1351"}],"curies":[{"name":"wp","href":"https:\/\/api.w.org\/{rel}","templated":true}]}}