{"id":1336,"date":"2025-06-27T11:12:52","date_gmt":"2025-06-27T10:12:52","guid":{"rendered":"https:\/\/bpont.shop.hu\/?post_type=product&#038;p=1336"},"modified":"2026-05-05T14:46:06","modified_gmt":"2026-05-05T12:46:06","slug":"el1141-b0b-bh-ethernet-uvegszal-konverter-single-mode","status":"publish","type":"product","link":"https:\/\/bpont.hu\/shop\/index.php\/product\/el1141-b0b-bh-ethernet-uvegszal-konverter-single-mode\/","title":{"rendered":"EL1141-B0B-BH<br>Ethernet-\u00dcvegsz\u00e1l Konverter (Single mode)"},"content":{"rendered":"<p>EL1141-B0B-BH<br \/>\nAZ Ethernet optikai k\u00e1bel \u00e1talak\u00edt\u00f3 az elektromos eszk\u00f6z automatiz\u00e1l\u00e1s\u00e1ra haszn\u00e1lhat\u00f3, \u00e9s t\u00e1mogatja a 10\/100 Mb\/s teljes \u00e9s f\u00e9l duplex, Auto-Negotiation, Auto-MDI\/MDIX lehet\u0151s\u00e9geket.<br \/>\nAz \u00e1talak\u00edt\u00f3 megfelel az IEC61850-3, IEEE1613 \u00e9s EN50121-4 szabv\u00e1nyoknak.<br \/>\nTulajdons\u00e1gok:<br \/>\n&#8211; DIP kapcsol\u00f3 konfigur\u00e1ci\u00f3 a \u201eLink-Fault-Pass- Through\u201d megold\u00e1shoz, kapcsolat megsz\u0171ntriaszt\u00e1s, sebess\u00e9g, duplex m\u00f3d<br \/>\n&#8211; 768 Kbit puffer mem\u00f3ria<br \/>\n&#8211; Teljes k\u00e1belsebess\u00e9g\u0171 tov\u00e1bb\u00edt\u00e1si ar\u00e1ny<br \/>\n&#8211; Rel\u00e9kimeneti riaszt\u00e1sok a t\u00e1p- \u00e9s portkapcsolat hib\u00e1k eset\u00e9n<br \/>\n&#8211; Redund\u00e1ns t\u00e1pbemenetek<\/p>\n","protected":false},"excerpt":{"rendered":"<p>Rendel\u00e9si k\u00f3d: F.01U.265.643<\/p>\n","protected":false},"featured_media":1337,"template":"","meta":[],"product_brand":[],"product_cat":[313],"product_tag":[25],"class_list":{"0":"post-1336","1":"product","2":"type-product","3":"status-publish","4":"has-post-thumbnail","6":"product_cat-kozpont-modulok-hazak-tartozekok","7":"product_tag-bosch","9":"first","10":"instock","11":"taxable","12":"shipping-taxable","13":"product-type-simple"},"jetpack_sharing_enabled":true,"_links":{"self":[{"href":"https:\/\/bpont.hu\/shop\/index.php\/wp-json\/wp\/v2\/product\/1336","targetHints":{"allow":["GET"]}}],"collection":[{"href":"https:\/\/bpont.hu\/shop\/index.php\/wp-json\/wp\/v2\/product"}],"about":[{"href":"https:\/\/bpont.hu\/shop\/index.php\/wp-json\/wp\/v2\/types\/product"}],"version-history":[{"count":5,"href":"https:\/\/bpont.hu\/shop\/index.php\/wp-json\/wp\/v2\/product\/1336\/revisions"}],"predecessor-version":[{"id":7667,"href":"https:\/\/bpont.hu\/shop\/index.php\/wp-json\/wp\/v2\/product\/1336\/revisions\/7667"}],"wp:featuredmedia":[{"embeddable":true,"href":"https:\/\/bpont.hu\/shop\/index.php\/wp-json\/wp\/v2\/media\/1337"}],"wp:attachment":[{"href":"https:\/\/bpont.hu\/shop\/index.php\/wp-json\/wp\/v2\/media?parent=1336"}],"wp:term":[{"taxonomy":"product_brand","embeddable":true,"href":"https:\/\/bpont.hu\/shop\/index.php\/wp-json\/wp\/v2\/product_brand?post=1336"},{"taxonomy":"product_cat","embeddable":true,"href":"https:\/\/bpont.hu\/shop\/index.php\/wp-json\/wp\/v2\/product_cat?post=1336"},{"taxonomy":"product_tag","embeddable":true,"href":"https:\/\/bpont.hu\/shop\/index.php\/wp-json\/wp\/v2\/product_tag?post=1336"}],"curies":[{"name":"wp","href":"https:\/\/api.w.org\/{rel}","templated":true}]}}