{"id":1333,"date":"2025-06-27T11:12:52","date_gmt":"2025-06-27T10:12:52","guid":{"rendered":"https:\/\/bpont.shop.hu\/?post_type=product&#038;p=1333"},"modified":"2026-03-11T16:39:32","modified_gmt":"2026-03-11T14:39:32","slug":"pmf-0002-a-tapegyseg-haz-kozepes-keretes-szerelesu","status":"publish","type":"product","link":"https:\/\/bpont.hu\/shop\/index.php\/product\/pmf-0002-a-tapegyseg-haz-kozepes-keretes-szerelesu\/","title":{"rendered":"PMF 0002 A<br>T\u00e1pegys\u00e9g-h\u00e1z k\u00f6zepes keretes szerel\u00e9s\u0171"},"content":{"rendered":"<p>PMF 0002 A<br \/>\nA keretre szerelhet\u0151 h\u00e1zak az arra alkalmas szerel\u0151keretekre helyezhet\u0151k, a szerel\u00e9shez \u00e9s jav\u00edt\u00e1shoz kiford\u00edthat\u00f3k. A k\u00e1belek bevezet\u00e9s\u00e9re szolg\u00e1l\u00f3 kereteket a falfel\u00fcletre csavarozhat\u00f3k. A fel\u00fcletre szerelt v\u00e1ltozat helyett egyedi szerel\u0151k\u00e9szletek seg\u00edts\u00e9g\u00e9vel a 482,6 mm-es (19&#8243;) rack-szekr\u00e9nybe szerelhet\u0151. A keretre szerelhet\u0151 h\u00e1zban 12 V\/45 Ah akkumul\u00e1torok haszn\u00e1lhat\u00f3k. A modul\u00e1ris rendszer r\u00e9v\u00e9n a szerelv\u00e9ny k\u00f6nnyenb\u0151v\u00edthet\u0151.<\/p>\n<p>PSF 0002 A vagy PMF 0004 t\u00e1pegys\u00e9gh\u00e1zak kett\u0151, illetve n\u00e9gy 12 V\/45 Ah-s akkumul\u00e1torhoz \u00e9s egykieg\u00e9sz\u00edt\u0151 t\u00e1pegys\u00e9ghez haszn\u00e1lhat\u00f3.<\/p>\n","protected":false},"excerpt":{"rendered":"<p>Rendel\u00e9si k\u00f3d: F.01U.511.306<\/p>\n","protected":false},"featured_media":1334,"template":"","meta":[],"product_brand":[],"product_cat":[313],"product_tag":[25],"class_list":{"0":"post-1333","1":"product","2":"type-product","3":"status-publish","4":"has-post-thumbnail","6":"product_cat-kozpont-modulok-hazak-tartozekok","7":"product_tag-bosch","9":"first","10":"instock","11":"taxable","12":"shipping-taxable","13":"purchasable","14":"product-type-simple"},"jetpack_sharing_enabled":true,"_links":{"self":[{"href":"https:\/\/bpont.hu\/shop\/index.php\/wp-json\/wp\/v2\/product\/1333","targetHints":{"allow":["GET"]}}],"collection":[{"href":"https:\/\/bpont.hu\/shop\/index.php\/wp-json\/wp\/v2\/product"}],"about":[{"href":"https:\/\/bpont.hu\/shop\/index.php\/wp-json\/wp\/v2\/types\/product"}],"version-history":[{"count":5,"href":"https:\/\/bpont.hu\/shop\/index.php\/wp-json\/wp\/v2\/product\/1333\/revisions"}],"predecessor-version":[{"id":7666,"href":"https:\/\/bpont.hu\/shop\/index.php\/wp-json\/wp\/v2\/product\/1333\/revisions\/7666"}],"wp:featuredmedia":[{"embeddable":true,"href":"https:\/\/bpont.hu\/shop\/index.php\/wp-json\/wp\/v2\/media\/1334"}],"wp:attachment":[{"href":"https:\/\/bpont.hu\/shop\/index.php\/wp-json\/wp\/v2\/media?parent=1333"}],"wp:term":[{"taxonomy":"product_brand","embeddable":true,"href":"https:\/\/bpont.hu\/shop\/index.php\/wp-json\/wp\/v2\/product_brand?post=1333"},{"taxonomy":"product_cat","embeddable":true,"href":"https:\/\/bpont.hu\/shop\/index.php\/wp-json\/wp\/v2\/product_cat?post=1333"},{"taxonomy":"product_tag","embeddable":true,"href":"https:\/\/bpont.hu\/shop\/index.php\/wp-json\/wp\/v2\/product_tag?post=1333"}],"curies":[{"name":"wp","href":"https:\/\/api.w.org\/{rel}","templated":true}]}}