{"id":1322,"date":"2025-06-27T11:12:48","date_gmt":"2025-06-27T10:12:48","guid":{"rendered":"https:\/\/bpont.shop.hu\/?post_type=product&#038;p=1322"},"modified":"2026-03-11T16:39:32","modified_gmt":"2026-03-11T14:39:32","slug":"icp-map5000-com-map5000-kozpontvezerlo-ip-kummunikacioval","status":"publish","type":"product","link":"https:\/\/bpont.hu\/shop\/index.php\/product\/icp-map5000-com-map5000-kozpontvezerlo-ip-kummunikacioval\/","title":{"rendered":"ICP-MAP5000-COM<br>MAP5000 k\u00f6zpontvez\u00e9rl\u0151 IP kommunik\u00e1ci\u00f3val"},"content":{"rendered":"<p>ICP-MAP5000-COM<\/p>\n","protected":false},"excerpt":{"rendered":"<p>Rendel\u00e9si k\u00f3d: F.01U.289.149<\/p>\n","protected":false},"featured_media":1323,"template":"","meta":[],"product_brand":[],"product_cat":[329],"product_tag":[25],"class_list":{"0":"post-1322","1":"product","2":"type-product","3":"status-publish","4":"has-post-thumbnail","6":"product_cat-map5000","7":"product_tag-bosch","9":"first","10":"instock","11":"taxable","12":"shipping-taxable","13":"purchasable","14":"product-type-simple"},"jetpack_sharing_enabled":true,"_links":{"self":[{"href":"https:\/\/bpont.hu\/shop\/index.php\/wp-json\/wp\/v2\/product\/1322","targetHints":{"allow":["GET"]}}],"collection":[{"href":"https:\/\/bpont.hu\/shop\/index.php\/wp-json\/wp\/v2\/product"}],"about":[{"href":"https:\/\/bpont.hu\/shop\/index.php\/wp-json\/wp\/v2\/types\/product"}],"version-history":[{"count":5,"href":"https:\/\/bpont.hu\/shop\/index.php\/wp-json\/wp\/v2\/product\/1322\/revisions"}],"predecessor-version":[{"id":7662,"href":"https:\/\/bpont.hu\/shop\/index.php\/wp-json\/wp\/v2\/product\/1322\/revisions\/7662"}],"wp:featuredmedia":[{"embeddable":true,"href":"https:\/\/bpont.hu\/shop\/index.php\/wp-json\/wp\/v2\/media\/1323"}],"wp:attachment":[{"href":"https:\/\/bpont.hu\/shop\/index.php\/wp-json\/wp\/v2\/media?parent=1322"}],"wp:term":[{"taxonomy":"product_brand","embeddable":true,"href":"https:\/\/bpont.hu\/shop\/index.php\/wp-json\/wp\/v2\/product_brand?post=1322"},{"taxonomy":"product_cat","embeddable":true,"href":"https:\/\/bpont.hu\/shop\/index.php\/wp-json\/wp\/v2\/product_cat?post=1322"},{"taxonomy":"product_tag","embeddable":true,"href":"https:\/\/bpont.hu\/shop\/index.php\/wp-json\/wp\/v2\/product_tag?post=1322"}],"curies":[{"name":"wp","href":"https:\/\/api.w.org\/{rel}","templated":true}]}}