{"id":1319,"date":"2025-06-27T11:12:48","date_gmt":"2025-06-27T10:12:48","guid":{"rendered":"https:\/\/bpont.shop.hu\/?post_type=product&#038;p=1319"},"modified":"2026-03-11T16:39:31","modified_gmt":"2026-03-11T14:39:31","slug":"fme-420-lsn-ttl-lsn-improved-test-tool","status":"publish","type":"product","link":"https:\/\/bpont.hu\/shop\/index.php\/product\/fme-420-lsn-ttl-lsn-improved-test-tool\/","title":{"rendered":"FME-420-LSN-TTL<br>LSN improved Test Tool"},"content":{"rendered":"<p>FME-420-LSN-TTL<br \/>\nAz eszk\u00f6z leteszteli, hogy a  busz (LSN \u00e9s LSN javult) \u00e9s a buszhoz csatlakoztatott perif\u00e9ri\u00e1s elemek megfelel\u0151en vannak-e be\u00e1ll\u00edtva \u00e9s m\u0171k\u00f6dnek. Az LSN \u00e9s a perif\u00e9ria-elemek  hurokban, \u00e1gban vagy a T-el\u00e1gaz\u00e1sban l\u00e9v\u0151 vezet\u00e9kek \u00e9s\/vagy az eszk\u00f6z\u00f6k hib\u00e1it k\u00e9pes azonos\u00edtani.<br \/>\nAz al\u00e1bbi k\u00f6zponti vez\u00e9rl\u0151kh\u00f6z fel\u00e9p\u00edtett buszok teztelhet\u0151k:<br \/>\na vizsg\u00e1lati eszk\u00f6zzel tesztelni kell:<br \/>\n&#8211; FPA-5000 modul\u00e1ris t\u0171zjelz\u0151 panel<br \/>\n&#8211; FPA-1200 t\u0171zjelz\u0151 k\u00f6zpont<br \/>\n&#8211; BZ 500 t\u0171zjelz\u0151 k\u00f6zpont<br \/>\n&#8211; UEZ 2000 Hold-Up \u00e9s biztons\u00e1gi rendszer<br \/>\n&#8211; UEZ 1000 T\u0171zjelz\u0151, Hold-Up \u00e9s Riaszt\u00f3 rendszer<br \/>\n&#8211; NZ 300 Hold-Up \u00e9s  Riaszt\u00f3 rendszer<br \/>\n&#8211; MAP 5000 Hold-Up \u00e9s  Riaszt\u00f3 rendszer<br \/>\n&#8211; UGM-2020 univerz\u00e1lis  Fel\u00fcgyeleti rendszer<\/p>\n","protected":false},"excerpt":{"rendered":"<p>Rendel\u00e9si k\u00f3d: F.01U.169.803<\/p>\n","protected":false},"featured_media":1320,"template":"","meta":[],"product_brand":[],"product_cat":[344],"product_tag":[25],"class_list":{"0":"post-1319","1":"product","2":"type-product","3":"status-publish","4":"has-post-thumbnail","6":"product_cat-karbantartasi-eszkozok-es-szerszamok","7":"product_tag-bosch","9":"first","10":"instock","11":"taxable","12":"shipping-taxable","13":"purchasable","14":"product-type-simple"},"jetpack_sharing_enabled":true,"_links":{"self":[{"href":"https:\/\/bpont.hu\/shop\/index.php\/wp-json\/wp\/v2\/product\/1319","targetHints":{"allow":["GET"]}}],"collection":[{"href":"https:\/\/bpont.hu\/shop\/index.php\/wp-json\/wp\/v2\/product"}],"about":[{"href":"https:\/\/bpont.hu\/shop\/index.php\/wp-json\/wp\/v2\/types\/product"}],"version-history":[{"count":5,"href":"https:\/\/bpont.hu\/shop\/index.php\/wp-json\/wp\/v2\/product\/1319\/revisions"}],"predecessor-version":[{"id":7661,"href":"https:\/\/bpont.hu\/shop\/index.php\/wp-json\/wp\/v2\/product\/1319\/revisions\/7661"}],"wp:featuredmedia":[{"embeddable":true,"href":"https:\/\/bpont.hu\/shop\/index.php\/wp-json\/wp\/v2\/media\/1320"}],"wp:attachment":[{"href":"https:\/\/bpont.hu\/shop\/index.php\/wp-json\/wp\/v2\/media?parent=1319"}],"wp:term":[{"taxonomy":"product_brand","embeddable":true,"href":"https:\/\/bpont.hu\/shop\/index.php\/wp-json\/wp\/v2\/product_brand?post=1319"},{"taxonomy":"product_cat","embeddable":true,"href":"https:\/\/bpont.hu\/shop\/index.php\/wp-json\/wp\/v2\/product_cat?post=1319"},{"taxonomy":"product_tag","embeddable":true,"href":"https:\/\/bpont.hu\/shop\/index.php\/wp-json\/wp\/v2\/product_tag?post=1319"}],"curies":[{"name":"wp","href":"https:\/\/api.w.org\/{rel}","templated":true}]}}