{"id":1298,"date":"2025-06-27T11:12:46","date_gmt":"2025-06-27T10:12:46","guid":{"rendered":"https:\/\/bpont.shop.hu\/?post_type=product&#038;p=1298"},"modified":"2026-03-11T16:39:31","modified_gmt":"2026-03-11T14:39:31","slug":"fmc-spgl-rw-potuveg-rw-sorozatu-kezi-jeladohoz","status":"publish","type":"product","link":"https:\/\/bpont.hu\/shop\/index.php\/product\/fmc-spgl-rw-potuveg-rw-sorozatu-kezi-jeladohoz\/","title":{"rendered":"FMC-SPGL-RW<br>P\u00f3t\u00fcveg RW sorozat\u00fa k\u00e9zi jelad\u00f3hoz"},"content":{"rendered":"<p>FMC-SPGL-RW<\/p>\n","protected":false},"excerpt":{"rendered":"<p>Rendel\u00e9si k\u00f3d: F.01U.013.504<\/p>\n","protected":false},"featured_media":1299,"template":"","meta":[],"product_brand":[],"product_cat":[343],"product_tag":[25],"class_list":{"0":"post-1298","1":"product","2":"type-product","3":"status-publish","4":"has-post-thumbnail","6":"product_cat-lsn-lsni-kezi-jelzesadok","7":"product_tag-bosch","9":"first","10":"instock","11":"taxable","12":"shipping-taxable","13":"purchasable","14":"product-type-simple"},"jetpack_sharing_enabled":true,"_links":{"self":[{"href":"https:\/\/bpont.hu\/shop\/index.php\/wp-json\/wp\/v2\/product\/1298","targetHints":{"allow":["GET"]}}],"collection":[{"href":"https:\/\/bpont.hu\/shop\/index.php\/wp-json\/wp\/v2\/product"}],"about":[{"href":"https:\/\/bpont.hu\/shop\/index.php\/wp-json\/wp\/v2\/types\/product"}],"version-history":[{"count":5,"href":"https:\/\/bpont.hu\/shop\/index.php\/wp-json\/wp\/v2\/product\/1298\/revisions"}],"predecessor-version":[{"id":7654,"href":"https:\/\/bpont.hu\/shop\/index.php\/wp-json\/wp\/v2\/product\/1298\/revisions\/7654"}],"wp:featuredmedia":[{"embeddable":true,"href":"https:\/\/bpont.hu\/shop\/index.php\/wp-json\/wp\/v2\/media\/1299"}],"wp:attachment":[{"href":"https:\/\/bpont.hu\/shop\/index.php\/wp-json\/wp\/v2\/media?parent=1298"}],"wp:term":[{"taxonomy":"product_brand","embeddable":true,"href":"https:\/\/bpont.hu\/shop\/index.php\/wp-json\/wp\/v2\/product_brand?post=1298"},{"taxonomy":"product_cat","embeddable":true,"href":"https:\/\/bpont.hu\/shop\/index.php\/wp-json\/wp\/v2\/product_cat?post=1298"},{"taxonomy":"product_tag","embeddable":true,"href":"https:\/\/bpont.hu\/shop\/index.php\/wp-json\/wp\/v2\/product_tag?post=1298"}],"curies":[{"name":"wp","href":"https:\/\/api.w.org\/{rel}","templated":true}]}}