{"id":1262,"date":"2025-06-27T11:12:40","date_gmt":"2025-06-27T10:12:40","guid":{"rendered":"https:\/\/bpont.shop.hu\/?post_type=product&#038;p=1262"},"modified":"2026-03-11T16:39:30","modified_gmt":"2026-03-11T14:39:30","slug":"fmc-420rw-gsgbu-lsni-kezi-jelzesado-belteri-uvegtoros-kek","status":"publish","type":"product","link":"https:\/\/bpont.hu\/shop\/index.php\/product\/fmc-420rw-gsgbu-lsni-kezi-jelzesado-belteri-uvegtoros-kek\/","title":{"rendered":"FMC-420RW-GSGBU<br>LSNi K\u00e9zi jelz\u00e9sad\u00f3 belt\u00e9ri \u00fcvegt\u00f6r\u0151s k\u00e9k"},"content":{"rendered":"<p>FMC-420RW-GSGBU<br \/>\nEgym\u0171veletes, \u00fcvegablakos k\u00e9zi jelz\u00e9sad\u00f3.<br \/>\nAz FMC\u2011420RW egym\u0171veletes k\u00e9zi jelz\u00e9sad\u00f3k egyar\u00e1nt haszn\u00e1lhat\u00f3k k\u00e9zi ind\u00edt\u00e1shoz a helyi biztons\u00e1gi h\u00e1l\u00f3zatban (LSN) \u00e9s az LSN improved verzi\u00f3hoz.<br \/>\nHa megnyomja a fekete jel\u00f6l\u00e9st (1), az bet\u00f6ri az \u00fcvegablakot (3), ami riaszt\u00e1st v\u00e1lt ki, \u00e9s a LED (2)<br \/>\nvillogni kezd.<br \/>\nAz egym\u0171veletes k\u00e9zi jelz\u00e9sad\u00f3k a tesztkulccsal \u00e9s az \u00fcvegablak (3) visszahelyez\u00e9s\u00e9vel alaphelyzetbe \u00e1ll\u00edthat\u00f3k.<br \/>\nA LED-kijelz\u0151 (2) nem vil\u00e1g\u00edt tov\u00e1bb.<br \/>\nTulajdons\u00e1gok:<br \/>\n&#8211; Riaszt\u00e1s kiv\u00e1lt\u00e1sa a fekete jel megnyom\u00e1s\u00e1val vagy az \u00fcvegablak bet\u00f6r\u00e9s\u00e9vel<br \/>\n&#8211; S\u00e9r\u00fcl\u00e9s elleni v\u00e9delem, f\u00f3li\u00e1zott \u00fcvegablakkal<br \/>\n&#8211; LED-kijelz\u0151 az eszk\u00f6z riaszt\u00e1si vagy tesztriaszt\u00e1si \u00e1llapot\u00e1nak megjelen\u00edt\u00e9s\u00e9hez<br \/>\n&#8211; Egyedi jelz\u00e9sad\u00f3-azonos\u00edt\u00e1s<br \/>\n&#8211; Jelz\u00e9sad\u00f3-lek\u00e9rdez\u0151 rutinok ki\u00e9rt\u00e9kel\u00e9ssel \u00e9s t\u00f6bbsz\u00f6r\u00f6s jel\u00e1tvitellel<\/p>\n","protected":false},"excerpt":{"rendered":"<p>Rendel\u00e9si k\u00f3d: F.01U.012.707<\/p>\n","protected":false},"featured_media":1263,"template":"","meta":[],"product_brand":[],"product_cat":[343],"product_tag":[25],"class_list":{"0":"post-1262","1":"product","2":"type-product","3":"status-publish","4":"has-post-thumbnail","6":"product_cat-lsn-lsni-kezi-jelzesadok","7":"product_tag-bosch","9":"first","10":"instock","11":"taxable","12":"shipping-taxable","13":"purchasable","14":"product-type-simple"},"jetpack_sharing_enabled":true,"_links":{"self":[{"href":"https:\/\/bpont.hu\/shop\/index.php\/wp-json\/wp\/v2\/product\/1262","targetHints":{"allow":["GET"]}}],"collection":[{"href":"https:\/\/bpont.hu\/shop\/index.php\/wp-json\/wp\/v2\/product"}],"about":[{"href":"https:\/\/bpont.hu\/shop\/index.php\/wp-json\/wp\/v2\/types\/product"}],"version-history":[{"count":5,"href":"https:\/\/bpont.hu\/shop\/index.php\/wp-json\/wp\/v2\/product\/1262\/revisions"}],"predecessor-version":[{"id":7639,"href":"https:\/\/bpont.hu\/shop\/index.php\/wp-json\/wp\/v2\/product\/1262\/revisions\/7639"}],"wp:featuredmedia":[{"embeddable":true,"href":"https:\/\/bpont.hu\/shop\/index.php\/wp-json\/wp\/v2\/media\/1263"}],"wp:attachment":[{"href":"https:\/\/bpont.hu\/shop\/index.php\/wp-json\/wp\/v2\/media?parent=1262"}],"wp:term":[{"taxonomy":"product_brand","embeddable":true,"href":"https:\/\/bpont.hu\/shop\/index.php\/wp-json\/wp\/v2\/product_brand?post=1262"},{"taxonomy":"product_cat","embeddable":true,"href":"https:\/\/bpont.hu\/shop\/index.php\/wp-json\/wp\/v2\/product_cat?post=1262"},{"taxonomy":"product_tag","embeddable":true,"href":"https:\/\/bpont.hu\/shop\/index.php\/wp-json\/wp\/v2\/product_tag?post=1262"}],"curies":[{"name":"wp","href":"https:\/\/api.w.org\/{rel}","templated":true}]}}